{"id":11650,"date":"2022-12-31T09:04:31","date_gmt":"2022-12-31T09:04:31","guid":{"rendered":"https:\/\/kroisosnumismatic.com\/hakkimizda-2\/"},"modified":"2024-08-29T18:52:23","modified_gmt":"2024-08-29T18:52:23","slug":"hakkimizda-2","status":"publish","type":"page","link":"https:\/\/kroisosnumismatic.com\/tr\/hakkimizda-2\/","title":{"rendered":"Hakk\u0131m\u0131zda"},"content":{"rendered":"\t\t<div data-elementor-type=\"wp-page\" data-elementor-id=\"11650\" class=\"elementor elementor-11650 elementor-11646\">\n\t\t\t\t\t\t<section class=\"elementor-section elementor-top-section elementor-element elementor-element-024fe64 elementor-reverse-tablet elementor-reverse-mobile elementor-section-boxed elementor-section-height-default elementor-section-height-default wd-section-disabled\" data-id=\"024fe64\" data-element_type=\"section\" data-e-type=\"section\">\n\t\t\t\t\t\t<div class=\"elementor-container elementor-column-gap-default\">\n\t\t\t\t\t<div class=\"elementor-column elementor-col-50 elementor-top-column elementor-element elementor-element-b9ffbd0\" data-id=\"b9ffbd0\" data-element_type=\"column\" data-e-type=\"column\">\n\t\t\t<div class=\"elementor-widget-wrap elementor-element-populated\">\n\t\t\t\t\t\t<div class=\"elementor-element elementor-element-2ad7352 elementor-widget elementor-widget-wd_title\" data-id=\"2ad7352\" data-element_type=\"widget\" data-e-type=\"widget\" data-widget_type=\"wd_title.default\">\n\t\t\t\t<div class=\"elementor-widget-container\">\n\t\t\t\t\t\t\t<div class=\"title-wrapper set-mb-s reset-last-child wd-title-color-primary wd-title-style-default wd-title-size-large text-left\">\n\n\t\t\t\t\t\t\t<div class=\"title-subtitle subtitle-color-primary subtitle-style-default wd-fontsize-xs\">\n\t\t\t\t\tKroisos Numsmatische\t\t\t\t<\/div>\n\t\t\t\n\t\t\t<div class=\"liner-continer\">\n\t\t\t\t<h4 class=\"woodmart-title-container title wd-fontsize-xxl\">Handwerkzeuge 1915<\/h4> \n\t\t\t\t\t\t\t<\/div>\n\n\t\t\t\t\t<\/div>\n\t\t\t\t\t\t<\/div>\n\t\t\t\t<\/div>\n\t\t\t\t<div class=\"elementor-element elementor-element-2f77d37 elementor-widget elementor-widget-wd_text_block\" data-id=\"2f77d37\" data-element_type=\"widget\" data-e-type=\"widget\" data-widget_type=\"wd_text_block.default\">\n\t\t\t\t<div class=\"elementor-widget-container\">\n\t\t\t\t\t\t\t<div class=\"wd-text-block reset-last-child text-left\">\n\t\t\t\n\t\t\t<p>Kroisos Lab, restorasyon ve konservasyon \u00fcr\u00fcnleri alan\u0131nda y\u00fcksek kaliteli \u00fcr\u00fcnler geli\u015ftirmek ve \u00fcretmek amac\u0131yla 1994 y\u0131l\u0131nda kurulmu\u015ftur. Uzun y\u0131llar devam eden ARGE ve \u00dcRGE \u00e7al\u0131\u015fmalar\u0131 sonucunda elde edilen \u00fcr\u00fcnlerle, t\u00fcketici, uluslararas\u0131 platformda hizmet vermektedir.<\/p>\n\t\t\t\t\t<\/div>\n\t\t\t\t\t\t<\/div>\n\t\t\t\t<\/div>\n\t\t\t\t\t<\/div>\n\t\t<\/div>\n\t\t\t\t<div class=\"elementor-column elementor-col-50 elementor-top-column elementor-element elementor-element-e3d7dfc\" data-id=\"e3d7dfc\" data-element_type=\"column\" data-e-type=\"column\">\n\t\t\t<div class=\"elementor-widget-wrap elementor-element-populated\">\n\t\t\t\t\t\t<div class=\"elementor-element elementor-element-0d3a4f8 elementor-widget elementor-widget-wd_image_or_svg\" data-id=\"0d3a4f8\" data-element_type=\"widget\" data-e-type=\"widget\" data-widget_type=\"wd_image_or_svg.default\">\n\t\t\t\t<div class=\"elementor-widget-container\">\n\t\t\t\t\t\n\t\t<div class=\"wd-image text-left\">\n\t\t\t\t\t\t\t\t<img fetchpriority=\"high\" decoding=\"async\" width=\"586\" height=\"391\" src=\"https:\/\/i0.wp.com\/kroisosnumismatic.com\/wp-content\/uploads\/2022\/12\/at-the-laboratory-2021-08-29-16-32-51-utc-scaled-e1724879414691.jpg?fit=586%2C391&amp;ssl=1\" class=\"attachment-full size-full\" alt=\"\" srcset=\"https:\/\/i0.wp.com\/kroisosnumismatic.com\/wp-content\/uploads\/2022\/12\/at-the-laboratory-2021-08-29-16-32-51-utc-scaled-e1724879414691.jpg?w=586&amp;ssl=1 586w, https:\/\/i0.wp.com\/kroisosnumismatic.com\/wp-content\/uploads\/2022\/12\/at-the-laboratory-2021-08-29-16-32-51-utc-scaled-e1724879414691.jpg?resize=400%2C267&amp;ssl=1 400w, https:\/\/i0.wp.com\/kroisosnumismatic.com\/wp-content\/uploads\/2022\/12\/at-the-laboratory-2021-08-29-16-32-51-utc-scaled-e1724879414691.jpg?resize=430%2C287&amp;ssl=1 430w, https:\/\/i0.wp.com\/kroisosnumismatic.com\/wp-content\/uploads\/2022\/12\/at-the-laboratory-2021-08-29-16-32-51-utc-scaled-e1724879414691.jpg?resize=150%2C100&amp;ssl=1 150w\" sizes=\"(max-width: 586px) 100vw, 586px\" \/>\t\t\t\t\t<\/div>\n\n\t\t\t\t\t\t<\/div>\n\t\t\t\t<\/div>\n\t\t\t\t\t<\/div>\n\t\t<\/div>\n\t\t\t\t\t<\/div>\n\t\t<\/section>\n\t\t\t\t<section class=\"elementor-section elementor-top-section elementor-element elementor-element-91ad80a elementor-reverse-tablet elementor-reverse-mobile elementor-section-boxed elementor-section-height-default elementor-section-height-default wd-section-disabled\" data-id=\"91ad80a\" data-element_type=\"section\" data-e-type=\"section\">\n\t\t\t\t\t\t<div class=\"elementor-container elementor-column-gap-default\">\n\t\t\t\t\t<div class=\"elementor-column elementor-col-50 elementor-top-column elementor-element elementor-element-4f505ed\" data-id=\"4f505ed\" data-element_type=\"column\" data-e-type=\"column\">\n\t\t\t<div class=\"elementor-widget-wrap elementor-element-populated\">\n\t\t\t\t\t\t<div class=\"elementor-element elementor-element-dfc94a9 elementor-widget elementor-widget-wd_image_or_svg\" data-id=\"dfc94a9\" data-element_type=\"widget\" data-e-type=\"widget\" data-widget_type=\"wd_image_or_svg.default\">\n\t\t\t\t<div class=\"elementor-widget-container\">\n\t\t\t\t\t\n\t\t<div class=\"wd-image text-left\">\n\t\t\t\t\t\t\t\t<img decoding=\"async\" width=\"568\" height=\"379\" src=\"https:\/\/i0.wp.com\/kroisosnumismatic.com\/wp-content\/uploads\/2022\/12\/background-of-chemical-production-2021-09-24-04-16-55-utc-scaled-e1724879338138.jpg?fit=568%2C379&amp;ssl=1\" class=\"attachment-full size-full\" alt=\"\" srcset=\"https:\/\/i0.wp.com\/kroisosnumismatic.com\/wp-content\/uploads\/2022\/12\/background-of-chemical-production-2021-09-24-04-16-55-utc-scaled-e1724879338138.jpg?w=568&amp;ssl=1 568w, https:\/\/i0.wp.com\/kroisosnumismatic.com\/wp-content\/uploads\/2022\/12\/background-of-chemical-production-2021-09-24-04-16-55-utc-scaled-e1724879338138.jpg?resize=400%2C267&amp;ssl=1 400w, https:\/\/i0.wp.com\/kroisosnumismatic.com\/wp-content\/uploads\/2022\/12\/background-of-chemical-production-2021-09-24-04-16-55-utc-scaled-e1724879338138.jpg?resize=430%2C287&amp;ssl=1 430w, https:\/\/i0.wp.com\/kroisosnumismatic.com\/wp-content\/uploads\/2022\/12\/background-of-chemical-production-2021-09-24-04-16-55-utc-scaled-e1724879338138.jpg?resize=150%2C100&amp;ssl=1 150w\" sizes=\"(max-width: 568px) 100vw, 568px\" \/>\t\t\t\t\t<\/div>\n\n\t\t\t\t\t\t<\/div>\n\t\t\t\t<\/div>\n\t\t\t\t\t<\/div>\n\t\t<\/div>\n\t\t\t\t<div class=\"elementor-column elementor-col-50 elementor-top-column elementor-element elementor-element-d143e51\" data-id=\"d143e51\" data-element_type=\"column\" data-e-type=\"column\">\n\t\t\t<div class=\"elementor-widget-wrap elementor-element-populated\">\n\t\t\t\t\t\t<div class=\"elementor-element elementor-element-fdeaa37 elementor-widget elementor-widget-wd_title\" data-id=\"fdeaa37\" data-element_type=\"widget\" data-e-type=\"widget\" data-widget_type=\"wd_title.default\">\n\t\t\t\t<div class=\"elementor-widget-container\">\n\t\t\t\t\t\t\t<div class=\"title-wrapper set-mb-s reset-last-child wd-title-color-primary wd-title-style-default wd-title-size-large text-left\">\n\n\t\t\t\t\t\t\t<div class=\"title-subtitle subtitle-color-primary subtitle-style-default wd-fontsize-xs\">\n\t\t\t\t\tKroisos Numsmatische\t\t\t\t<\/div>\n\t\t\t\n\t\t\t<div class=\"liner-continer\">\n\t\t\t\t<h4 class=\"woodmart-title-container title wd-fontsize-xxl\">Handwerkzeuge 1915<\/h4> \n\t\t\t\t\t\t\t<\/div>\n\n\t\t\t\t\t<\/div>\n\t\t\t\t\t\t<\/div>\n\t\t\t\t<\/div>\n\t\t\t\t<div class=\"elementor-element elementor-element-d8fa95e elementor-widget elementor-widget-wd_text_block\" data-id=\"d8fa95e\" data-element_type=\"widget\" data-e-type=\"widget\" data-widget_type=\"wd_text_block.default\">\n\t\t\t\t<div class=\"elementor-widget-container\">\n\t\t\t\t\t\t\t<div class=\"wd-text-block reset-last-child text-left\">\n\t\t\t\n\t\t\t<p>T\u00fcm \u00fcr\u00fcnlerimiz Almanya laboratuvarlar\u0131m\u0131zda geli\u015ftirilmektedir. \u201c\u00c7evresel S\u00fcrd\u00fcr\u00fclebilirlik\u201d yakla\u015f\u0131m\u0131 ile yeni \u00fcr\u00fcnler tasarlamakta ve \u00fcretimini sa\u011flamaktad\u0131r. Tak\u0131m arkada\u015flar\u0131m\u0131z, her \u00fcr\u00fcn ve \u00e7\u00f6z\u00fcm\u00fcm\u00fcz\u00fcn tasar\u0131m a\u015famas\u0131nda, ilgili t\u00fcm standart ve gereklilikleri itina ile inceler, hammadde halinden bertaraf\u0131na kadar ge\u00e7en s\u00fcre\u00e7te g\u00fcvenli, verimli ve do\u011faya sayg\u0131l\u0131 bir \u00e7\u00f6z\u00fcm olmas\u0131 ad\u0131na t\u00fcm standart ve gereklilikleri uygularlar. <\/p>\n\t\t\t\t\t<\/div>\n\t\t\t\t\t\t<\/div>\n\t\t\t\t<\/div>\n\t\t\t\t\t<\/div>\n\t\t<\/div>\n\t\t\t\t\t<\/div>\n\t\t<\/section>\n\t\t\t\t<section class=\"elementor-section elementor-top-section elementor-element elementor-element-df13ef1 elementor-reverse-tablet elementor-reverse-mobile elementor-section-boxed elementor-section-height-default elementor-section-height-default wd-section-disabled\" data-id=\"df13ef1\" data-element_type=\"section\" data-e-type=\"section\">\n\t\t\t\t\t\t<div class=\"elementor-container elementor-column-gap-default\">\n\t\t\t\t\t<div class=\"elementor-column elementor-col-50 elementor-top-column elementor-element elementor-element-65940e6\" data-id=\"65940e6\" data-element_type=\"column\" data-e-type=\"column\">\n\t\t\t<div class=\"elementor-widget-wrap elementor-element-populated\">\n\t\t\t\t\t\t<div class=\"elementor-element elementor-element-c90d72e elementor-widget elementor-widget-wd_title\" data-id=\"c90d72e\" data-element_type=\"widget\" data-e-type=\"widget\" data-widget_type=\"wd_title.default\">\n\t\t\t\t<div class=\"elementor-widget-container\">\n\t\t\t\t\t\t\t<div class=\"title-wrapper set-mb-s reset-last-child wd-title-color-primary wd-title-style-default wd-title-size-large text-left\">\n\n\t\t\t\t\t\t\t<div class=\"title-subtitle subtitle-color-primary subtitle-style-default wd-fontsize-xs\">\n\t\t\t\t\tKroisos Numsmatische\t\t\t\t<\/div>\n\t\t\t\n\t\t\t<div class=\"liner-continer\">\n\t\t\t\t<h4 class=\"woodmart-title-container title wd-fontsize-xxl\">Handwerkzeuge 1915<\/h4> \n\t\t\t\t\t\t\t<\/div>\n\n\t\t\t\t\t<\/div>\n\t\t\t\t\t\t<\/div>\n\t\t\t\t<\/div>\n\t\t\t\t<div class=\"elementor-element elementor-element-7c56f5a elementor-widget elementor-widget-wd_text_block\" data-id=\"7c56f5a\" data-element_type=\"widget\" data-e-type=\"widget\" data-widget_type=\"wd_text_block.default\">\n\t\t\t\t<div class=\"elementor-widget-container\">\n\t\t\t\t\t\t\t<div class=\"wd-text-block reset-last-child text-left\">\n\t\t\t\n\t\t\t<p>KroisosLab, \u00fcr\u00fcnlerini \u00f6zellikle \u00fcretildi\u011fi ko\u015fullarda da y\u00fcksek standartlar\u0131 hedeflemektedir.<\/p>\n\t\t\t\t\t<\/div>\n\t\t\t\t\t\t<\/div>\n\t\t\t\t<\/div>\n\t\t\t\t\t<\/div>\n\t\t<\/div>\n\t\t\t\t<div class=\"elementor-column elementor-col-50 elementor-top-column elementor-element elementor-element-5533afc\" data-id=\"5533afc\" data-element_type=\"column\" data-e-type=\"column\">\n\t\t\t<div class=\"elementor-widget-wrap elementor-element-populated\">\n\t\t\t\t\t\t<div class=\"elementor-element elementor-element-d21f27f elementor-widget elementor-widget-wd_image_or_svg\" data-id=\"d21f27f\" data-element_type=\"widget\" data-e-type=\"widget\" data-widget_type=\"wd_image_or_svg.default\">\n\t\t\t\t<div class=\"elementor-widget-container\">\n\t\t\t\t\t\n\t\t<div class=\"wd-image text-left\">\n\t\t\t\t\t\t\t\t<img decoding=\"async\" width=\"606\" height=\"405\" src=\"https:\/\/i0.wp.com\/kroisosnumismatic.com\/wp-content\/uploads\/2022\/12\/numismatics-expert-examines-a-collection-of-coins-2022-07-14-23-19-23-utc-e1724878991173.jpg?fit=606%2C405&amp;ssl=1\" class=\"attachment-full size-full\" alt=\"\" srcset=\"https:\/\/i0.wp.com\/kroisosnumismatic.com\/wp-content\/uploads\/2022\/12\/numismatics-expert-examines-a-collection-of-coins-2022-07-14-23-19-23-utc-e1724878991173.jpg?w=606&amp;ssl=1 606w, https:\/\/i0.wp.com\/kroisosnumismatic.com\/wp-content\/uploads\/2022\/12\/numismatics-expert-examines-a-collection-of-coins-2022-07-14-23-19-23-utc-e1724878991173.jpg?resize=400%2C267&amp;ssl=1 400w, https:\/\/i0.wp.com\/kroisosnumismatic.com\/wp-content\/uploads\/2022\/12\/numismatics-expert-examines-a-collection-of-coins-2022-07-14-23-19-23-utc-e1724878991173.jpg?resize=430%2C287&amp;ssl=1 430w, https:\/\/i0.wp.com\/kroisosnumismatic.com\/wp-content\/uploads\/2022\/12\/numismatics-expert-examines-a-collection-of-coins-2022-07-14-23-19-23-utc-e1724878991173.jpg?resize=150%2C100&amp;ssl=1 150w\" sizes=\"(max-width: 606px) 100vw, 606px\" \/>\t\t\t\t\t<\/div>\n\n\t\t\t\t\t\t<\/div>\n\t\t\t\t<\/div>\n\t\t\t\t\t<\/div>\n\t\t<\/div>\n\t\t\t\t\t<\/div>\n\t\t<\/section>\n\t\t\t\t<section class=\"elementor-section elementor-top-section elementor-element elementor-element-f41c540 elementor-section-boxed elementor-section-height-default elementor-section-height-default wd-section-disabled\" data-id=\"f41c540\" data-element_type=\"section\" data-e-type=\"section\">\n\t\t\t\t\t\t<div class=\"elementor-container elementor-column-gap-default\">\n\t\t\t\t\t<div class=\"elementor-column elementor-col-50 elementor-top-column elementor-element elementor-element-6810d38\" data-id=\"6810d38\" data-element_type=\"column\" data-e-type=\"column\">\n\t\t\t<div class=\"elementor-widget-wrap elementor-element-populated\">\n\t\t\t\t\t\t<div class=\"elementor-element elementor-element-a4fa7d0 elementor-widget elementor-widget-wd_title\" data-id=\"a4fa7d0\" data-element_type=\"widget\" data-e-type=\"widget\" data-widget_type=\"wd_title.default\">\n\t\t\t\t<div class=\"elementor-widget-container\">\n\t\t\t\t\t\t\t<div class=\"title-wrapper set-mb-s reset-last-child wd-title-color-primary wd-title-style-default wd-title-size-large text-left\">\n\n\t\t\t\t\t\t\t<div class=\"title-subtitle subtitle-color-primary subtitle-style-default wd-fontsize-xs\">\n\t\t\t\t\tKroisos Numsmatische\t\t\t\t<\/div>\n\t\t\t\n\t\t\t<div class=\"liner-continer\">\n\t\t\t\t<h4 class=\"woodmart-title-container title wd-fontsize-xxl\">Handwerkzeuge 1915<\/h4> \n\t\t\t\t\t\t\t<\/div>\n\n\t\t\t\t\t<\/div>\n\t\t\t\t\t\t<\/div>\n\t\t\t\t<\/div>\n\t\t\t\t<div class=\"elementor-element elementor-element-ee6e404 elementor-widget elementor-widget-wd_text_block\" data-id=\"ee6e404\" data-element_type=\"widget\" data-e-type=\"widget\" data-widget_type=\"wd_text_block.default\">\n\t\t\t\t<div class=\"elementor-widget-container\">\n\t\t\t\t\t\t\t<div class=\"wd-text-block reset-last-child text-left\">\n\t\t\t\n\t\t\t<p>KroisosLab targets high standards especially in the conditions in which its products are produced.<\/p>\n\t\t\t\t\t<\/div>\n\t\t\t\t\t\t<\/div>\n\t\t\t\t<\/div>\n\t\t\t\t\t<\/div>\n\t\t<\/div>\n\t\t\t\t<div class=\"elementor-column elementor-col-50 elementor-top-column elementor-element elementor-element-d3c45bb\" data-id=\"d3c45bb\" data-element_type=\"column\" data-e-type=\"column\">\n\t\t\t<div class=\"elementor-widget-wrap elementor-element-populated\">\n\t\t\t\t\t\t<div class=\"elementor-element elementor-element-6af2b4d elementor-widget elementor-widget-wd_images_gallery\" data-id=\"6af2b4d\" data-element_type=\"widget\" data-e-type=\"widget\" data-widget_type=\"wd_images_gallery.default\">\n\t\t\t\t<div class=\"elementor-widget-container\">\n\t\t\t\t\t\t\t<div class=\"wd-images-gallery wd-justify-center wd-items-middle view-grid photoswipe-images\" >\n\t\t\t<div class=\"gallery-images row wd-spacing-0\">\n\t\t\t\t\t\t\t\t\t\t\t\t\t\t<div class=\"wd-gallery-item  col-lg-12 col-md-12 col-12\">\n\t\t\t\t\t\t\t\t\t\t\t\t\t<a  href=\"https:\/\/i0.wp.com\/kroisosnumismatic.com\/wp-content\/uploads\/2024\/08\/interior-of-a-professional-chemical-lab-with-equip-2022-11-02-02-34-23-utc-scaled-1.jpg?fit=2560%2C1709&#038;ssl=1\"data-width=\"2560\" data-height=\"1709\" data-index=\"1\" data-elementor-open-lightbox=\"no\">\n\t\t\t\t\t\t\n\t\t\t\t\t\t<img decoding=\"async\" src=\"https:\/\/i0.wp.com\/kroisosnumismatic.com\/wp-content\/uploads\/2024\/08\/interior-of-a-professional-chemical-lab-with-equip-2022-11-02-02-34-23-utc-scaled-1.jpg?fit=1198%2C800&#038;ssl=1\"alt=\"interior-of-a-professional-chemical-lab-with-equip-2022-11-02-02-34-23-utc-scaled.jpg\">\n\t\t\t\t\t\t\t\t\t\t\t\t\t<\/a>\n\t\t\t\t\t\t\t\t\t\t\t<\/div>\n\t\t\t\t\t\t\t\t<\/div>\n\t\t<\/div>\n\t\t\t\t\t\t<\/div>\n\t\t\t\t<\/div>\n\t\t\t\t\t<\/div>\n\t\t<\/div>\n\t\t\t\t\t<\/div>\n\t\t<\/section>\n\t\t\t\t<\/div>\n\t\t","protected":false},"excerpt":{"rendered":"<p>Kroisos Numsmatische Handwerkzeuge 1915 Kroisos Lab, restorasyon ve konservasyon \u00fcr\u00fcnleri alan\u0131nda y\u00fcksek kaliteli \u00fcr\u00fcnler geli\u015ftirmek ve \u00fcretmek amac\u0131yla 1994 y\u0131l\u0131nda<\/p>\n","protected":false},"author":5,"featured_media":0,"parent":0,"menu_order":0,"comment_status":"closed","ping_status":"closed","template":"","meta":{"footnotes":""},"class_list":["post-11650","page","type-page","status-publish","hentry"],"jetpack_sharing_enabled":true,"_links":{"self":[{"href":"https:\/\/kroisosnumismatic.com\/tr\/wp-json\/wp\/v2\/pages\/11650","targetHints":{"allow":["GET"]}}],"collection":[{"href":"https:\/\/kroisosnumismatic.com\/tr\/wp-json\/wp\/v2\/pages"}],"about":[{"href":"https:\/\/kroisosnumismatic.com\/tr\/wp-json\/wp\/v2\/types\/page"}],"author":[{"embeddable":true,"href":"https:\/\/kroisosnumismatic.com\/tr\/wp-json\/wp\/v2\/users\/5"}],"replies":[{"embeddable":true,"href":"https:\/\/kroisosnumismatic.com\/tr\/wp-json\/wp\/v2\/comments?post=11650"}],"version-history":[{"count":0,"href":"https:\/\/kroisosnumismatic.com\/tr\/wp-json\/wp\/v2\/pages\/11650\/revisions"}],"wp:attachment":[{"href":"https:\/\/kroisosnumismatic.com\/tr\/wp-json\/wp\/v2\/media?parent=11650"}],"curies":[{"name":"wp","href":"https:\/\/api.w.org\/{rel}","templated":true}]}}