{"id":11654,"date":"2022-12-31T08:55:25","date_gmt":"2022-12-31T08:55:25","guid":{"rendered":"https:\/\/kroisosnumismatic.com\/sorumluluk\/"},"modified":"2025-05-23T08:50:07","modified_gmt":"2025-05-23T08:50:07","slug":"sorumluluk","status":"publish","type":"page","link":"https:\/\/kroisosnumismatic.com\/tr\/sorumluluk\/","title":{"rendered":"Sorumluluk"},"content":{"rendered":"\t\t<div data-elementor-type=\"wp-page\" data-elementor-id=\"11654\" class=\"elementor elementor-11654 elementor-11635\">\n\t\t\t\t\t\t<section class=\"elementor-section elementor-top-section elementor-element elementor-element-d1baa4d elementor-reverse-tablet elementor-reverse-mobile elementor-section-boxed elementor-section-height-default elementor-section-height-default wd-section-disabled\" data-id=\"d1baa4d\" data-element_type=\"section\" data-e-type=\"section\">\n\t\t\t\t\t\t<div class=\"elementor-container elementor-column-gap-default\">\n\t\t\t\t\t<div class=\"elementor-column elementor-col-50 elementor-top-column elementor-element elementor-element-3c6cc40\" data-id=\"3c6cc40\" data-element_type=\"column\" data-e-type=\"column\">\n\t\t\t<div class=\"elementor-widget-wrap elementor-element-populated\">\n\t\t\t\t\t\t<div class=\"elementor-element elementor-element-4f2fe34 elementor-widget elementor-widget-wd_title\" data-id=\"4f2fe34\" data-element_type=\"widget\" data-e-type=\"widget\" data-widget_type=\"wd_title.default\">\n\t\t\t\t<div class=\"elementor-widget-container\">\n\t\t\t\t\t\t\t<div class=\"title-wrapper set-mb-s reset-last-child wd-title-color-primary wd-title-style-default wd-title-size-large text-left\">\n\n\t\t\t\t\t\t\t<div class=\"title-subtitle subtitle-color-primary subtitle-style-default wd-fontsize-xs\">\n\t\t\t\t\tKroisos Numsmatische\t\t\t\t<\/div>\n\t\t\t\n\t\t\t<div class=\"liner-continer\">\n\t\t\t\t<h4 class=\"woodmart-title-container title wd-fontsize-xxl\">Handwerkzeuge 1915<\/h4> \n\t\t\t\t\t\t\t<\/div>\n\n\t\t\t\t\t<\/div>\n\t\t\t\t\t\t<\/div>\n\t\t\t\t<\/div>\n\t\t\t\t<div class=\"elementor-element elementor-element-987c09d elementor-widget elementor-widget-wd_text_block\" data-id=\"987c09d\" data-element_type=\"widget\" data-e-type=\"widget\" data-widget_type=\"wd_text_block.default\">\n\t\t\t\t<div class=\"elementor-widget-container\">\n\t\t\t\t\t\t\t<div class=\"wd-text-block reset-last-child text-left\">\n\t\t\t\n\t\t\t<p><span style=\"font-size: 16px;\">Firmam\u0131z, kuruldu\u011fu g\u00fcnden itibaren ortak insanl\u0131k de\u011ferlerinin ve k\u00fclt\u00fcr varl\u0131klar\u0131n\u0131n korunmas\u0131 ve g\u00fcvenli \u015fartlarda saklanmas\u0131na hizmet eden, geleneksel ve y\u00fcksek teknoloji \u00fcretim disiplinlerini bir araya getiren \u00e7\u00f6z\u00fcmler sunmaktad\u0131r. Bu bilin\u00e7le yapt\u0131\u011f\u0131m\u0131z \u00e7al\u0131\u015fmalar sonucu; g\u00fcvenilir, tutarl\u0131 ve tatmin edici \u00fcr\u00fcnler ortaya koymaktad\u0131r. <\/span><\/p>\n\t\t\t\t\t<\/div>\n\t\t\t\t\t\t<\/div>\n\t\t\t\t<\/div>\n\t\t\t\t\t<\/div>\n\t\t<\/div>\n\t\t\t\t<div class=\"elementor-column elementor-col-50 elementor-top-column elementor-element elementor-element-6051e56\" data-id=\"6051e56\" data-element_type=\"column\" data-e-type=\"column\">\n\t\t\t<div class=\"elementor-widget-wrap elementor-element-populated\">\n\t\t\t\t\t\t<div class=\"elementor-element elementor-element-89d632e elementor-widget elementor-widget-wd_image_or_svg\" data-id=\"89d632e\" data-element_type=\"widget\" data-e-type=\"widget\" data-widget_type=\"wd_image_or_svg.default\">\n\t\t\t\t<div class=\"elementor-widget-container\">\n\t\t\t\t\t\n\t\t<div class=\"wd-image text-left\">\n\t\t\t\t\t\t\t\t<img fetchpriority=\"high\" decoding=\"async\" width=\"2560\" height=\"1016\" src=\"https:\/\/i0.wp.com\/kroisosnumismatic.com\/wp-content\/uploads\/2024\/08\/closeup-shot-of-canadian-silver-maple-leaf-bullion-2023-11-27-05-33-21-utc-scaled-e1741509703832.jpg?fit=2560%2C1016&amp;ssl=1\" class=\"attachment-full size-full\" alt=\"\" \/>\t\t\t\t\t<\/div>\n\n\t\t\t\t\t\t<\/div>\n\t\t\t\t<\/div>\n\t\t\t\t\t<\/div>\n\t\t<\/div>\n\t\t\t\t\t<\/div>\n\t\t<\/section>\n\t\t\t\t<section class=\"elementor-section elementor-top-section elementor-element elementor-element-4b1c22b elementor-reverse-tablet elementor-reverse-mobile elementor-section-boxed elementor-section-height-default elementor-section-height-default wd-section-disabled\" data-id=\"4b1c22b\" data-element_type=\"section\" data-e-type=\"section\">\n\t\t\t\t\t\t<div class=\"elementor-container elementor-column-gap-default\">\n\t\t\t\t\t<div class=\"elementor-column elementor-col-50 elementor-top-column elementor-element elementor-element-b6c3d10\" data-id=\"b6c3d10\" data-element_type=\"column\" data-e-type=\"column\">\n\t\t\t<div class=\"elementor-widget-wrap elementor-element-populated\">\n\t\t\t\t\t\t<div class=\"elementor-element elementor-element-536a80d elementor-widget elementor-widget-wd_image_or_svg\" data-id=\"536a80d\" data-element_type=\"widget\" data-e-type=\"widget\" data-widget_type=\"wd_image_or_svg.default\">\n\t\t\t\t<div class=\"elementor-widget-container\">\n\t\t\t\t\t\n\t\t<div class=\"wd-image text-left\">\n\t\t\t\t\t\t\t\t<img decoding=\"async\" width=\"636\" height=\"333\" src=\"https:\/\/i0.wp.com\/kroisosnumismatic.com\/wp-content\/uploads\/2022\/12\/slide-4-1.jpg?fit=636%2C333&amp;ssl=1\" class=\"attachment-full size-full\" alt=\"\" srcset=\"https:\/\/i0.wp.com\/kroisosnumismatic.com\/wp-content\/uploads\/2022\/12\/slide-4-1.jpg?w=636&amp;ssl=1 636w, https:\/\/i0.wp.com\/kroisosnumismatic.com\/wp-content\/uploads\/2022\/12\/slide-4-1.jpg?resize=400%2C209&amp;ssl=1 400w, https:\/\/i0.wp.com\/kroisosnumismatic.com\/wp-content\/uploads\/2022\/12\/slide-4-1.jpg?resize=430%2C225&amp;ssl=1 430w, https:\/\/i0.wp.com\/kroisosnumismatic.com\/wp-content\/uploads\/2022\/12\/slide-4-1.jpg?resize=600%2C314&amp;ssl=1 600w, https:\/\/i0.wp.com\/kroisosnumismatic.com\/wp-content\/uploads\/2022\/12\/slide-4-1.jpg?resize=150%2C79&amp;ssl=1 150w\" sizes=\"(max-width: 636px) 100vw, 636px\" \/>\t\t\t\t\t<\/div>\n\n\t\t\t\t\t\t<\/div>\n\t\t\t\t<\/div>\n\t\t\t\t\t<\/div>\n\t\t<\/div>\n\t\t\t\t<div class=\"elementor-column elementor-col-50 elementor-top-column elementor-element elementor-element-9f9ab1e\" data-id=\"9f9ab1e\" data-element_type=\"column\" data-e-type=\"column\">\n\t\t\t<div class=\"elementor-widget-wrap elementor-element-populated\">\n\t\t\t\t\t\t<div class=\"elementor-element elementor-element-ba7882d elementor-widget elementor-widget-wd_title\" data-id=\"ba7882d\" data-element_type=\"widget\" data-e-type=\"widget\" data-widget_type=\"wd_title.default\">\n\t\t\t\t<div class=\"elementor-widget-container\">\n\t\t\t\t\t\t\t<div class=\"title-wrapper set-mb-s reset-last-child wd-title-color-primary wd-title-style-default wd-title-size-large text-left\">\n\n\t\t\t\t\t\t\t<div class=\"title-subtitle subtitle-color-primary subtitle-style-default wd-fontsize-xs\">\n\t\t\t\t\tKroisos Numsmatische\t\t\t\t<\/div>\n\t\t\t\n\t\t\t<div class=\"liner-continer\">\n\t\t\t\t<h4 class=\"woodmart-title-container title wd-fontsize-xxl\">Handwerkzeuge 1915<\/h4> \n\t\t\t\t\t\t\t<\/div>\n\n\t\t\t\t\t<\/div>\n\t\t\t\t\t\t<\/div>\n\t\t\t\t<\/div>\n\t\t\t\t<div class=\"elementor-element elementor-element-882b9d5 elementor-widget elementor-widget-wd_text_block\" data-id=\"882b9d5\" data-element_type=\"widget\" data-e-type=\"widget\" data-widget_type=\"wd_text_block.default\">\n\t\t\t\t<div class=\"elementor-widget-container\">\n\t\t\t\t\t\t\t<div class=\"wd-text-block reset-last-child text-left\">\n\t\t\t\n\t\t\t<p>\u00dcr\u00fcn geli\u015ftirme, \u00fcretim ve kullan\u0131m s\u00fcre\u00e7lerinde insan sa\u011fl\u0131\u011f\u0131, do\u011fan\u0131n korunmas\u0131, kullan\u0131m kolayl\u0131\u011f\u0131 ve \u00fcr\u00fcn g\u00fcvenli\u011fini hedefler. Tedarik\u00e7ileriyle ayn\u0131 bak\u0131\u015f a\u00e7\u0131s\u0131yla \u00e7al\u0131\u015f\u0131r ve hizmet al\u0131r.<\/p><p>S\u00fcrd\u00fcrelebilirlik, enerji ve karbon ayak izi s\u00fcre\u00e7lerini g\u00f6zetir ve takip eder.<\/p>\n\t\t\t\t\t<\/div>\n\t\t\t\t\t\t<\/div>\n\t\t\t\t<\/div>\n\t\t\t\t\t<\/div>\n\t\t<\/div>\n\t\t\t\t\t<\/div>\n\t\t<\/section>\n\t\t\t\t<section class=\"elementor-section elementor-top-section elementor-element elementor-element-c9fba13 elementor-reverse-tablet elementor-reverse-mobile elementor-section-boxed elementor-section-height-default elementor-section-height-default wd-section-disabled\" data-id=\"c9fba13\" data-element_type=\"section\" data-e-type=\"section\">\n\t\t\t\t\t\t<div class=\"elementor-container elementor-column-gap-default\">\n\t\t\t\t\t<div class=\"elementor-column elementor-col-50 elementor-top-column elementor-element elementor-element-b85032e\" data-id=\"b85032e\" data-element_type=\"column\" data-e-type=\"column\">\n\t\t\t<div class=\"elementor-widget-wrap elementor-element-populated\">\n\t\t\t\t\t\t<div class=\"elementor-element elementor-element-d83b195 elementor-widget elementor-widget-wd_title\" data-id=\"d83b195\" data-element_type=\"widget\" data-e-type=\"widget\" data-widget_type=\"wd_title.default\">\n\t\t\t\t<div class=\"elementor-widget-container\">\n\t\t\t\t\t\t\t<div class=\"title-wrapper set-mb-s reset-last-child wd-title-color-primary wd-title-style-default wd-title-size-large text-left\">\n\n\t\t\t\t\t\t\t<div class=\"title-subtitle subtitle-color-primary subtitle-style-default wd-fontsize-xs\">\n\t\t\t\t\tKroisos Numsmatische\t\t\t\t<\/div>\n\t\t\t\n\t\t\t<div class=\"liner-continer\">\n\t\t\t\t<h4 class=\"woodmart-title-container title wd-fontsize-xxl\">Handwerkzeuge 1915<\/h4> \n\t\t\t\t\t\t\t<\/div>\n\n\t\t\t\t\t<\/div>\n\t\t\t\t\t\t<\/div>\n\t\t\t\t<\/div>\n\t\t\t\t<div class=\"elementor-element elementor-element-0406e2c elementor-widget elementor-widget-wd_text_block\" data-id=\"0406e2c\" data-element_type=\"widget\" data-e-type=\"widget\" data-widget_type=\"wd_text_block.default\">\n\t\t\t\t<div class=\"elementor-widget-container\">\n\t\t\t\t\t\t\t<div class=\"wd-text-block reset-last-child text-left\">\n\t\t\t\n\t\t\t<p>Sosyal sorumluluk kapsam\u0131nda, toplum yarar\u0131na hizmet eden resmi ve \u00f6zel kurulu\u015flarla koordineli \u00e7al\u0131\u015f\u0131r amaca hizmet eden faaliyetlerde bulunur, k\u00fclt\u00fcrel aktiviteleri destekler,<\/p>\n\t\t\t\t\t<\/div>\n\t\t\t\t\t\t<\/div>\n\t\t\t\t<\/div>\n\t\t\t\t<div class=\"elementor-element elementor-element-8a8ce1a elementor-widget__width-initial elementor-widget elementor-widget-wd_image_or_svg\" data-id=\"8a8ce1a\" data-element_type=\"widget\" data-e-type=\"widget\" data-widget_type=\"wd_image_or_svg.default\">\n\t\t\t\t<div class=\"elementor-widget-container\">\n\t\t\t\t\t\n\t\t<div class=\"wd-image text-left\">\n\t\t\t\t\t\t\t\t<img decoding=\"async\" width=\"606\" height=\"545\" src=\"https:\/\/i0.wp.com\/kroisosnumismatic.com\/wp-content\/uploads\/2024\/08\/front-and-backside-of-a-historic-roman-copper-coin-2023-11-27-04-50-38-utc-2-1.jpg?fit=606%2C545&amp;ssl=1\" class=\"attachment-full size-full\" alt=\"\" srcset=\"https:\/\/i0.wp.com\/kroisosnumismatic.com\/wp-content\/uploads\/2024\/08\/front-and-backside-of-a-historic-roman-copper-coin-2023-11-27-04-50-38-utc-2-1.jpg?w=606&amp;ssl=1 606w, https:\/\/i0.wp.com\/kroisosnumismatic.com\/wp-content\/uploads\/2024\/08\/front-and-backside-of-a-historic-roman-copper-coin-2023-11-27-04-50-38-utc-2-1.jpg?resize=334%2C300&amp;ssl=1 334w, https:\/\/i0.wp.com\/kroisosnumismatic.com\/wp-content\/uploads\/2024\/08\/front-and-backside-of-a-historic-roman-copper-coin-2023-11-27-04-50-38-utc-2-1.jpg?resize=430%2C387&amp;ssl=1 430w, https:\/\/i0.wp.com\/kroisosnumismatic.com\/wp-content\/uploads\/2024\/08\/front-and-backside-of-a-historic-roman-copper-coin-2023-11-27-04-50-38-utc-2-1.jpg?resize=150%2C135&amp;ssl=1 150w\" sizes=\"(max-width: 606px) 100vw, 606px\" \/>\t\t\t\t\t<\/div>\n\n\t\t\t\t\t\t<\/div>\n\t\t\t\t<\/div>\n\t\t\t\t\t<\/div>\n\t\t<\/div>\n\t\t\t\t<div class=\"elementor-column elementor-col-50 elementor-top-column elementor-element elementor-element-30f6e3d\" data-id=\"30f6e3d\" data-element_type=\"column\" data-e-type=\"column\">\n\t\t\t<div class=\"elementor-widget-wrap elementor-element-populated\">\n\t\t\t\t\t\t<div class=\"elementor-element elementor-element-818fd16 elementor-widget elementor-widget-wd_image_or_svg\" data-id=\"818fd16\" data-element_type=\"widget\" data-e-type=\"widget\" data-widget_type=\"wd_image_or_svg.default\">\n\t\t\t\t<div class=\"elementor-widget-container\">\n\t\t\t\t\t\n\t\t<div class=\"wd-image text-left\">\n\t\t\t\t\t\t\t\t<img loading=\"lazy\" decoding=\"async\" width=\"586\" height=\"391\" src=\"https:\/\/i0.wp.com\/kroisosnumismatic.com\/wp-content\/uploads\/2024\/08\/numismatist-cleaning-ancient-coins-collection-2023-11-27-05-03-50-utc-e1724947245486.jpg?fit=586%2C391&amp;ssl=1\" class=\"attachment-full size-full\" alt=\"\" srcset=\"https:\/\/i0.wp.com\/kroisosnumismatic.com\/wp-content\/uploads\/2024\/08\/numismatist-cleaning-ancient-coins-collection-2023-11-27-05-03-50-utc-e1724947245486.jpg?w=586&amp;ssl=1 586w, https:\/\/i0.wp.com\/kroisosnumismatic.com\/wp-content\/uploads\/2024\/08\/numismatist-cleaning-ancient-coins-collection-2023-11-27-05-03-50-utc-e1724947245486.jpg?resize=400%2C267&amp;ssl=1 400w, https:\/\/i0.wp.com\/kroisosnumismatic.com\/wp-content\/uploads\/2024\/08\/numismatist-cleaning-ancient-coins-collection-2023-11-27-05-03-50-utc-e1724947245486.jpg?resize=430%2C287&amp;ssl=1 430w, https:\/\/i0.wp.com\/kroisosnumismatic.com\/wp-content\/uploads\/2024\/08\/numismatist-cleaning-ancient-coins-collection-2023-11-27-05-03-50-utc-e1724947245486.jpg?resize=150%2C100&amp;ssl=1 150w\" sizes=\"(max-width: 586px) 100vw, 586px\" \/>\t\t\t\t\t<\/div>\n\n\t\t\t\t\t\t<\/div>\n\t\t\t\t<\/div>\n\t\t\t\t\t<\/div>\n\t\t<\/div>\n\t\t\t\t\t<\/div>\n\t\t<\/section>\n\t\t\t\t<section class=\"elementor-section elementor-top-section elementor-element elementor-element-599026d elementor-section-boxed elementor-section-height-default elementor-section-height-default wd-section-disabled\" data-id=\"599026d\" data-element_type=\"section\" data-e-type=\"section\">\n\t\t\t\t\t\t<div class=\"elementor-container elementor-column-gap-default\">\n\t\t\t\t\t<div class=\"elementor-column elementor-col-100 elementor-top-column elementor-element elementor-element-50d016e\" data-id=\"50d016e\" data-element_type=\"column\" data-e-type=\"column\">\n\t\t\t<div class=\"elementor-widget-wrap\">\n\t\t\t\t\t\t\t<\/div>\n\t\t<\/div>\n\t\t\t\t\t<\/div>\n\t\t<\/section>\n\t\t\t\t<\/div>\n\t\t","protected":false},"excerpt":{"rendered":"<p>Kroisos Numsmatische Handwerkzeuge 1915 &nbsp; Firmam\u0131z, kuruldu\u011fu g\u00fcnden itibaren ortak insanl\u0131k de\u011ferlerinin ve k\u00fclt\u00fcr varl\u0131klar\u0131n\u0131n korunmas\u0131 ve g\u00fcvenli \u015fartlarda saklanmas\u0131na<\/p>\n","protected":false},"author":5,"featured_media":0,"parent":0,"menu_order":0,"comment_status":"closed","ping_status":"closed","template":"","meta":{"footnotes":""},"class_list":["post-11654","page","type-page","status-publish","hentry"],"jetpack_sharing_enabled":true,"_links":{"self":[{"href":"https:\/\/kroisosnumismatic.com\/tr\/wp-json\/wp\/v2\/pages\/11654","targetHints":{"allow":["GET"]}}],"collection":[{"href":"https:\/\/kroisosnumismatic.com\/tr\/wp-json\/wp\/v2\/pages"}],"about":[{"href":"https:\/\/kroisosnumismatic.com\/tr\/wp-json\/wp\/v2\/types\/page"}],"author":[{"embeddable":true,"href":"https:\/\/kroisosnumismatic.com\/tr\/wp-json\/wp\/v2\/users\/5"}],"replies":[{"embeddable":true,"href":"https:\/\/kroisosnumismatic.com\/tr\/wp-json\/wp\/v2\/comments?post=11654"}],"version-history":[{"count":10,"href":"https:\/\/kroisosnumismatic.com\/tr\/wp-json\/wp\/v2\/pages\/11654\/revisions"}],"predecessor-version":[{"id":14064,"href":"https:\/\/kroisosnumismatic.com\/tr\/wp-json\/wp\/v2\/pages\/11654\/revisions\/14064"}],"wp:attachment":[{"href":"https:\/\/kroisosnumismatic.com\/tr\/wp-json\/wp\/v2\/media?parent=11654"}],"curies":[{"name":"wp","href":"https:\/\/api.w.org\/{rel}","templated":true}]}}