{"id":11719,"date":"2022-12-31T13:48:22","date_gmt":"2022-12-31T13:48:22","guid":{"rendered":"https:\/\/kroisosnumismatic.com\/kargo-iade-sureci\/"},"modified":"2022-12-31T13:48:22","modified_gmt":"2022-12-31T13:48:22","slug":"kargo-iade-sureci","status":"publish","type":"page","link":"https:\/\/kroisosnumismatic.com\/tr\/kargo-iade-sureci\/","title":{"rendered":"Kargo &amp; \u0130ade S\u00fcreci"},"content":{"rendered":"<h3>KARGO \u0130\u015eLEMLER\u0130<\/h3>\n<h4>KARGO \u00dcCRET\u0130N\u0130Z NE KADAR?<\/h4>\n<p>kroisosnumismatic.com sitesinden ald\u0131\u011f\u0131n\u0131z \u00fcr\u00fcnler i\u00e7in kargo tamamen \u00fccretsizdir. Sipari\u015f esnas\u0131nda sipari\u015f toplam\u0131n\u0131za ve faturan\u0131za herhangi bir ek kargo \u00fccreti yans\u0131t\u0131lmaz. <\/p>\n<h4>KARGOM NE ZAMAN ULA\u015eIR?<\/h4>\n<p>Sitemizden vermi\u015f oldu\u011funuz sipari\u015fler en ge\u00e7 2 i\u015f g\u00fcn\u00fc i\u00e7erisinde kargo \u015firketine teslim edilmektedir. Hesab\u0131m alt\u0131nda bulunan Ge\u00e7mi\u015f Sipari\u015fler sekmesinden sipari\u015finizin durumunu kontrol edebilirsiniz. <\/p>\n<h4>ALDI\u011eIM \u00dcR\u00dcN HANG\u0130 SAATLERDE TESL\u0130M ED\u0130LECEK?<\/h4>\n<p>Sipari\u015finiz 09:00 \u2013 18:00 olan mesai saatleri i\u00e7erisinde (hafta i\u00e7i ve Cumartesi) belirtmi\u015f oldu\u011funuz teslimat adresine g\u00f6nderilmektedir.<\/p>\n<h4>S\u0130PAR\u0130\u015e\u0130M\u0130N ALICI K\u0130\u015e\u0130S\u0130N\u0130 VEYA TESL\u0130MAT ADRES\u0130N\u0130 DE\u011e\u0130\u015eT\u0130REB\u0130L\u0130R M\u0130Y\u0130M?<\/h4>\n<p>Sipari\u015finizin stat\u00fcs\u00fcn\u00fc kontrol etmek i\u00e7in Hesab\u0131m sekmesinden ilgili sipari\u015finizi kontrol ediniz. Yeni al\u0131c\u0131 bilgilerinizi veya yeni adresinizi ileti\u015fim sayfas\u0131 \u00fczerinden bizimle payla\u015fabilirsiniz. <\/p>\n<h4>RESM\u0130 TAT\u0130L G\u00dcNLER\u0130NDE TESL\u0130MAT YAPILIYOR MU?<\/h4>\n<p>Resmi tatil g\u00fcnlerinde kargo firmalar\u0131 teslimat yapmamaktad\u0131r.<\/p>\n<h4>S\u0130PAR\u0130\u015e\u0130M BEN ADRES\u0130MDE YOKKEN GELM\u0130\u015e, NE YAPMALIYIM?<\/h4>\n<p>Adresinizde bulunamaman\u0131z durumunda paketinizi en yak\u0131n \u015fubeden alabilece\u011finizi bildiren bir not b\u0131rak\u0131l\u0131r. 3 g\u00fcn i\u00e7erisinde paketinizi belirtilen \u015fubeden almaman\u0131z durumunda sipari\u015finiz taraf\u0131m\u0131za iade edilir. <\/p>\n<h4>FATURAYI NEDEN PAKET\u0130N \u00dcZER\u0130NDE G\u00d6NDER\u0130YORSUNUZ?<\/h4>\n<p>Yasal olarak sipari\u015finize ait faturay\u0131 paket \u00fczerinde g\u00f6nderme ve isim, soyisim yazma zorunlulu\u011fu bulunmaktad\u0131r.<\/p>\n<h4>\u0130ADE \u0130\u015eLEMLER\u0130<\/h4>\n<p>kroisosnumismatic.com sitesinden ald\u0131\u011f\u0131n\u0131z \u00fcr\u00fcnleri, teslimat tarihinden itibaren en ge\u00e7 14 g\u00fcn i\u00e7erisinde kargo ile kar\u015f\u0131 \u00f6demeli olarak iade edebilirsiniz. Belirtilen s\u00fcrenin a\u015f\u0131lmas\u0131 durumunda, iade i\u015flemleri ger\u00e7ekle\u015fmemektedir. \u0130ade s\u00fcresi dolan faturas\u0131z, kullan\u0131lm\u0131\u015f ve tekrar sat\u0131labilirlik \u00f6zelli\u011fini kaybetmi\u015f ya da hasar g\u00f6rm\u00fc\u015f \u00fcr\u00fcnlerin iade ve de\u011fi\u015fimi kabul edilmeyecek, size kar\u015f\u0131 \u00f6demeli olarak geri g\u00f6nderilecektir. \u0130adeniz Kroisos Lab ilgili birimleri taraf\u0131ndan incelendikten sonra sizlere d\u00f6n\u00fc\u015f yap\u0131larak s\u00fcre\u00e7 ba\u015flayacakt\u0131r. \u0130adeniz onayland\u0131\u011f\u0131nda \u00fcr\u00fcn \u00fccreti, irtibat numaran\u0131zdan sizlere ula\u015f\u0131ld\u0131\u011f\u0131 taktirde en ge\u00e7 5 i\u015f g\u00fcn\u00fc i\u00e7erisinde iade edilir. Bundan sonraki s\u00fcre\u00e7 tamamen bankan\u0131za ba\u011fl\u0131d\u0131r ve sitemizin bankan\u0131za m\u00fcdahale etme hakk\u0131 yoktur. Taksitli olarak sat\u0131n alm\u0131\u015f oldu\u011funuz \u00fcr\u00fcne ait bedelin tamam\u0131 kredi kart\u0131n\u0131za iade edilmektedir ancak bankan\u0131z taraf\u0131ndan, iadenin geri \u00f6demesi, yine taksitli \u015fekilde kredi kart\u0131n\u0131za yans\u0131t\u0131lmaktad\u0131r. \u00dcr\u00fcn bedeli Havale\/EFT ile \u00f6denmi\u015fse iade tutar\u0131, hesab\u0131n\u0131za 5 i\u015f g\u00fcn\u00fc i\u00e7inde yap\u0131lacakt\u0131r. Ula\u015f\u0131lamayan irtibat numaralar\u0131ndan kaynakl\u0131 gecikmelerden sitemiz sorumlu olmamaktad\u0131r.        <\/p>\n<h4>\u0130ADE VE DE\u011e\u0130\u015e\u0130M S\u00dcRES\u0130 KA\u00c7 G\u00dcND\u00dcR?<\/h4>\n<p>T\u00fcketici Kanununda yer alan sebep g\u00f6stermeden cayma hakk\u0131 sadece \u00fcr\u00fcn\u00fc teslim ald\u0131\u011f\u0131n\u0131z g\u00fcn\u00fc takip eden ilk 14 g\u00fcn\u00fc i\u00e7ermektedir. \u00dcr\u00fcndeki herhangi bir kusurdan dolay\u0131 iade etmek istedi\u011finizde ise bu s\u00fcre 30 g\u00fcne dek uzamaktad\u0131r. <\/p>\n<h4>EL\u0130ME GE\u00c7EN \u00dcR\u00dcN KUSURLU, NE YAPMAM GEREK\u0130YOR?<\/h4>\n<p>kroisosnumismatic.com sitesinden kaynaklanan, kusurlu \u00fcr\u00fcn, yanl\u0131\u015f \u00fcr\u00fcn, yanl\u0131\u015f renk vb. g\u00f6nderimleri, kullanmadan, sat\u0131labilir \u00f6zelli\u011fini kaybettirmeden \u00fcr\u00fcn\u00fcn size teslim tarihinden itibaren 30 g\u00fcn i\u00e7erisinde ileti\u015fim sayfam\u0131z \u00fczerinden bizimle ileti\u015fime ge\u00e7erek, kargo \u00fccreti \u00f6demeden iade edebilirsiniz. Bu s\u00fcrenin d\u0131\u015f\u0131nda herhangi bir \u015fekilde \u00fcr\u00fcnlerinizin iade ve de\u011fi\u015fimi yap\u0131lamamaktad\u0131r.  <\/p>\n<h4>\u00dcR\u00dcNLER\u0130 HANG\u0130 ADRESE \u0130ADE ETMEM GEREK\u0130YOR?<\/h4>\n<p>\u0130ade Adresimiz : <strong>Kroisos Lab. : TORBALI MAH. 5105 SOK. NO:3 D:10 \u0130ZM\u0130R Torbal\u0131   <\/strong><\/p>\n","protected":false},"excerpt":{"rendered":"<p>KARGO \u0130\u015eLEMLER\u0130 KARGO \u00dcCRET\u0130N\u0130Z NE KADAR? kroisosnumismatic.com sitesinden ald\u0131\u011f\u0131n\u0131z \u00fcr\u00fcnler i\u00e7in kargo tamamen \u00fccretsizdir. Sipari\u015f esnas\u0131nda sipari\u015f toplam\u0131n\u0131za ve faturan\u0131za<\/p>\n","protected":false},"author":5,"featured_media":0,"parent":0,"menu_order":0,"comment_status":"closed","ping_status":"closed","template":"","meta":{"footnotes":""},"class_list":["post-11719","page","type-page","status-publish","hentry"],"jetpack_sharing_enabled":true,"_links":{"self":[{"href":"https:\/\/kroisosnumismatic.com\/tr\/wp-json\/wp\/v2\/pages\/11719","targetHints":{"allow":["GET"]}}],"collection":[{"href":"https:\/\/kroisosnumismatic.com\/tr\/wp-json\/wp\/v2\/pages"}],"about":[{"href":"https:\/\/kroisosnumismatic.com\/tr\/wp-json\/wp\/v2\/types\/page"}],"author":[{"embeddable":true,"href":"https:\/\/kroisosnumismatic.com\/tr\/wp-json\/wp\/v2\/users\/5"}],"replies":[{"embeddable":true,"href":"https:\/\/kroisosnumismatic.com\/tr\/wp-json\/wp\/v2\/comments?post=11719"}],"version-history":[{"count":0,"href":"https:\/\/kroisosnumismatic.com\/tr\/wp-json\/wp\/v2\/pages\/11719\/revisions"}],"wp:attachment":[{"href":"https:\/\/kroisosnumismatic.com\/tr\/wp-json\/wp\/v2\/media?parent=11719"}],"curies":[{"name":"wp","href":"https:\/\/api.w.org\/{rel}","templated":true}]}}