{"id":11737,"date":"2023-01-02T09:49:49","date_gmt":"2023-01-02T09:49:49","guid":{"rendered":"https:\/\/kroisosnumismatic.com\/gizlilik-politikasi-2\/"},"modified":"2023-01-02T09:49:49","modified_gmt":"2023-01-02T09:49:49","slug":"gizlilik-politikasi-2","status":"publish","type":"page","link":"https:\/\/kroisosnumismatic.com\/tr\/gizlilik-politikasi-2\/","title":{"rendered":"Gizlilik Politikas\u0131"},"content":{"rendered":"<h3>K\u0130\u015e\u0130SEL VER\u0130LER\u0130N KORUNMASI KANUNU GER\u00c7EK K\u0130\u015e\u0130- TEDAR\u0130K\u00c7\u0130- M\u00dc\u015eTER\u0130-\u0130\u015e ORTA\u011eI- GER\u00c7EK K\u0130\u015e\u0130 TEMS\u0130LC\u0130S\u0130 AYDINLATMA METN\u0130<br \/>\n<\/h3>\n<p>&#8211; <strong>KROISOS LAB<\/strong> KROISOS LAB (\u201c\u015eirket\u201d olarak an\u0131lacakt\u0131r) olarak i\u015f ortaklar\u0131m\u0131z\u0131n, m\u00fc\u015fterilerimizin, tedarik\u00e7ilerimizin, kiraya verenlerimizin ba\u015fta temel hak ve \u00f6zg\u00fcrl\u00fcklerini korumak olmak \u00fczere \u00f6zel hayatlar\u0131na ili\u015fkin gizlili\u011fin korunmas\u0131, bilgi g\u00fcvenli\u011finin sa\u011flanmas\u0131 ve korunmas\u0131 \u00f6ncelikli prensiplerimiz aras\u0131nda yer almakta olup; \u201cKi\u015fisel Verilerin Korunmas\u0131\u201d hakk\u0131nda sizleri bilgilendirmek istedik K<strong>ROISOS LAB<\/strong>6698 say\u0131l\u0131 Ki\u015fisel Verilerin Korunmas\u0131 Kanunu\u2019nun (\u201cKanun\u201d) 10\u2019uncu maddesi ve Avrupa Birli\u011fi Veri Koruma Direktifi (\u201cGDPR\u201d) uyar\u0131nca ki\u015fisel verileriniz toplanabilece\u011finden, ki\u015fisel verilerin toplama y\u00f6ntemi ve hukuki sebebi, ki\u015fisel verilerinizin \u015eirketimiz taraf\u0131ndan hangi ama\u00e7larla i\u015flendi\u011fi, ki\u015fisel verilerinizin hangi \u00fc\u00e7\u00fcnc\u00fc ki\u015filere a\u00e7\u0131kland\u0131\u011f\u0131\/aktar\u0131ld\u0131\u011f\u0131 ve hangi ama\u00e7larla a\u00e7\u0131kland\u0131\u011f\u0131na ve veri sahibi olarak kullanabilece\u011finiz haklar\u0131n\u0131za ili\u015fkin ayd\u0131nlatma y\u00fck\u00fcml\u00fcl\u00fc\u011f\u00fcm\u00fcz bulunmaktad\u0131r. Bu metnin hedef kitlesi, \u015eirketimiz \u00e7al\u0131\u015fanlar\u0131 veya \u015eirketimize i\u015f ba\u015fvurusu yapm\u0131\u015f olan \u00e7al\u0131\u015fan adaylar\u0131 d\u0131\u015f\u0131ndaki, \u015eirketimiz taraf\u0131ndan ki\u015fisel verileri i\u015flenen t\u00fcm ger\u00e7ek ki\u015filerdir. \u0130\u015flenen Ki\u015fisel Veriler: Kimlik Bilgisi: Kimlik (ad soyad, T.C. kimlik no,) \u0130leti\u015fim Bilgisi: \u0130leti\u015fim (adres no, e-posta adresi, ileti\u015fim adresi, kay\u0131tl\u0131 elektronik posta adresi (KEP), telefon no gibi) Hukuki \u0130\u015flem: (Adli makamlarla yaz\u0131\u015fmalardaki bilgiler, dava dosyas\u0131ndaki bilgiler gibi) M\u00fc\u015fteri \u0130\u015flem: (\u00c7a\u011fr\u0131 merkezi kay\u0131tlar\u0131, fatura, senet, \u00e7ek bilgileri, gi\u015fe dekontlar\u0131ndaki bilgiler, sipari\u015f bilgisi, talep bilgisi, \u00fcyelik i\u015flemleri gibi) Fiziksel Mek\u00e2n G\u00fcvenlik Bilgisi: (Ziyaret\u00e7ilerin giri\u015f \u00e7\u0131k\u0131\u015f kay\u0131t bilgileri, kamera kay\u0131tlar\u0131 gibi) \u0130\u015flem G\u00fcvenli\u011fi: (IP adresi bilgileri, internet sitesi giri\u015f \u00e7\u0131k\u0131\u015f bilgileri gibi) Risk Y\u00f6netimi: (Ticari, teknik, idari risklerin y\u00f6netilmesi i\u00e7in i\u015flenen bilgiler gibi) Finansal Bilgi: (Fatura bilgileri, Banka Bilgileri, Iban No) G\u00f6rsel ve \u0130\u015fitsel Kay\u0131tlar: (Kamera Kay\u0131tlar\u0131) Pazarlama Bilgisi: \u00c7erez kay\u0131tlar\u0131, hedefleme bilgileri, al\u0131\u015fkanl\u0131k ve be\u011fenileri g\u00f6steren de\u011ferlendirmeler. Veri Konusu Ki\u015fi Grubu: \u2022 Hissedar \u2022 Potansiyel \u00dcr\u00fcn veya Hizmet Al\u0131c\u0131s\u0131 \u2022 Tedarik\u00e7i \u00c7al\u0131\u015fan\u0131 \u2022 Tedarik\u00e7i Yetkilisi \u2022 \u00dcr\u00fcn veya Hizmet Alan Ki\u015fi \u2022 Ziyaret\u00e7i <\/p>\n<h4>Ki\u015fisel Verilerinizin \u0130\u015flenmesi:<\/h4>\n<p>07.04.2016 tarihli 29677 say\u0131l\u0131 Resmi Gazete \u2019de yay\u0131mlanan 6698 say\u0131l\u0131 Ki\u015fisel Verilerin Korunmas\u0131 Kanunu (\u201cKanun\u201d olarak an\u0131lacakt\u0131r) kapsam\u0131nda; ki\u015fisel verilerin tamamen veya k\u0131smen otomatik olan ya da herhangi bir veri kay\u0131t sisteminin par\u00e7as\u0131 olmak kayd\u0131yla otomatik olmayan yollarla elde edilmesi, kaydedilmesi, depolanmas\u0131, muhafaza edilmesi, de\u011fi\u015ftirilmesi, yeniden d\u00fczenlenmesi, a\u00e7\u0131klanmas\u0131, aktar\u0131lmas\u0131, devral\u0131nmas\u0131, elde edilebilir h\u00e2le getirilmesi, s\u0131n\u0131fland\u0131r\u0131lmas\u0131 ya da kullan\u0131lmas\u0131n\u0131n engellenmesi gibi veriler \u00fczerinde ger\u00e7ekle\u015ftirilen her t\u00fcrl\u00fc i\u015flem \u201cki\u015fisel verilerin i\u015flenmesi\u201d olarak kabul edilmektedir. \u015eirketimiz ile gerek Tedarik\u00e7i \u0130li\u015fkisi gerek M\u00fc\u015fteri \u0130leti\u015fimi ve <strong>KROISOS LAB<\/strong> \u00fcr\u00fcn finansman\u0131 vb. hizmetler kiraya veren olarak imzalanan S\u00f6zle\u015fmeler kapsam\u0131nda payla\u015fm\u0131\u015f oldu\u011funuz ki\u015fisel verileriniz \u015eirketimiz taraf\u0131ndan Kanun\u2019a uygun \u015fekilde saklanacak, kaydedilecek, g\u00fcncellenecek, mevzuat\u0131n izin verdi\u011fi \u015fekle uygun olarak s\u00f6zle\u015fme ili\u015fkisi i\u00e7erisinde oldu\u011fumuz i\u015f ortaklar\u0131m\u0131z ile kanunen yetkili kamu kurum ve kurulu\u015flar\u0131 gibi \u00fc\u00e7\u00fcnc\u00fc ki\u015filere aktar\u0131labilecek ve Kanun\u2019da say\u0131lan \u015fekillerde i\u015flenebilecektir. Ki\u015fisel Verilerinizin Toplanma Y\u00f6ntemi: Ki\u015fisel verileriniz; kurumsal internet sitelerimiz kanal\u0131yla veya e-posta veya di\u011fer yollarla ya da i\u015f ili\u015fkilerimiz s\u0131ras\u0131nda, ticari s\u00f6zle\u015fmelerin imzalanmas\u0131 a\u015famas\u0131nda ve\/veya ticari ili\u015fki s\u00fcreci s\u00fcresi i\u00e7erisinde taraf\u0131m\u0131za iletti\u011finiz bilgiler, internet sitemizi ziyaret etti\u011finiz s\u0131rada ileti\u015fim formunu doldurman\u0131z, \u00fcyelik i\u015flemleriniz s\u0131ras\u0131nda, e-b\u00fclten aboneli\u011fini tercih etmeniz, fiziksel formlar gibi \u00e7e\u015fitli kanallar arac\u0131l\u0131\u011f\u0131yla s\u00f6zl\u00fc, yaz\u0131l\u0131 veya elektronik ortamda olmak kayd\u0131yla \u00e7e\u015fitli y\u00f6ntemlerle depolanmaktad\u0131r. (\u00d6rnek olarak, bir ticaret fuar\u0131nda), \u00d6deme sayfas\u0131nda istenen kredi kart\u0131 bilgileriniz, g\u00fcvenli\u011fini en \u00fcst seviyede tutmak amac\u0131yla hi\u00e7bir \u015fekilde <strong>KROISOS LAB<\/strong> veya ona hizmet veren \u015firketlerin sunucular\u0131nda tutulmamaktad\u0131r. Bu \u015fekilde \u00f6demeye y\u00f6nelik t\u00fcm i\u015flemlerin iyzico aray\u00fcz\u00fc \u00fczerinden banka, bu bankalarla anla\u015fmal\u0131 arac\u0131 kurum ve bilgisayar\u0131n\u0131z aras\u0131nda ger\u00e7ekle\u015fmesi sa\u011flanmaktad\u0131r. Ki\u015fisel verileriniz, m\u00fc\u015fterilerimizim a\u00e7\u0131k r\u0131zalar\u0131 ve 6698 say\u0131l\u0131 Ki\u015fisel Verilerin Korunmas\u0131 Kanunu\u2019nun 5. Maddesinde belirtilen hukuki sebeplere dayan\u0131larak i\u015flenmektedir. Ki\u015fisel Verilerinizin \u0130\u015flenmesinin Hukuki Sebebi: Bir s\u00f6zle\u015fmenin kurulmas\u0131 veya ifas\u0131yla do\u011frudan do\u011fruya ilgili olmas\u0131 kayd\u0131yla, s\u00f6zle\u015fmenin taraflar\u0131na ait ki\u015fisel verilerin i\u015flenmesinin gerekli olmas\u0131, Kanuni y\u00fck\u00fcml\u00fcl\u00fcklerimizin yerine getirilmesi, Ki\u015fisel verileriniz, \u0130lgili ki\u015finin temel hak ve \u00f6zg\u00fcrl\u00fcklerine zarar vermemek kayd\u0131yla, veri sorumlusunun me\u015fru menfaatleri i\u00e7in veri i\u015flenmesinin zorunlu olmas\u0131 6698 say\u0131l\u0131 Ki\u015fisel Verilerin Korunmas\u0131 Kanunu\u2019nun 5. ve 6. maddelerinde belirtilenler ile a\u015fa\u011f\u0131da yer verilen hukuka uygunluk sebeplerine dayan\u0131larak i\u015flenebilir. \u2022 Kanunlarda \u00f6ng\u00f6r\u00fclmesi \u00a8 6102 Say\u0131l\u0131 T\u00fcrk Ticaret Kanunu, \u00a8 213 Say\u0131l\u0131 Vergi Usul Kanunu, \u00a8 6698 Say\u0131l\u0131 Ki\u015fisel Verileri Koruma Kanunu, \u00a8 4721 Say\u0131l\u0131 T\u00fcrk Medeni Kanunu, \u00a8 6098 Say\u0131l\u0131 Bor\u00e7lar Kanunu, \u00a8 6563 say\u0131l\u0131 Elektronik Ticaretin D\u00fczenlenmesi Hakk\u0131nda Kanunu, \u00a8 6502 Say\u0131l\u0131 T\u00fcketicinin Korunmas\u0131 Hakk\u0131nda Kanun, \u00a8 6563 Elektronik Ticaretin D\u00fczenlenmesi Hakk\u0131nda Kanun, \u00a8 Mesafeli S\u00f6zle\u015fmeler Y\u00f6netmeli\u011fi, \u00a8 5651 Say\u0131l\u0131 \u0130nternet Ortam\u0131nda Yap\u0131lan Yay\u0131nlar\u0131n D\u00fczenlenmesi ve Bu Yay\u0131nlar Yoluyla \u0130\u015flenen Su\u00e7larla M\u00fccadele Edilmesi Hakk\u0131nda Kanun \u2022 \u0130lgili ki\u015finin temel hak ve \u00f6zg\u00fcrl\u00fcklerine zarar vermemek kayd\u0131yla, veri sorumlusunun me\u015fru menfaatleri i\u00e7in veri i\u015flenmesinin zorunlu olmas\u0131. \u2022 Bir s\u00f6zle\u015fmenin kurulmas\u0131 veya ifas\u0131yla do\u011frudan do\u011fruya ilgili olmas\u0131 kayd\u0131yla s\u00f6zle\u015fmenin taraflar\u0131na ait ki\u015fisel verilerin i\u015flenmesinin gerekli olmas\u0131, \u2022 Talep edilen \u00fcr\u00fcn ve hizmetleri sunabilmek ve akdetti\u011finiz s\u00f6zle\u015fmelerinin gere\u011finin yerine getirilmesi, \u2022 Hukuki y\u00fck\u00fcml\u00fcl\u00fc\u011f\u00fcn yerine getirebilmesi i\u00e7in zorunlu olmas\u0131, \u2022 Bir hakk\u0131n tesisi, kullan\u0131lmas\u0131 veya korunmas\u0131 i\u00e7in veri i\u015flemenin zorunlu olmas\u0131,    <\/p>\n<h4>Ki\u015fisel Verilerinizin \u0130\u015flenme Amac\u0131:<\/h4>\n<p>Toplanan ki\u015fisel verileriniz, Kanun taraf\u0131ndan \u00f6ng\u00f6r\u00fclen temel ilkelere uygun olarak ve Kanun\u2019un 5. ve 6. maddelerinde belirtilen ki\u015fisel veri i\u015fleme \u015fartlar\u0131 ve ama\u00e7lar\u0131 dahilinde, \u015firket taraf\u0131ndan a\u015fa\u011f\u0131da yer alan ama\u00e7lar do\u011frultusunda i\u015flenebilecektir: \u2022 Acil Durum Y\u00f6netimi S\u00fcre\u00e7lerinin Y\u00fcr\u00fct\u00fclmesi \u2022 Bilgi G\u00fcvenli\u011fi S\u00fcre\u00e7lerinin Y\u00fcr\u00fct\u00fclmesi \u2022 Eri\u015fim Yetkilerinin Y\u00fcr\u00fct\u00fclmesi \u2022 Faaliyetlerin Mevzuata Uygun Y\u00fcr\u00fct\u00fclmesi \u2022 Finans ve Muhasebe \u0130\u015flerinin Y\u00fcr\u00fct\u00fclmesi \u2022 Fiziksel mek\u00e2n G\u00fcvenli\u011finin Temini \u2022 Hukuk \u0130\u015flerinin Takibi ve Y\u00fcr\u00fct\u00fclmesi \u2022 \u0130leti\u015fim Faaliyetlerinin Y\u00fcr\u00fct\u00fclmesi \u2022 \u0130\u015f Faaliyetlerinin Y\u00fcr\u00fct\u00fclmesi \/ Denetimi \u2022 \u0130\u015f S\u00fcreklili\u011finin Sa\u011flanmas\u0131 Faaliyetlerinin Y\u00fcr\u00fct\u00fclmesi \u2022 Lojistik Faaliyetlerinin Y\u00fcr\u00fct\u00fclmesi \u2022 Mal \/ Hizmet Sat\u0131n Al\u0131m S\u00fcre\u00e7lerinin Y\u00fcr\u00fct\u00fclmesi \u2022 Mal \/ Hizmet Sat\u0131\u015f Sonras\u0131 Destek Hizmetlerinin Y\u00fcr\u00fct\u00fclmesi \u2022 Mal \/ Hizmet Sat\u0131\u015f S\u00fcre\u00e7lerinin Y\u00fcr\u00fct\u00fclmesi \u2022 Mal \/ Hizmet \u00dcretim ve Operasyon S\u00fcre\u00e7lerinin Y\u00fcr\u00fct\u00fclmesi \u2022 M\u00fc\u015fteri \u0130li\u015fkileri Y\u00f6netimi S\u00fcre\u00e7lerinin Y\u00fcr\u00fct\u00fclmesi \u2022 Bayilik i\u015flemlerinin y\u00fcr\u00fct\u00fclmesi, \u2022 E-b\u00fclten abonelik i\u015flemlerinin y\u00fcr\u00fct\u00fclmesi, \u2022 E-ticaret i\u015flemlerinin y\u00fcr\u00fct\u00fclmesi, \u2022 Pazarlama Analiz \u00c7al\u0131\u015fmalar\u0131n\u0131n Y\u00fcr\u00fct\u00fclmesi \u2022 Performans De\u011ferlendirme S\u00fcre\u00e7lerinin Y\u00fcr\u00fct\u00fclmesi \u2022 Reklam \/ Kampanya \/ Promosyon S\u00fcre\u00e7lerinin Y\u00fcr\u00fct\u00fclmesi \u2022 Risk Y\u00f6netimi S\u00fcre\u00e7lerinin Y\u00fcr\u00fct\u00fclmesi \u2022 Saklama ve Ar\u015fiv Faaliyetlerinin Y\u00fcr\u00fct\u00fclmesi \u2022 S\u00f6zle\u015fme S\u00fcre\u00e7lerinin Y\u00fcr\u00fct\u00fclmesi \u2022 Talep \/ \u015eikayetlerin Takibi \u2022 Ta\u015f\u0131n\u0131r Mal ve Kaynaklar\u0131n G\u00fcvenli\u011finin Temini \u2022 Tedarik Zinciri Y\u00f6netimi S\u00fcre\u00e7lerinin Y\u00fcr\u00fct\u00fclmesi \u2022 \u00dcr\u00fcn \/ Hizmetlerin Pazarlama S\u00fcre\u00e7lerinin Y\u00fcr\u00fct\u00fclmesi \u2022 Veri Sorumlusu Operasyonlar\u0131n\u0131n G\u00fcvenli\u011finin Temini \u2022 Yetkili Ki\u015fi, Kurum ve Kurulu\u015flara Bilgi Verilmesi \u2022 Y\u00f6netim Faaliyetlerinin Y\u00fcr\u00fct\u00fclmesi \u2022 Hizmet ve \u00fcr\u00fcnlerin kalitesinin art\u0131r\u0131lmas\u0131na y\u00f6nelik yap\u0131lacak olan sat\u0131\u015f ve pazarlama faaliyetleri i\u00e7in yap\u0131lacak size \u00f6zel reklam, kampanya, avantajlar ve di\u011fer faydalar\u0131 sunmak, \u2022 Sat\u0131\u015f ve pazarlama faaliyetleri i\u00e7in yap\u0131lacak trafik \u00f6l\u00e7\u00fcmleme, istatistiki analizler, Segmentasyon\/profilleme ve CRM (M\u00fc\u015fteri ili\u015fkileri y\u00f6netimi) \u00e7al\u0131\u015fmalar\u0131n\u0131 y\u00fcr\u00fctmek, \u2022 Online sat\u0131\u015f ile ilgili \u00fcyeli\u011finizi y\u00f6netmek, sipari\u015flerinizi almak, \u00f6deme i\u015flemlerinizi ger\u00e7ekle\u015ftirmek, 3. ki\u015filer ile lojistik i\u015f birli\u011fi sa\u011flay\u0131p \u00fcr\u00fcn g\u00f6nderimini sa\u011flamak, ilginizi \u00e7ekebilecek \u00fcr\u00fcn ve hizmetleri \u00f6nermek, online davran\u0131\u015fsal reklamc\u0131l\u0131k ve pazarlama, m\u00fc\u015fteri portf\u00f6y y\u00f6netimi, hizmet kalitesinin \u00f6l\u00e7\u00fclmesi ve geli\u015ftirilmesi, ileti\u015fim, optimizasyon, denetim, risk y\u00f6netimi ve kontrol, promosyon, analiz, ilgi alanlar\u0131 belirleme, skorlama, profilleme, pazarlama, sat\u0131\u015f, reklam s\u00fcre\u00e7lerini y\u00fcr\u00fctmek,<\/p>\n<h4>Ki\u015fisel Verilerinizin Aktar\u0131m\u0131:<\/h4>\n<p>Ki\u015fisel veriler, Kanun\u2019un 5. maddesinin 2. f\u0131kras\u0131nda yer alan \u015fartlardan birinin bulunmas\u0131 halinde i\u015fbu metnin d\u00f6rd\u00fcnc\u00fc maddesinde belirtilen ama\u00e7larla s\u0131n\u0131rl\u0131 olarak, \u015firket taraf\u0131ndan yukar\u0131da yer alan ama\u00e7lar do\u011frultusunda do\u011frudan veya dolayl\u0131 olarak yurti\u00e7indeki hissedarlar\u0131m\u0131za, i\u015f ortaklar\u0131m\u0131za, tedarik\u00e7ilerimize, i\u015f s\u00fcre\u00e7lerinin y\u00fcr\u00fct\u00fclmesi amac\u0131yla, \u015firket \u00c7al\u0131\u015fanlar\u0131na, kanunen yetkili kamu kurum ve kurulu\u015flar\u0131 ve kanunen yetkili \u00f6zel hukuk ki\u015filerine Kanun\u2019un 8. ve 9. maddelerinde belirtilen \u015fartlar \u00e7er\u00e7evesinde gerekli g\u00fcvenlik \u00f6nlemleri al\u0131nmak kayd\u0131yla aktar\u0131labilmektedir. Kanun\u2019un 5. maddesinin 2. f\u0131kras\u0131nda yer alan \u015fartlardan birinin bulunmamas\u0131 halinde Ki\u015fisel Verilerin aktar\u0131m\u0131 ilgili ki\u015finin a\u00e7\u0131k r\u0131zas\u0131na tabidir. Veri Sahibi Olarak Haklar\u0131n\u0131z: Ki\u015fisel Verilerinizin i\u015flenmesi ile ilgili olarak veri sorumlusu s\u0131fat\u0131yla KROISOS LAB ba\u015fvurarak 6698 say\u0131l\u0131 Ki\u015fisel Verilerin Korunmas\u0131 Kanunu\u2019nun 11. Maddesi uyar\u0131nca: a. Ki\u015fisel verinizin i\u015flenip i\u015flenmedi\u011fini \u00f6\u011frenme, b. Ki\u015fisel veriniz i\u015flenmi\u015fse buna ili\u015fkin bilgi talep etme, c. Ki\u015fisel verilerinizin i\u015flenme amac\u0131n\u0131 ve bunlar\u0131n amac\u0131na uygun kullan\u0131l\u0131p kullan\u0131lmad\u0131\u011f\u0131n\u0131 \u00f6\u011frenme, \u00e7. Yurt i\u00e7inde veya yurt d\u0131\u015f\u0131nda ki\u015fisel verilerinizin aktar\u0131ld\u0131\u011f\u0131 \u00fc\u00e7\u00fcnc\u00fc ki\u015fileri bilme, d. Ki\u015fisel verilerinizin eksik veya yanl\u0131\u015f i\u015flenmi\u015f olmas\u0131 h\u00e2linde bunlar\u0131n d\u00fczeltilmesini isteme, e. Kanun\u2019un 7. Maddesinde \u00f6ng\u00f6r\u00fclen \u015fartlar \u00e7er\u00e7evesinde ki\u015fisel verilerinizin silinmesini veya yok edilmesini isteme, f. Yukar\u0131da yer alan (d) ve (e) bentleri uyar\u0131nca yap\u0131lan i\u015flemlerin, ki\u015fisel verilerinizin aktar\u0131ld\u0131\u011f\u0131 \u00fc\u00e7\u00fcnc\u00fc ki\u015filere bildirilmesini isteme, g. \u0130\u015flenen verilerin m\u00fcnhas\u0131ran otomatik sistemler vas\u0131tas\u0131yla analiz edilmesi suretiyle taraf\u0131n\u0131z aleyhine bir sonucun ortaya \u00e7\u0131kmas\u0131na itiraz etme, ve \u011f. Ki\u015fisel verilerinizin Kanun\u2019a ayk\u0131r\u0131 olarak i\u015flenmesi sebebiyle zarara u\u011framan\u0131z h\u00e2linde zarar\u0131n giderilmesini talep etme, Yukar\u0131da s\u0131ralanan haklar\u0131n\u0131za y\u00f6nelik Ba\u015fvuru Formu \u2019nu yazan talimatlara uygun olarak doldurarak, formun imzal\u0131 bir n\u00fcshas\u0131n\u0131 KROISOS LAB TORBALI MAH. 5105 SOK. NO:3 D:10 \u0130ZM\u0130R Torbal\u0131 adresine kimli\u011finizi tespit edici belgeler ile bizzat elden iletebilir, noter kanal\u0131yla veya Kanun\u2019da belirtilen di\u011fer y\u00f6ntemler ile g\u00f6nderebilirsiniz. Talebinizin niteli\u011fine g\u00f6re en k\u0131sa s\u00fcrede ve en ge\u00e7 otuz g\u00fcn i\u00e7inde \u00fccretsiz olarak ba\u015fvurular\u0131n\u0131z sonu\u00e7land\u0131r\u0131lacakt\u0131r; ancak ayr\u0131ca bir maliyet do\u011fmas\u0131 halinde \u015eirket\u2019in Ki\u015fisel Verileri Koruma Kurulunca belirlenecek tarifeye g\u00f6re taraf\u0131n\u0131zdan \u00fccret talep edebilme hakk\u0131 sakl\u0131d\u0131r. <\/p>\n<h4>VER\u0130 SORUMLUSU \u0130LET\u0130\u015e\u0130M B\u0130LG\u0130LER\u0130 :<\/h4>\n","protected":false},"excerpt":{"rendered":"<p>K\u0130\u015e\u0130SEL VER\u0130LER\u0130N KORUNMASI KANUNU GER\u00c7EK K\u0130\u015e\u0130- TEDAR\u0130K\u00c7\u0130- M\u00dc\u015eTER\u0130-\u0130\u015e ORTA\u011eI- GER\u00c7EK K\u0130\u015e\u0130 TEMS\u0130LC\u0130S\u0130 AYDINLATMA METN\u0130 &#8211; KROISOS LAB KROISOS LAB (\u201c\u015eirket\u201d<\/p>\n","protected":false},"author":5,"featured_media":0,"parent":0,"menu_order":0,"comment_status":"closed","ping_status":"closed","template":"","meta":{"footnotes":""},"class_list":["post-11737","page","type-page","status-publish","hentry"],"jetpack_sharing_enabled":true,"_links":{"self":[{"href":"https:\/\/kroisosnumismatic.com\/tr\/wp-json\/wp\/v2\/pages\/11737","targetHints":{"allow":["GET"]}}],"collection":[{"href":"https:\/\/kroisosnumismatic.com\/tr\/wp-json\/wp\/v2\/pages"}],"about":[{"href":"https:\/\/kroisosnumismatic.com\/tr\/wp-json\/wp\/v2\/types\/page"}],"author":[{"embeddable":true,"href":"https:\/\/kroisosnumismatic.com\/tr\/wp-json\/wp\/v2\/users\/5"}],"replies":[{"embeddable":true,"href":"https:\/\/kroisosnumismatic.com\/tr\/wp-json\/wp\/v2\/comments?post=11737"}],"version-history":[{"count":0,"href":"https:\/\/kroisosnumismatic.com\/tr\/wp-json\/wp\/v2\/pages\/11737\/revisions"}],"wp:attachment":[{"href":"https:\/\/kroisosnumismatic.com\/tr\/wp-json\/wp\/v2\/media?parent=11737"}],"curies":[{"name":"wp","href":"https:\/\/api.w.org\/{rel}","templated":true}]}}