{"id":14013,"date":"2025-05-23T07:08:16","date_gmt":"2025-05-23T07:08:16","guid":{"rendered":"https:\/\/kroisosnumismatic.com\/?page_id=14013"},"modified":"2025-05-23T13:49:54","modified_gmt":"2025-05-23T13:49:54","slug":"referanslar","status":"publish","type":"page","link":"https:\/\/kroisosnumismatic.com\/tr\/referanslar\/","title":{"rendered":"Referanslar"},"content":{"rendered":"\t\t<div data-elementor-type=\"wp-page\" data-elementor-id=\"14013\" class=\"elementor elementor-14013\">\n\t\t\t\t\t\t<section class=\"elementor-section elementor-top-section elementor-element elementor-element-d43cee7 elementor-section-boxed elementor-section-height-default elementor-section-height-default wd-section-disabled\" data-id=\"d43cee7\" data-element_type=\"section\" data-e-type=\"section\">\n\t\t\t\t\t\t<div class=\"elementor-container elementor-column-gap-default\">\n\t\t\t\t\t<header class=\"elementor-column elementor-col-100 elementor-top-column elementor-element elementor-element-d29c6c3\" data-id=\"d29c6c3\" data-element_type=\"column\" data-e-type=\"column\" data-settings=\"{&quot;background_background&quot;:&quot;gradient&quot;}\">\n\t\t\t<div class=\"elementor-widget-wrap elementor-element-populated\">\n\t\t\t\t\t\t<div class=\"elementor-element elementor-element-5d7346f elementor-widget elementor-widget-wd_text_block\" data-id=\"5d7346f\" data-element_type=\"widget\" data-e-type=\"widget\" data-widget_type=\"wd_text_block.default\">\n\t\t\t\t<div class=\"elementor-widget-container\">\n\t\t\t\t\t\t\t<div class=\"wd-text-block reset-last-child text-left\">\n\t\t\t\n\t\t\t<p style=\"text-align: center;\"><span style=\"color: #ffffff;\"><strong>KAZI EVLER\u0130 &amp; RESM\u0130 KURUMLAR<\/strong><\/span><span style=\"font-size: 14px; text-align: left; background-color: transparent;\"><\/span><\/p>\n\t\t\t\t\t<\/div>\n\t\t\t\t\t\t<\/div>\n\t\t\t\t<\/div>\n\t\t\t\t\t<\/div>\n\t\t<\/header>\n\t\t\t\t\t<\/div>\n\t\t<\/section>\n\t\t\t\t<section class=\"elementor-section elementor-top-section elementor-element elementor-element-ee16b4f elementor-section-boxed elementor-section-height-default elementor-section-height-default wd-section-disabled\" data-id=\"ee16b4f\" data-element_type=\"section\" data-e-type=\"section\">\n\t\t\t\t\t\t<div class=\"elementor-container elementor-column-gap-default\">\n\t\t\t\t\t<div class=\"elementor-column elementor-col-33 elementor-top-column elementor-element elementor-element-960be07\" data-id=\"960be07\" data-element_type=\"column\" data-e-type=\"column\">\n\t\t\t<div class=\"elementor-widget-wrap elementor-element-populated\">\n\t\t\t\t\t\t<div class=\"elementor-element elementor-element-f72487d elementor-widget elementor-widget-wd_text_block\" data-id=\"f72487d\" data-element_type=\"widget\" data-e-type=\"widget\" data-widget_type=\"wd_text_block.default\">\n\t\t\t\t<div class=\"elementor-widget-container\">\n\t\t\t\t\t\t\t<div class=\"wd-text-block reset-last-child text-left\">\n\t\t\t\n\t\t\t<p style=\"text-align: center;\"><span style=\"color: #000000;\">AFRODISIAS<\/span><span style=\"color: #000000;\"> KAZI BA\u015eKANLI\u011eI<\/span><\/p>\n\t\t\t\t\t<\/div>\n\t\t\t\t\t\t<\/div>\n\t\t\t\t<\/div>\n\t\t\t\t<div class=\"elementor-element elementor-element-74a9ce9 elementor-widget elementor-widget-wd_image_or_svg\" data-id=\"74a9ce9\" data-element_type=\"widget\" data-e-type=\"widget\" data-widget_type=\"wd_image_or_svg.default\">\n\t\t\t\t<div class=\"elementor-widget-container\">\n\t\t\t\t\t\n\t\t<div class=\"wd-image text-center\">\n\t\t\t\t\t\t\t\t<img data-recalc-dims=\"1\" decoding=\"async\" width=\"200\" height=\"200\" src=\"https:\/\/i0.wp.com\/kroisosnumismatic.com\/wp-content\/uploads\/2025\/02\/tetrapylon-614x511-1.jpg?resize=200%2C200&#038;ssl=1\" class=\"attachment-200x200 size-200x200\" alt=\"\" srcset=\"https:\/\/i0.wp.com\/kroisosnumismatic.com\/wp-content\/uploads\/2025\/02\/tetrapylon-614x511-1-e1748005334629.jpg?resize=200%2C200&amp;ssl=1 200w, https:\/\/i0.wp.com\/kroisosnumismatic.com\/wp-content\/uploads\/2025\/02\/tetrapylon-614x511-1-e1748005334629.jpg?resize=150%2C150&amp;ssl=1 150w\" sizes=\"(max-width: 200px) 100vw, 200px\" \/>\t\t\t\t\t<\/div>\n\n\t\t\t\t\t\t<\/div>\n\t\t\t\t<\/div>\n\t\t\t\t<div class=\"elementor-element elementor-element-ce6dec9 elementor-widget elementor-widget-wd_text_block\" data-id=\"ce6dec9\" data-element_type=\"widget\" data-e-type=\"widget\" data-widget_type=\"wd_text_block.default\">\n\t\t\t\t<div class=\"elementor-widget-container\">\n\t\t\t\t\t\t\t<div class=\"wd-text-block reset-last-child text-left\">\n\t\t\t\n\t\t\t<p>\u00a0<\/p><p>\u00a0<\/p>\n\t\t\t\t\t<\/div>\n\t\t\t\t\t\t<\/div>\n\t\t\t\t<\/div>\n\t\t\t\t\t<\/div>\n\t\t<\/div>\n\t\t\t\t<div class=\"elementor-column elementor-col-33 elementor-top-column elementor-element elementor-element-a9f32e2\" data-id=\"a9f32e2\" data-element_type=\"column\" data-e-type=\"column\">\n\t\t\t<div class=\"elementor-widget-wrap elementor-element-populated\">\n\t\t\t\t\t\t<div class=\"elementor-element elementor-element-b83ff62 elementor-widget elementor-widget-wd_text_block\" data-id=\"b83ff62\" data-element_type=\"widget\" data-e-type=\"widget\" data-widget_type=\"wd_text_block.default\">\n\t\t\t\t<div class=\"elementor-widget-container\">\n\t\t\t\t\t\t\t<div class=\"wd-text-block reset-last-child text-left\">\n\t\t\t\n\t\t\t<p style=\"text-align: center;\"><span style=\"color: #000000;\">EFES KAZI BA\u015eKANLI\u011eI<\/span><\/p>\n\t\t\t\t\t<\/div>\n\t\t\t\t\t\t<\/div>\n\t\t\t\t<\/div>\n\t\t\t\t<div class=\"elementor-element elementor-element-eda0d9c elementor-widget elementor-widget-wd_image_or_svg\" data-id=\"eda0d9c\" data-element_type=\"widget\" data-e-type=\"widget\" data-widget_type=\"wd_image_or_svg.default\">\n\t\t\t\t<div class=\"elementor-widget-container\">\n\t\t\t\t\t\n\t\t<div class=\"wd-image text-center\">\n\t\t\t\t\t\t\t\t<img data-recalc-dims=\"1\" decoding=\"async\" width=\"200\" height=\"200\" src=\"https:\/\/i0.wp.com\/kroisosnumismatic.com\/wp-content\/uploads\/2025\/02\/Ephesus_Celsus_Library_Facade-scaled.jpg?resize=200%2C200&#038;ssl=1\" class=\"attachment-200x200 size-200x200\" alt=\"\" srcset=\"https:\/\/i0.wp.com\/kroisosnumismatic.com\/wp-content\/uploads\/2025\/02\/Ephesus_Celsus_Library_Facade-scaled-e1748005315214.jpg?resize=200%2C200&amp;ssl=1 200w, https:\/\/i0.wp.com\/kroisosnumismatic.com\/wp-content\/uploads\/2025\/02\/Ephesus_Celsus_Library_Facade-scaled-e1748005315214.jpg?resize=150%2C150&amp;ssl=1 150w\" sizes=\"(max-width: 200px) 100vw, 200px\" \/>\t\t\t\t\t<\/div>\n\n\t\t\t\t\t\t<\/div>\n\t\t\t\t<\/div>\n\t\t\t\t<div class=\"elementor-element elementor-element-6ba0fde elementor-widget elementor-widget-wd_text_block\" data-id=\"6ba0fde\" data-element_type=\"widget\" data-e-type=\"widget\" data-widget_type=\"wd_text_block.default\">\n\t\t\t\t<div class=\"elementor-widget-container\">\n\t\t\t\t\t\t\t<div class=\"wd-text-block reset-last-child text-left\">\n\t\t\t\n\t\t\t\n\t\t\t\t\t<\/div>\n\t\t\t\t\t\t<\/div>\n\t\t\t\t<\/div>\n\t\t\t\t\t<\/div>\n\t\t<\/div>\n\t\t\t\t<div class=\"elementor-column elementor-col-33 elementor-top-column elementor-element elementor-element-d277ef8\" data-id=\"d277ef8\" data-element_type=\"column\" data-e-type=\"column\">\n\t\t\t<div class=\"elementor-widget-wrap elementor-element-populated\">\n\t\t\t\t\t\t<div class=\"elementor-element elementor-element-e88db41 elementor-widget elementor-widget-wd_text_block\" data-id=\"e88db41\" data-element_type=\"widget\" data-e-type=\"widget\" data-widget_type=\"wd_text_block.default\">\n\t\t\t\t<div class=\"elementor-widget-container\">\n\t\t\t\t\t\t\t<div class=\"wd-text-block reset-last-child text-left\">\n\t\t\t\n\t\t\t<p style=\"text-align: center;\"><span style=\"font-family: inherit; font-style: inherit; font-variant-ligatures: inherit; font-variant-caps: inherit; font-weight: inherit; text-align: left; color: #000000;\"><span style=\"font-size: 14px;\">STRATONIKEA KAZI BA\u015eKANLI\u011eI<\/span><\/span><span style=\"font-size: 14px; text-align: left;\"><\/span><\/p>\n\t\t\t\t\t<\/div>\n\t\t\t\t\t\t<\/div>\n\t\t\t\t<\/div>\n\t\t\t\t<div class=\"elementor-element elementor-element-801e2a2 elementor-widget elementor-widget-wd_image_or_svg\" data-id=\"801e2a2\" data-element_type=\"widget\" data-e-type=\"widget\" data-widget_type=\"wd_image_or_svg.default\">\n\t\t\t\t<div class=\"elementor-widget-container\">\n\t\t\t\t\t\n\t\t<div class=\"wd-image text-center\">\n\t\t\t\t\t\t\t\t<img data-recalc-dims=\"1\" decoding=\"async\" width=\"200\" height=\"200\" src=\"https:\/\/i0.wp.com\/kroisosnumismatic.com\/wp-content\/uploads\/2025\/02\/Stratonikea.png?resize=200%2C200&#038;ssl=1\" class=\"attachment-200x200 size-200x200\" alt=\"\" srcset=\"https:\/\/i0.wp.com\/kroisosnumismatic.com\/wp-content\/uploads\/2025\/02\/Stratonikea-e1748005275580.png?resize=200%2C200&amp;ssl=1 200w, https:\/\/i0.wp.com\/kroisosnumismatic.com\/wp-content\/uploads\/2025\/02\/Stratonikea-e1748005275580.png?resize=150%2C150&amp;ssl=1 150w\" sizes=\"(max-width: 200px) 100vw, 200px\" \/>\t\t\t\t\t<\/div>\n\n\t\t\t\t\t\t<\/div>\n\t\t\t\t<\/div>\n\t\t\t\t<div class=\"elementor-element elementor-element-33cb052 elementor-widget elementor-widget-wd_text_block\" data-id=\"33cb052\" data-element_type=\"widget\" data-e-type=\"widget\" data-widget_type=\"wd_text_block.default\">\n\t\t\t\t<div class=\"elementor-widget-container\">\n\t\t\t\t\t\t\t<div class=\"wd-text-block reset-last-child text-left\">\n\t\t\t\n\t\t\t\n\t\t\t\t\t<\/div>\n\t\t\t\t\t\t<\/div>\n\t\t\t\t<\/div>\n\t\t\t\t\t<\/div>\n\t\t<\/div>\n\t\t\t\t\t<\/div>\n\t\t<\/section>\n\t\t\t\t<section class=\"elementor-section elementor-top-section elementor-element elementor-element-0b181d0 elementor-section-boxed elementor-section-height-default elementor-section-height-default wd-section-disabled\" data-id=\"0b181d0\" data-element_type=\"section\" data-e-type=\"section\">\n\t\t\t\t\t\t<div class=\"elementor-container elementor-column-gap-default\">\n\t\t\t\t\t<header class=\"elementor-column elementor-col-100 elementor-top-column elementor-element elementor-element-be51fac\" data-id=\"be51fac\" data-element_type=\"column\" data-e-type=\"column\" data-settings=\"{&quot;background_background&quot;:&quot;gradient&quot;}\">\n\t\t\t<div class=\"elementor-widget-wrap elementor-element-populated\">\n\t\t\t\t\t\t<div class=\"elementor-element elementor-element-9d21f8a elementor-widget elementor-widget-wd_text_block\" data-id=\"9d21f8a\" data-element_type=\"widget\" data-e-type=\"widget\" data-widget_type=\"wd_text_block.default\">\n\t\t\t\t<div class=\"elementor-widget-container\">\n\t\t\t\t\t\t\t<div class=\"wd-text-block reset-last-child text-left\">\n\t\t\t\n\t\t\t<p style=\"text-align: center;\"><span style=\"color: #ffffff;\"><b>RESTORASYON LABORATUVARLARI &amp; M\u00dcHEND\u0130SL\u0130K F\u0130RMALARI<\/b><\/span><span style=\"font-size: 14px; text-align: left; background-color: transparent;\"><\/span><\/p>\n\t\t\t\t\t<\/div>\n\t\t\t\t\t\t<\/div>\n\t\t\t\t<\/div>\n\t\t\t\t\t<\/div>\n\t\t<\/header>\n\t\t\t\t\t<\/div>\n\t\t<\/section>\n\t\t\t\t<section class=\"elementor-section elementor-top-section elementor-element elementor-element-defbdad elementor-section-boxed elementor-section-height-default elementor-section-height-default wd-section-disabled\" data-id=\"defbdad\" data-element_type=\"section\" data-e-type=\"section\">\n\t\t\t\t\t\t<div class=\"elementor-container elementor-column-gap-default\">\n\t\t\t\t\t<div class=\"elementor-column elementor-col-33 elementor-top-column elementor-element elementor-element-64416b5\" data-id=\"64416b5\" data-element_type=\"column\" data-e-type=\"column\">\n\t\t\t<div class=\"elementor-widget-wrap elementor-element-populated\">\n\t\t\t\t\t\t<div class=\"elementor-element elementor-element-bf92d80 elementor-widget elementor-widget-wd_text_block\" data-id=\"bf92d80\" data-element_type=\"widget\" data-e-type=\"widget\" data-widget_type=\"wd_text_block.default\">\n\t\t\t\t<div class=\"elementor-widget-container\">\n\t\t\t\t\t\t\t<div class=\"wd-text-block reset-last-child text-left\">\n\t\t\t\n\t\t\t<p style=\"text-align: center;\"><span style=\"color: #000000;\">KARAO\u011eLU RESTORASYON VE KONSERVASYON LABORATUVARLARI<\/span><\/p>\n\t\t\t\t\t<\/div>\n\t\t\t\t\t\t<\/div>\n\t\t\t\t<\/div>\n\t\t\t\t<div class=\"elementor-element elementor-element-0a4d390 elementor-widget elementor-widget-wd_image_or_svg\" data-id=\"0a4d390\" data-element_type=\"widget\" data-e-type=\"widget\" data-widget_type=\"wd_image_or_svg.default\">\n\t\t\t\t<div class=\"elementor-widget-container\">\n\t\t\t\t\t\n\t\t<div class=\"wd-image text-center\">\n\t\t\t\t\t\t\t\t<img data-recalc-dims=\"1\" loading=\"lazy\" decoding=\"async\" width=\"200\" height=\"200\" src=\"https:\/\/i0.wp.com\/kroisosnumismatic.com\/wp-content\/uploads\/2025\/05\/Karaoglu_Restorasyon.jpg?resize=200%2C200&#038;ssl=1\" class=\"attachment-200x200 size-200x200\" alt=\"\" \/>\t\t\t\t\t<\/div>\n\n\t\t\t\t\t\t<\/div>\n\t\t\t\t<\/div>\n\t\t\t\t<div class=\"elementor-element elementor-element-a66c11c elementor-widget elementor-widget-wd_text_block\" data-id=\"a66c11c\" data-element_type=\"widget\" data-e-type=\"widget\" data-widget_type=\"wd_text_block.default\">\n\t\t\t\t<div class=\"elementor-widget-container\">\n\t\t\t\t\t\t\t<div class=\"wd-text-block reset-last-child text-left\">\n\t\t\t\n\t\t\t\n\t\t\t\t\t<\/div>\n\t\t\t\t\t\t<\/div>\n\t\t\t\t<\/div>\n\t\t\t\t\t<\/div>\n\t\t<\/div>\n\t\t\t\t<div class=\"elementor-column elementor-col-33 elementor-top-column elementor-element elementor-element-f0ebccb\" data-id=\"f0ebccb\" data-element_type=\"column\" data-e-type=\"column\">\n\t\t\t<div class=\"elementor-widget-wrap elementor-element-populated\">\n\t\t\t\t\t\t<div class=\"elementor-element elementor-element-e13b636 elementor-widget elementor-widget-wd_text_block\" data-id=\"e13b636\" data-element_type=\"widget\" data-e-type=\"widget\" data-widget_type=\"wd_text_block.default\">\n\t\t\t\t<div class=\"elementor-widget-container\">\n\t\t\t\t\t\t\t<div class=\"wd-text-block reset-last-child text-left\">\n\t\t\t\n\t\t\t<p style=\"text-align: center;\"><span style=\"color: #000000;\">KORU ANITSAL RESTORASYON &amp; M\u00dcHEND\u0130SL\u0130K<\/span><\/p><p style=\"text-align: center;\"><span style=\"font-size: 14px; text-align: left;\"><\/span><\/p>\n\t\t\t\t\t<\/div>\n\t\t\t\t\t\t<\/div>\n\t\t\t\t<\/div>\n\t\t\t\t<div class=\"elementor-element elementor-element-ed9eedf elementor-widget elementor-widget-wd_image_or_svg\" data-id=\"ed9eedf\" data-element_type=\"widget\" data-e-type=\"widget\" data-widget_type=\"wd_image_or_svg.default\">\n\t\t\t\t<div class=\"elementor-widget-container\">\n\t\t\t\t\t\n\t\t<div class=\"wd-image text-center\">\n\t\t\t\t\t\t\t\t<img data-recalc-dims=\"1\" loading=\"lazy\" decoding=\"async\" width=\"200\" height=\"150\" src=\"https:\/\/i0.wp.com\/kroisosnumismatic.com\/wp-content\/uploads\/2025\/02\/Koru-Anitsal-e1748005354971.jpg?resize=200%2C150&#038;ssl=1\" class=\"attachment-200x200 size-200x200\" alt=\"\" \/>\t\t\t\t\t<\/div>\n\n\t\t\t\t\t\t<\/div>\n\t\t\t\t<\/div>\n\t\t\t\t<div class=\"elementor-element elementor-element-ae7cb54 elementor-widget elementor-widget-wd_text_block\" data-id=\"ae7cb54\" data-element_type=\"widget\" data-e-type=\"widget\" data-widget_type=\"wd_text_block.default\">\n\t\t\t\t<div class=\"elementor-widget-container\">\n\t\t\t\t\t\t\t<div class=\"wd-text-block reset-last-child text-left\">\n\t\t\t\n\t\t\t\n\t\t\t\t\t<\/div>\n\t\t\t\t\t\t<\/div>\n\t\t\t\t<\/div>\n\t\t\t\t\t<\/div>\n\t\t<\/div>\n\t\t\t\t<div class=\"elementor-column elementor-col-33 elementor-top-column elementor-element elementor-element-f71d016\" data-id=\"f71d016\" data-element_type=\"column\" data-e-type=\"column\">\n\t\t\t<div class=\"elementor-widget-wrap\">\n\t\t\t\t\t\t\t<\/div>\n\t\t<\/div>\n\t\t\t\t\t<\/div>\n\t\t<\/section>\n\t\t\t\t<\/div>\n\t\t","protected":false},"excerpt":{"rendered":"<p>KAZI EVLER\u0130 &amp; RESM\u0130 KURUMLAR AFRODISIAS KAZI BA\u015eKANLI\u011eI \u00a0 \u00a0 EFES KAZI BA\u015eKANLI\u011eI STRATONIKEA KAZI BA\u015eKANLI\u011eI RESTORASYON LABORATUVARLARI &amp; M\u00dcHEND\u0130SL\u0130K<\/p>\n","protected":false},"author":5,"featured_media":0,"parent":0,"menu_order":0,"comment_status":"closed","ping_status":"closed","template":"","meta":{"footnotes":""},"class_list":["post-14013","page","type-page","status-publish","hentry"],"jetpack_sharing_enabled":true,"_links":{"self":[{"href":"https:\/\/kroisosnumismatic.com\/tr\/wp-json\/wp\/v2\/pages\/14013","targetHints":{"allow":["GET"]}}],"collection":[{"href":"https:\/\/kroisosnumismatic.com\/tr\/wp-json\/wp\/v2\/pages"}],"about":[{"href":"https:\/\/kroisosnumismatic.com\/tr\/wp-json\/wp\/v2\/types\/page"}],"author":[{"embeddable":true,"href":"https:\/\/kroisosnumismatic.com\/tr\/wp-json\/wp\/v2\/users\/5"}],"replies":[{"embeddable":true,"href":"https:\/\/kroisosnumismatic.com\/tr\/wp-json\/wp\/v2\/comments?post=14013"}],"version-history":[{"count":22,"href":"https:\/\/kroisosnumismatic.com\/tr\/wp-json\/wp\/v2\/pages\/14013\/revisions"}],"predecessor-version":[{"id":14117,"href":"https:\/\/kroisosnumismatic.com\/tr\/wp-json\/wp\/v2\/pages\/14013\/revisions\/14117"}],"wp:attachment":[{"href":"https:\/\/kroisosnumismatic.com\/tr\/wp-json\/wp\/v2\/media?parent=14013"}],"curies":[{"name":"wp","href":"https:\/\/api.w.org\/{rel}","templated":true}]}}