{"id":11057,"date":"2022-12-16T12:32:53","date_gmt":"2022-12-16T12:32:53","guid":{"rendered":"https:\/\/kroisosnumismatic.com\/?post_type=product&#038;p=11057"},"modified":"2026-01-02T19:02:52","modified_gmt":"2026-01-02T19:02:52","slug":"fiziksel-temizlik-kiti","status":"publish","type":"product","link":"https:\/\/kroisosnumismatic.com\/tr\/shop\/fiziksel-temizlik-kiti\/","title":{"rendered":"Fiziksel Temizlik Kiti"},"content":{"rendered":"<p>Fiziksel Temizlik Kiti, kimyasal \u00e7\u00f6z\u00fcmlerin tercih edilmedi\u011fi ya da kimyasal i\u015flemler sonras\u0131 kalabilecek tortular\u0131n giderilmesi i\u00e7in tasarlanm\u0131\u015f \u00e7ok i\u015flevli aletler grubudur. Set olarak sunulmaktad\u0131r. Kutu i\u00e7eri\u011finde (bir) adet mandren, (\u00fc\u00e7) adet elmas karb\u00fcr temizlik ucu, (bir) adet 3,0 \u03bc ve 4.0 \u03bc kal\u0131nl\u0131kta \u00e7ift tarafl\u0131 \u00e7elik tel f\u0131r\u00e7a, (iki) adet fiber kalem, (bir) adet skarpela, (iki) adet temizleme \u00e7ubu\u011fu, (bir) adet temizlik pedi bulunmaktad\u0131r.\u00a0 Aletler el i\u015f\u00e7ili\u011fi ile \u00fcretilmektedir. Uzman ve profesyonellerin i\u015flerini, olduk\u00e7a kolayla\u015ft\u0131r\u0131r ve kullan\u0131m\u0131 basittir. Uzun \u00f6m\u00fcrl\u00fc yap\u0131da g\u00fcvenle kullanabilirsiniz.<\/p>\n","protected":false},"excerpt":{"rendered":"<p>Fiziksel Temizlik Kiti, kimyasal \u00e7\u00f6z\u00fcmlerin tercih edilmedi\u011fi ya da kimyasal i\u015flemler sonras\u0131 kalabilecek tortular\u0131n giderilmesi i\u00e7in tasarlanm\u0131\u015f \u00e7ok i\u015flevli aletler<\/p>\n","protected":false},"featured_media":11558,"comment_status":"open","ping_status":"closed","template":"","meta":[],"product_brand":[],"product_cat":[104],"product_tag":[],"class_list":{"0":"post-11057","1":"product","2":"type-product","3":"status-publish","4":"has-post-thumbnail","6":"product_cat-mekanik-temizlik-urunleri","8":"first","9":"instock","10":"taxable","11":"shipping-taxable","12":"purchasable","13":"product-type-simple"},"jetpack_sharing_enabled":true,"_links":{"self":[{"href":"https:\/\/kroisosnumismatic.com\/tr\/wp-json\/wp\/v2\/product\/11057","targetHints":{"allow":["GET"]}}],"collection":[{"href":"https:\/\/kroisosnumismatic.com\/tr\/wp-json\/wp\/v2\/product"}],"about":[{"href":"https:\/\/kroisosnumismatic.com\/tr\/wp-json\/wp\/v2\/types\/product"}],"replies":[{"embeddable":true,"href":"https:\/\/kroisosnumismatic.com\/tr\/wp-json\/wp\/v2\/comments?post=11057"}],"version-history":[{"count":1,"href":"https:\/\/kroisosnumismatic.com\/tr\/wp-json\/wp\/v2\/product\/11057\/revisions"}],"predecessor-version":[{"id":14225,"href":"https:\/\/kroisosnumismatic.com\/tr\/wp-json\/wp\/v2\/product\/11057\/revisions\/14225"}],"wp:featuredmedia":[{"embeddable":true,"href":"https:\/\/kroisosnumismatic.com\/tr\/wp-json\/wp\/v2\/media\/11558"}],"wp:attachment":[{"href":"https:\/\/kroisosnumismatic.com\/tr\/wp-json\/wp\/v2\/media?parent=11057"}],"wp:term":[{"taxonomy":"product_brand","embeddable":true,"href":"https:\/\/kroisosnumismatic.com\/tr\/wp-json\/wp\/v2\/product_brand?post=11057"},{"taxonomy":"product_cat","embeddable":true,"href":"https:\/\/kroisosnumismatic.com\/tr\/wp-json\/wp\/v2\/product_cat?post=11057"},{"taxonomy":"product_tag","embeddable":true,"href":"https:\/\/kroisosnumismatic.com\/tr\/wp-json\/wp\/v2\/product_tag?post=11057"}],"curies":[{"name":"wp","href":"https:\/\/api.w.org\/{rel}","templated":true}]}}