{"id":11188,"date":"2022-12-16T14:23:01","date_gmt":"2022-12-16T14:23:01","guid":{"rendered":"https:\/\/kroisosnumismatic.com\/?post_type=product&#038;p=11188"},"modified":"2026-01-02T19:02:21","modified_gmt":"2026-01-02T19:02:21","slug":"kimyasal-temizlik-kiti","status":"publish","type":"product","link":"https:\/\/kroisosnumismatic.com\/tr\/shop\/kimyasal-temizlik-kiti\/","title":{"rendered":"Kimyasal Temizlik Kiti"},"content":{"rendered":"<p>\u00dcr\u00fcn i\u00e7eri\u011finde <strong>BR<\/strong> <strong>Bak\u0131r, Bronz Temizlik Sol\u00fcsyonu<\/strong> (150 ML) ile <strong>B72 Paraloid<\/strong> <strong>Sol\u00fcsyonu<\/strong>, \u00a0(30 ML ) bulunmaktad\u0131r. K\u00fc\u00e7\u00fck ve local ihtiya\u00e7lara \u00e7\u00f6z\u00fcm \u00fcretmek i\u00e7in haz\u0131rlanm\u0131\u015ft\u0131r. \u0130\u00e7eri\u011fi ve i\u015flevleri incelemek i\u00e7in <strong>BR<\/strong> <strong>Bak\u0131r, Bronz Temizlik Sol\u00fcsyonu<\/strong> ve <strong>B72 Paraloid<\/strong> <strong>Sol\u00fcsyonu <\/strong>veri tablolar\u0131n\u0131 inceleyiniz.<\/p>\n<p>BR sol\u00fcsyonu, belirtilen kapsamda, ala\u015f\u0131ml\u0131\u00a0madeni paralar, sikke ve metallerin,\u00a0temizli\u011finde g\u00fcvenle kullan\u0131labilir. Katmanlar\u0131n \u00e7\u00f6z\u00fclmesinde olduk\u00e7a etkilidir. Y\u00fczeyde k\u0131r\u0131lm\u0131\u015f, d\u00f6k\u00fclm\u00fc\u015f\u00a0patin noktalar\u0131\u00a0varsa dikkatle kullan\u0131lmal\u0131\u00a0ve s\u0131k takip edilmelidir. Uygulama 0,25 &#8211; 3 saat aral\u0131\u011f\u0131nda s\u0131k periyodik kontrollerle yap\u0131labilir.<\/p>\n<p>B72 Paraloid sol\u00fcsyonu, akrilik re\u00e7ine \u00e7\u00f6zeltisi olup, metal y\u00fczeylere tatbik edilmesi suretiyle metalin oksitlenmesini ve korozyona uyramas\u0131n\u0131 engeller.\u00a0 Genel kullan\u0131m\u0131 olan bir \u00fcr\u00fcnd\u00fcr. Uygulamadan sonra h\u0131zl\u0131 \u015fekilde kuruma sa\u011flar.<\/p>\n<p>&nbsp;<\/p>\n<p>&nbsp;<\/p>\n<p>&nbsp;<\/p>\n","protected":false},"excerpt":{"rendered":"<p>\u00dcr\u00fcn i\u00e7eri\u011finde BR Bak\u0131r, Bronz Temizlik Sol\u00fcsyonu (150 ML) ile B72 Paraloid Sol\u00fcsyonu, \u00a0(30 ML ) bulunmaktad\u0131r. K\u00fc\u00e7\u00fck ve local<\/p>\n","protected":false},"featured_media":11560,"comment_status":"open","ping_status":"closed","template":"","meta":[],"product_brand":[],"product_cat":[105],"product_tag":[],"class_list":{"0":"post-11188","1":"product","2":"type-product","3":"status-publish","4":"has-post-thumbnail","6":"product_cat-kimyasal-temizlik-urunleri","8":"first","9":"instock","10":"taxable","11":"shipping-taxable","12":"purchasable","13":"product-type-simple"},"jetpack_sharing_enabled":true,"_links":{"self":[{"href":"https:\/\/kroisosnumismatic.com\/tr\/wp-json\/wp\/v2\/product\/11188","targetHints":{"allow":["GET"]}}],"collection":[{"href":"https:\/\/kroisosnumismatic.com\/tr\/wp-json\/wp\/v2\/product"}],"about":[{"href":"https:\/\/kroisosnumismatic.com\/tr\/wp-json\/wp\/v2\/types\/product"}],"replies":[{"embeddable":true,"href":"https:\/\/kroisosnumismatic.com\/tr\/wp-json\/wp\/v2\/comments?post=11188"}],"version-history":[{"count":1,"href":"https:\/\/kroisosnumismatic.com\/tr\/wp-json\/wp\/v2\/product\/11188\/revisions"}],"predecessor-version":[{"id":14224,"href":"https:\/\/kroisosnumismatic.com\/tr\/wp-json\/wp\/v2\/product\/11188\/revisions\/14224"}],"wp:featuredmedia":[{"embeddable":true,"href":"https:\/\/kroisosnumismatic.com\/tr\/wp-json\/wp\/v2\/media\/11560"}],"wp:attachment":[{"href":"https:\/\/kroisosnumismatic.com\/tr\/wp-json\/wp\/v2\/media?parent=11188"}],"wp:term":[{"taxonomy":"product_brand","embeddable":true,"href":"https:\/\/kroisosnumismatic.com\/tr\/wp-json\/wp\/v2\/product_brand?post=11188"},{"taxonomy":"product_cat","embeddable":true,"href":"https:\/\/kroisosnumismatic.com\/tr\/wp-json\/wp\/v2\/product_cat?post=11188"},{"taxonomy":"product_tag","embeddable":true,"href":"https:\/\/kroisosnumismatic.com\/tr\/wp-json\/wp\/v2\/product_tag?post=11188"}],"curies":[{"name":"wp","href":"https:\/\/api.w.org\/{rel}","templated":true}]}}