{"id":11190,"date":"2022-12-16T14:38:58","date_gmt":"2022-12-16T14:38:58","guid":{"rendered":"https:\/\/kroisosnumismatic.com\/?post_type=product&#038;p=11190"},"modified":"2026-01-02T19:01:52","modified_gmt":"2026-01-02T19:01:52","slug":"wax-polish-koruyucu-pasta","status":"publish","type":"product","link":"https:\/\/kroisosnumismatic.com\/tr\/shop\/wax-polish-koruyucu-pasta\/","title":{"rendered":"Wax &#038; Polish Koruyucu Pasta"},"content":{"rendered":"<p>\u00dcr\u00fcn temizlik a\u015famas\u0131ndan sonra metal y\u00fczeylerde oksidasyonun \u00f6n\u00fcne ge\u00e7mek ve materyali tamamen m\u00fch\u00fcrlemek amac\u0131yla kullan\u0131lmaktad\u0131r. %100 sentetik bile\u015fiklerden olu\u015fmaktad\u0131r. Organik bile\u015fikli waxlardan farkl\u0131 olarak zaman i\u00e7erisinde PH dengesi bozulmaz ve asidite oranlar\u0131 y\u00fckselmez, stabildir. Uygulama yap\u0131lan y\u00fczey do\u011frudan \u0131s\u0131 ve \u0131\u015f\u0131k kayna\u011f\u0131na\u00a0 maruz b\u0131rak\u0131lmad\u0131\u011f\u0131 s\u00fcrece uzun y\u0131llar koruma sa\u011flar. Paraloid re\u00e7ine uygulamalar\u0131na nazaran parlama olu\u015fturmaz ve obje \u00fczerindeki renk tonlar\u0131n\u0131n oturmas\u0131n\u0131 ve daha yumu\u015fak renk ge\u00e7i\u015fleri olu\u015fmas\u0131n\u0131 sa\u011flar. Uygulanmas\u0131 pratik bir \u00fcr\u00fcnd\u00fcr. Metal haricinde ta\u015f, ah\u015fap ve s\u0131rl\u0131, s\u0131rs\u0131z terracotta objelerde g\u00fcvenle kullan\u0131labilir.<\/p>\n","protected":false},"excerpt":{"rendered":"<p>\u00dcr\u00fcn temizlik a\u015famas\u0131ndan sonra metal y\u00fczeylerde oksidasyonun \u00f6n\u00fcne ge\u00e7mek ve materyali tamamen m\u00fch\u00fcrlemek amac\u0131yla kullan\u0131lmaktad\u0131r. %100 sentetik bile\u015fiklerden olu\u015fmaktad\u0131r. Organik<\/p>\n","protected":false},"featured_media":11562,"comment_status":"open","ping_status":"closed","template":"","meta":[],"product_brand":[],"product_cat":[106],"product_tag":[],"class_list":{"0":"post-11190","1":"product","2":"type-product","3":"status-publish","4":"has-post-thumbnail","6":"product_cat-koruyucu-urunler","8":"first","9":"instock","10":"taxable","11":"shipping-taxable","12":"purchasable","13":"product-type-simple"},"jetpack_sharing_enabled":true,"_links":{"self":[{"href":"https:\/\/kroisosnumismatic.com\/tr\/wp-json\/wp\/v2\/product\/11190","targetHints":{"allow":["GET"]}}],"collection":[{"href":"https:\/\/kroisosnumismatic.com\/tr\/wp-json\/wp\/v2\/product"}],"about":[{"href":"https:\/\/kroisosnumismatic.com\/tr\/wp-json\/wp\/v2\/types\/product"}],"replies":[{"embeddable":true,"href":"https:\/\/kroisosnumismatic.com\/tr\/wp-json\/wp\/v2\/comments?post=11190"}],"version-history":[{"count":1,"href":"https:\/\/kroisosnumismatic.com\/tr\/wp-json\/wp\/v2\/product\/11190\/revisions"}],"predecessor-version":[{"id":14223,"href":"https:\/\/kroisosnumismatic.com\/tr\/wp-json\/wp\/v2\/product\/11190\/revisions\/14223"}],"wp:featuredmedia":[{"embeddable":true,"href":"https:\/\/kroisosnumismatic.com\/tr\/wp-json\/wp\/v2\/media\/11562"}],"wp:attachment":[{"href":"https:\/\/kroisosnumismatic.com\/tr\/wp-json\/wp\/v2\/media?parent=11190"}],"wp:term":[{"taxonomy":"product_brand","embeddable":true,"href":"https:\/\/kroisosnumismatic.com\/tr\/wp-json\/wp\/v2\/product_brand?post=11190"},{"taxonomy":"product_cat","embeddable":true,"href":"https:\/\/kroisosnumismatic.com\/tr\/wp-json\/wp\/v2\/product_cat?post=11190"},{"taxonomy":"product_tag","embeddable":true,"href":"https:\/\/kroisosnumismatic.com\/tr\/wp-json\/wp\/v2\/product_tag?post=11190"}],"curies":[{"name":"wp","href":"https:\/\/api.w.org\/{rel}","templated":true}]}}