{"id":11193,"date":"2022-12-16T14:44:17","date_gmt":"2022-12-16T14:44:17","guid":{"rendered":"https:\/\/kroisosnumismatic.com\/?post_type=product&#038;p=11193"},"modified":"2026-01-02T19:01:11","modified_gmt":"2026-01-02T19:01:11","slug":"b72-paraloid","status":"publish","type":"product","link":"https:\/\/kroisosnumismatic.com\/tr\/shop\/b72-paraloid\/","title":{"rendered":"B72 Paraloid"},"content":{"rendered":"<p>Objelerin korunmas\u0131 amac\u0131yla kullan\u0131lan koruma sa\u011flayan akrilik re\u00e7ine sol\u00fcsyonudur. Koruma materyalleri aras\u0131nda \u00f6nde gelen re\u00e7ine sol\u00fcsyonumuz y\u00fczeyde film olu\u015fturarak oksidasyonu keser.<\/p>\n","protected":false},"excerpt":{"rendered":"<p>Objelerin korunmas\u0131 amac\u0131yla kullan\u0131lan koruma sa\u011flayan akrilik re\u00e7ine sol\u00fcsyonudur. Koruma materyalleri aras\u0131nda \u00f6nde gelen re\u00e7ine sol\u00fcsyonumuz y\u00fczeyde film olu\u015fturarak oksidasyonu<\/p>\n","protected":false},"featured_media":11564,"comment_status":"open","ping_status":"closed","template":"","meta":[],"product_brand":[],"product_cat":[106],"product_tag":[],"class_list":{"0":"post-11193","1":"product","2":"type-product","3":"status-publish","4":"has-post-thumbnail","6":"product_cat-koruyucu-urunler","8":"first","9":"instock","10":"taxable","11":"shipping-taxable","12":"purchasable","13":"product-type-simple"},"jetpack_sharing_enabled":true,"_links":{"self":[{"href":"https:\/\/kroisosnumismatic.com\/tr\/wp-json\/wp\/v2\/product\/11193","targetHints":{"allow":["GET"]}}],"collection":[{"href":"https:\/\/kroisosnumismatic.com\/tr\/wp-json\/wp\/v2\/product"}],"about":[{"href":"https:\/\/kroisosnumismatic.com\/tr\/wp-json\/wp\/v2\/types\/product"}],"replies":[{"embeddable":true,"href":"https:\/\/kroisosnumismatic.com\/tr\/wp-json\/wp\/v2\/comments?post=11193"}],"version-history":[{"count":1,"href":"https:\/\/kroisosnumismatic.com\/tr\/wp-json\/wp\/v2\/product\/11193\/revisions"}],"predecessor-version":[{"id":14222,"href":"https:\/\/kroisosnumismatic.com\/tr\/wp-json\/wp\/v2\/product\/11193\/revisions\/14222"}],"wp:featuredmedia":[{"embeddable":true,"href":"https:\/\/kroisosnumismatic.com\/tr\/wp-json\/wp\/v2\/media\/11564"}],"wp:attachment":[{"href":"https:\/\/kroisosnumismatic.com\/tr\/wp-json\/wp\/v2\/media?parent=11193"}],"wp:term":[{"taxonomy":"product_brand","embeddable":true,"href":"https:\/\/kroisosnumismatic.com\/tr\/wp-json\/wp\/v2\/product_brand?post=11193"},{"taxonomy":"product_cat","embeddable":true,"href":"https:\/\/kroisosnumismatic.com\/tr\/wp-json\/wp\/v2\/product_cat?post=11193"},{"taxonomy":"product_tag","embeddable":true,"href":"https:\/\/kroisosnumismatic.com\/tr\/wp-json\/wp\/v2\/product_tag?post=11193"}],"curies":[{"name":"wp","href":"https:\/\/api.w.org\/{rel}","templated":true}]}}