{"id":11195,"date":"2022-12-16T14:44:53","date_gmt":"2022-12-16T14:44:53","guid":{"rendered":"https:\/\/kroisosnumismatic.com\/?post_type=product&#038;p=11195"},"modified":"2026-01-02T18:59:10","modified_gmt":"2026-01-02T18:59:10","slug":"n1-b-orta-ayar-gumus-temizleme-solusyonu","status":"publish","type":"product","link":"https:\/\/kroisosnumismatic.com\/tr\/shop\/n1-b-orta-ayar-gumus-temizleme-solusyonu\/","title":{"rendered":"N1 B Orta Ayar G\u00fcm\u00fc\u015f Temizleme Sol\u00fcsyonu"},"content":{"rendered":"<p>N1 B sol\u00fcsyonu, g\u00fcm\u00fc\u015f oran\u0131 nispeten \u00a0y\u00fcksek olan ( 40-70) AG\/Cu ala\u015f\u0131ml\u0131 madeni paralar\u0131n, sikke ve metallerlerin oksit ve mineral tabakalar\u0131ndan ar\u0131nd\u0131r\u0131lmas\u0131 amac\u0131yla \u00fcretilmi\u015f bir \u00fcr\u00fcnd\u00fcr. N1 A \u00fcr\u00fcn\u00fcne g\u00f6re \u00e7ok daha h\u0131zl\u0131 sonu\u00e7 verir, Metal \u00fczerinde y\u00fcksek oranda temizlik ve parlakl\u0131k sa\u011flar. G\u00fcm\u00fc\u015f Oksit (Ag\u2082O), Malakit (Cu2CO3(OH)2), K\u00fcprit(Cu<sub>2<\/sub>O) ve Kur\u015fun Oksit (PbO -PbO2\u00a0) tabakalar\u0131n\u00a0 \u00e7\u00f6z\u00fclmesine yard\u0131mc\u0131 olur. Uygulama 0,5- 12 saat aras\u0131nda periyodik kontrollerle devam ettirilebilir. Y\u00fcksek oranda temizlik sa\u011flar. Metal y\u00fczeyine zarar vermeden g\u00fcvenle kullan\u0131labilir.<\/p>\n","protected":false},"excerpt":{"rendered":"<p>N1 B sol\u00fcsyonu, g\u00fcm\u00fc\u015f oran\u0131 nispeten \u00a0y\u00fcksek olan ( 40-70) AG\/Cu ala\u015f\u0131ml\u0131 madeni paralar\u0131n, sikke ve metallerlerin oksit ve mineral<\/p>\n","protected":false},"featured_media":11568,"comment_status":"open","ping_status":"closed","template":"","meta":[],"product_brand":[],"product_cat":[105],"product_tag":[],"class_list":{"0":"post-11195","1":"product","2":"type-product","3":"status-publish","4":"has-post-thumbnail","6":"product_cat-kimyasal-temizlik-urunleri","8":"first","9":"instock","10":"taxable","11":"shipping-taxable","12":"purchasable","13":"product-type-simple"},"jetpack_sharing_enabled":true,"_links":{"self":[{"href":"https:\/\/kroisosnumismatic.com\/tr\/wp-json\/wp\/v2\/product\/11195","targetHints":{"allow":["GET"]}}],"collection":[{"href":"https:\/\/kroisosnumismatic.com\/tr\/wp-json\/wp\/v2\/product"}],"about":[{"href":"https:\/\/kroisosnumismatic.com\/tr\/wp-json\/wp\/v2\/types\/product"}],"replies":[{"embeddable":true,"href":"https:\/\/kroisosnumismatic.com\/tr\/wp-json\/wp\/v2\/comments?post=11195"}],"version-history":[{"count":2,"href":"https:\/\/kroisosnumismatic.com\/tr\/wp-json\/wp\/v2\/product\/11195\/revisions"}],"predecessor-version":[{"id":14221,"href":"https:\/\/kroisosnumismatic.com\/tr\/wp-json\/wp\/v2\/product\/11195\/revisions\/14221"}],"wp:featuredmedia":[{"embeddable":true,"href":"https:\/\/kroisosnumismatic.com\/tr\/wp-json\/wp\/v2\/media\/11568"}],"wp:attachment":[{"href":"https:\/\/kroisosnumismatic.com\/tr\/wp-json\/wp\/v2\/media?parent=11195"}],"wp:term":[{"taxonomy":"product_brand","embeddable":true,"href":"https:\/\/kroisosnumismatic.com\/tr\/wp-json\/wp\/v2\/product_brand?post=11195"},{"taxonomy":"product_cat","embeddable":true,"href":"https:\/\/kroisosnumismatic.com\/tr\/wp-json\/wp\/v2\/product_cat?post=11195"},{"taxonomy":"product_tag","embeddable":true,"href":"https:\/\/kroisosnumismatic.com\/tr\/wp-json\/wp\/v2\/product_tag?post=11195"}],"curies":[{"name":"wp","href":"https:\/\/api.w.org\/{rel}","templated":true}]}}