{"id":11196,"date":"2022-12-16T14:45:09","date_gmt":"2022-12-16T14:45:09","guid":{"rendered":"https:\/\/kroisosnumismatic.com\/?post_type=product&#038;p=11196"},"modified":"2026-01-02T18:58:40","modified_gmt":"2026-01-02T18:58:40","slug":"n2-yuksek-ayar-gumus-temizleme-solusyonu","status":"publish","type":"product","link":"https:\/\/kroisosnumismatic.com\/tr\/shop\/n2-yuksek-ayar-gumus-temizleme-solusyonu\/","title":{"rendered":"N2 Y\u00fcksek Ayar G\u00fcm\u00fc\u015f Temizleme Sol\u00fcsyonu"},"content":{"rendered":"<p>N2 sol\u00fcsyonu, y\u00fcksek oranl\u0131 g\u00fcm\u00fc\u015f ( 50-70) AG\/Cu ala\u015f\u0131ml\u0131 madeni paralar, sikke ve metallerlerin, oksit ve mineral tabakalar\u0131ndan ar\u0131nd\u0131r\u0131lmas\u0131 amac\u0131yla \u00fcretilmi\u015f bir \u00fcr\u00fcnd\u00fcr. Geni\u015f etki portf\u00f6y\u00fcne sahiptir. \u00d6zellikle kur\u015fun katmanlar\u0131n giderilmesinde tatmin edici sonu\u00e7lar vermektedir. Kur\u015fun Oksit (PbO -PbO2\u00a0), G\u00fcm\u00fc\u015f Oksit (Ag\u2082O), Malakit (Cu2CO3(OH)2), K\u00fcprit(Cu<sub>2<\/sub>O) yan\u0131 s\u0131ra asidik yada bazik karakterli bir \u00e7ok katmanan\u0131n \u00e7\u00f6z\u00fclmesini sa\u011flar. Uygulama 0,25 &#8211; 12 saat aral\u0131\u011f\u0131nda 30\u2019ar Dk\u2019l\u0131k periyodik g\u00f6zlem ve takip gerektirir.<\/p>\n","protected":false},"excerpt":{"rendered":"<p>N2 sol\u00fcsyonu, y\u00fcksek oranl\u0131 g\u00fcm\u00fc\u015f ( 50-70) AG\/Cu ala\u015f\u0131ml\u0131 madeni paralar, sikke ve metallerlerin, oksit ve mineral tabakalar\u0131ndan ar\u0131nd\u0131r\u0131lmas\u0131 amac\u0131yla<\/p>\n","protected":false},"featured_media":11570,"comment_status":"open","ping_status":"closed","template":"","meta":[],"product_brand":[],"product_cat":[105],"product_tag":[],"class_list":{"0":"post-11196","1":"product","2":"type-product","3":"status-publish","4":"has-post-thumbnail","6":"product_cat-kimyasal-temizlik-urunleri","8":"first","9":"instock","10":"taxable","11":"shipping-taxable","12":"purchasable","13":"product-type-simple"},"jetpack_sharing_enabled":true,"_links":{"self":[{"href":"https:\/\/kroisosnumismatic.com\/tr\/wp-json\/wp\/v2\/product\/11196","targetHints":{"allow":["GET"]}}],"collection":[{"href":"https:\/\/kroisosnumismatic.com\/tr\/wp-json\/wp\/v2\/product"}],"about":[{"href":"https:\/\/kroisosnumismatic.com\/tr\/wp-json\/wp\/v2\/types\/product"}],"replies":[{"embeddable":true,"href":"https:\/\/kroisosnumismatic.com\/tr\/wp-json\/wp\/v2\/comments?post=11196"}],"version-history":[{"count":1,"href":"https:\/\/kroisosnumismatic.com\/tr\/wp-json\/wp\/v2\/product\/11196\/revisions"}],"predecessor-version":[{"id":14218,"href":"https:\/\/kroisosnumismatic.com\/tr\/wp-json\/wp\/v2\/product\/11196\/revisions\/14218"}],"wp:featuredmedia":[{"embeddable":true,"href":"https:\/\/kroisosnumismatic.com\/tr\/wp-json\/wp\/v2\/media\/11570"}],"wp:attachment":[{"href":"https:\/\/kroisosnumismatic.com\/tr\/wp-json\/wp\/v2\/media?parent=11196"}],"wp:term":[{"taxonomy":"product_brand","embeddable":true,"href":"https:\/\/kroisosnumismatic.com\/tr\/wp-json\/wp\/v2\/product_brand?post=11196"},{"taxonomy":"product_cat","embeddable":true,"href":"https:\/\/kroisosnumismatic.com\/tr\/wp-json\/wp\/v2\/product_cat?post=11196"},{"taxonomy":"product_tag","embeddable":true,"href":"https:\/\/kroisosnumismatic.com\/tr\/wp-json\/wp\/v2\/product_tag?post=11196"}],"curies":[{"name":"wp","href":"https:\/\/api.w.org\/{rel}","templated":true}]}}