{"id":11203,"date":"2022-12-16T15:14:36","date_gmt":"2022-12-16T15:14:36","guid":{"rendered":"https:\/\/kroisosnumismatic.com\/?post_type=product&#038;p=11203"},"modified":"2026-01-02T18:57:52","modified_gmt":"2026-01-02T18:57:52","slug":"sqc-oksidasyon-nortrolizor","status":"publish","type":"product","link":"https:\/\/kroisosnumismatic.com\/tr\/shop\/sqc-oksidasyon-nortrolizor\/","title":{"rendered":"SQC Oksidasyon N\u00f6troliz\u00f6r"},"content":{"rendered":"<p>SQC sol\u00fcsyonu, \u00a0obje \u00fczerinde imalat esnas\u0131nda, sonradan olu\u015fan \u00e7atlaklar\u00a0 hava \u015fartlar\u0131 veya kimyasal fakt\u00f6rler nedeniyle olu\u015fan derin korozyon ve oksit b\u00f6lgelerindeki a\u015f\u0131nman\u0131n durdurulmas\u0131 i\u00e7in geli\u015ftirilmi\u015f, ileri teknoloji bir \u00fcr\u00fcnd\u00fcr.<\/p>\n<p>Bor bile\u015fenli yap\u0131s\u0131 n\u00fcfuz etti\u011fi b\u00f6lgede kimyasal reaksiyonu durdurur ve t\u00fcm y\u00fczeyi n\u00f6trolize eder. Wax uygulamas\u0131 \u00f6ncesi uygulanmas\u0131 tavsiye edilmektedir.<\/p>\n<p>Uygulama 3 &#8211; 12 saat aral\u0131\u011f\u0131nda periyodik kontrollerle yap\u0131labilir.<\/p>\n","protected":false},"excerpt":{"rendered":"<p>SQC sol\u00fcsyonu, \u00a0obje \u00fczerinde imalat esnas\u0131nda, sonradan olu\u015fan \u00e7atlaklar\u00a0 hava \u015fartlar\u0131 veya kimyasal fakt\u00f6rler nedeniyle olu\u015fan derin korozyon ve oksit<\/p>\n","protected":false},"featured_media":11574,"comment_status":"open","ping_status":"closed","template":"","meta":[],"product_brand":[],"product_cat":[106],"product_tag":[],"class_list":{"0":"post-11203","1":"product","2":"type-product","3":"status-publish","4":"has-post-thumbnail","6":"product_cat-koruyucu-urunler","8":"first","9":"instock","10":"taxable","11":"shipping-taxable","12":"purchasable","13":"product-type-simple"},"jetpack_sharing_enabled":true,"_links":{"self":[{"href":"https:\/\/kroisosnumismatic.com\/tr\/wp-json\/wp\/v2\/product\/11203","targetHints":{"allow":["GET"]}}],"collection":[{"href":"https:\/\/kroisosnumismatic.com\/tr\/wp-json\/wp\/v2\/product"}],"about":[{"href":"https:\/\/kroisosnumismatic.com\/tr\/wp-json\/wp\/v2\/types\/product"}],"replies":[{"embeddable":true,"href":"https:\/\/kroisosnumismatic.com\/tr\/wp-json\/wp\/v2\/comments?post=11203"}],"version-history":[{"count":1,"href":"https:\/\/kroisosnumismatic.com\/tr\/wp-json\/wp\/v2\/product\/11203\/revisions"}],"predecessor-version":[{"id":14216,"href":"https:\/\/kroisosnumismatic.com\/tr\/wp-json\/wp\/v2\/product\/11203\/revisions\/14216"}],"wp:featuredmedia":[{"embeddable":true,"href":"https:\/\/kroisosnumismatic.com\/tr\/wp-json\/wp\/v2\/media\/11574"}],"wp:attachment":[{"href":"https:\/\/kroisosnumismatic.com\/tr\/wp-json\/wp\/v2\/media?parent=11203"}],"wp:term":[{"taxonomy":"product_brand","embeddable":true,"href":"https:\/\/kroisosnumismatic.com\/tr\/wp-json\/wp\/v2\/product_brand?post=11203"},{"taxonomy":"product_cat","embeddable":true,"href":"https:\/\/kroisosnumismatic.com\/tr\/wp-json\/wp\/v2\/product_cat?post=11203"},{"taxonomy":"product_tag","embeddable":true,"href":"https:\/\/kroisosnumismatic.com\/tr\/wp-json\/wp\/v2\/product_tag?post=11203"}],"curies":[{"name":"wp","href":"https:\/\/api.w.org\/{rel}","templated":true}]}}