{"id":11205,"date":"2022-12-16T15:21:27","date_gmt":"2022-12-16T15:21:27","guid":{"rendered":"https:\/\/kroisosnumismatic.com\/?post_type=product&#038;p=11205"},"modified":"2026-01-02T19:06:50","modified_gmt":"2026-01-02T19:06:50","slug":"bronz-patina-sprey","status":"publish","type":"product","link":"https:\/\/kroisosnumismatic.com\/tr\/shop\/bronz-patina-sprey\/","title":{"rendered":"Bronz Patina Sprey"},"content":{"rendered":"<p>\u00dcr\u00fcn bak\u0131r ve bronz y\u00fczeylerin okside edilmesi ve patina almas\u0131 i\u00e7in form\u00fcle edilmi\u015ftir. Y\u00fczeye yap\u0131lan uygulama sonras\u0131 y\u00fcksek h\u0131zda oksitlenme ger\u00e7ekle\u015fir ve tekrar edilen uygulamalarla y\u00fczeyde ye\u015fil oksit katman\u0131 olu\u015fturur. Yava\u015f ve kontroll\u00fc bir \u015fekilde uygulan\u0131r, do\u011fal ve tatmin edici bir sonu\u00e7 verir.<\/p>\n","protected":false},"excerpt":{"rendered":"<p>\u00dcr\u00fcn bak\u0131r ve bronz y\u00fczeylerin okside edilmesi ve patina almas\u0131 i\u00e7in form\u00fcle edilmi\u015ftir. Y\u00fczeye yap\u0131lan uygulama sonras\u0131 y\u00fcksek h\u0131zda oksitlenme<\/p>\n","protected":false},"featured_media":11576,"comment_status":"open","ping_status":"closed","template":"","meta":[],"product_brand":[],"product_cat":[107],"product_tag":[],"class_list":{"0":"post-11205","1":"product","2":"type-product","3":"status-publish","4":"has-post-thumbnail","6":"product_cat-patina-ve-renk-duzenleyiciler","8":"first","9":"instock","10":"taxable","11":"shipping-taxable","12":"purchasable","13":"product-type-simple"},"jetpack_sharing_enabled":true,"_links":{"self":[{"href":"https:\/\/kroisosnumismatic.com\/tr\/wp-json\/wp\/v2\/product\/11205","targetHints":{"allow":["GET"]}}],"collection":[{"href":"https:\/\/kroisosnumismatic.com\/tr\/wp-json\/wp\/v2\/product"}],"about":[{"href":"https:\/\/kroisosnumismatic.com\/tr\/wp-json\/wp\/v2\/types\/product"}],"replies":[{"embeddable":true,"href":"https:\/\/kroisosnumismatic.com\/tr\/wp-json\/wp\/v2\/comments?post=11205"}],"version-history":[{"count":1,"href":"https:\/\/kroisosnumismatic.com\/tr\/wp-json\/wp\/v2\/product\/11205\/revisions"}],"predecessor-version":[{"id":14228,"href":"https:\/\/kroisosnumismatic.com\/tr\/wp-json\/wp\/v2\/product\/11205\/revisions\/14228"}],"wp:featuredmedia":[{"embeddable":true,"href":"https:\/\/kroisosnumismatic.com\/tr\/wp-json\/wp\/v2\/media\/11576"}],"wp:attachment":[{"href":"https:\/\/kroisosnumismatic.com\/tr\/wp-json\/wp\/v2\/media?parent=11205"}],"wp:term":[{"taxonomy":"product_brand","embeddable":true,"href":"https:\/\/kroisosnumismatic.com\/tr\/wp-json\/wp\/v2\/product_brand?post=11205"},{"taxonomy":"product_cat","embeddable":true,"href":"https:\/\/kroisosnumismatic.com\/tr\/wp-json\/wp\/v2\/product_cat?post=11205"},{"taxonomy":"product_tag","embeddable":true,"href":"https:\/\/kroisosnumismatic.com\/tr\/wp-json\/wp\/v2\/product_tag?post=11205"}],"curies":[{"name":"wp","href":"https:\/\/api.w.org\/{rel}","templated":true}]}}