{"id":11207,"date":"2022-12-16T15:23:47","date_gmt":"2022-12-16T15:23:47","guid":{"rendered":"https:\/\/kroisosnumismatic.com\/?post_type=product&#038;p=11207"},"modified":"2026-01-02T18:57:22","modified_gmt":"2026-01-02T18:57:22","slug":"n4-altin-temizleme-solusyonu","status":"publish","type":"product","link":"https:\/\/kroisosnumismatic.com\/tr\/shop\/n4-altin-temizleme-solusyonu\/","title":{"rendered":"N4 Alt\u0131n Temizleme Sol\u00fcsyonu"},"content":{"rendered":"<p>N4 sol\u00fcsyonu, 8 Ayar &#8211; 333 mg \u00b7 14 Ayar &#8211; 585 mg \u00b7 18 Ayar &#8211; 750 mg \u00b7 21 Ayar &#8211; 875 mg \u00b7 22 Ayar &#8211; 916 mg \u00b7 24 Ayar &#8211; 1000 mg ayarlar\u0131nda\u00a0 Au\/Cu yada Au\/Ag ala\u015f\u0131ml\u0131 madeni paralar, sikke ve metallerin, temizli\u011finde g\u00fcvenle kullan\u0131labilir. Uygulama 0,25 &#8211; 6 saat aral\u0131\u011f\u0131nda periyodik kontrollerle yap\u0131labilir.<\/p>\n","protected":false},"excerpt":{"rendered":"<p>N4 sol\u00fcsyonu, 8 Ayar &#8211; 333 mg \u00b7 14 Ayar &#8211; 585 mg \u00b7 18 Ayar &#8211; 750 mg \u00b7<\/p>\n","protected":false},"featured_media":11578,"comment_status":"open","ping_status":"closed","template":"","meta":[],"product_brand":[],"product_cat":[105],"product_tag":[],"class_list":{"0":"post-11207","1":"product","2":"type-product","3":"status-publish","4":"has-post-thumbnail","6":"product_cat-kimyasal-temizlik-urunleri","8":"first","9":"instock","10":"taxable","11":"shipping-taxable","12":"purchasable","13":"product-type-simple"},"jetpack_sharing_enabled":true,"_links":{"self":[{"href":"https:\/\/kroisosnumismatic.com\/tr\/wp-json\/wp\/v2\/product\/11207","targetHints":{"allow":["GET"]}}],"collection":[{"href":"https:\/\/kroisosnumismatic.com\/tr\/wp-json\/wp\/v2\/product"}],"about":[{"href":"https:\/\/kroisosnumismatic.com\/tr\/wp-json\/wp\/v2\/types\/product"}],"replies":[{"embeddable":true,"href":"https:\/\/kroisosnumismatic.com\/tr\/wp-json\/wp\/v2\/comments?post=11207"}],"version-history":[{"count":1,"href":"https:\/\/kroisosnumismatic.com\/tr\/wp-json\/wp\/v2\/product\/11207\/revisions"}],"predecessor-version":[{"id":14215,"href":"https:\/\/kroisosnumismatic.com\/tr\/wp-json\/wp\/v2\/product\/11207\/revisions\/14215"}],"wp:featuredmedia":[{"embeddable":true,"href":"https:\/\/kroisosnumismatic.com\/tr\/wp-json\/wp\/v2\/media\/11578"}],"wp:attachment":[{"href":"https:\/\/kroisosnumismatic.com\/tr\/wp-json\/wp\/v2\/media?parent=11207"}],"wp:term":[{"taxonomy":"product_brand","embeddable":true,"href":"https:\/\/kroisosnumismatic.com\/tr\/wp-json\/wp\/v2\/product_brand?post=11207"},{"taxonomy":"product_cat","embeddable":true,"href":"https:\/\/kroisosnumismatic.com\/tr\/wp-json\/wp\/v2\/product_cat?post=11207"},{"taxonomy":"product_tag","embeddable":true,"href":"https:\/\/kroisosnumismatic.com\/tr\/wp-json\/wp\/v2\/product_tag?post=11207"}],"curies":[{"name":"wp","href":"https:\/\/api.w.org\/{rel}","templated":true}]}}