{"id":11209,"date":"2022-12-16T15:25:36","date_gmt":"2022-12-16T15:25:36","guid":{"rendered":"https:\/\/kroisosnumismatic.com\/?post_type=product&#038;p=11209"},"modified":"2026-01-02T19:05:49","modified_gmt":"2026-01-02T19:05:49","slug":"kompozit-fiber-karbon-temizlik-kalemi","status":"publish","type":"product","link":"https:\/\/kroisosnumismatic.com\/tr\/shop\/kompozit-fiber-karbon-temizlik-kalemi\/","title":{"rendered":"Kompozit Fiber Karbon Temizlik Kalemi"},"content":{"rendered":"<p>Temizlik kalemi, basma mekani\u011fi olan pratik bir \u00fcr\u00fcnd\u00fcr. Ambalaj i\u00e7eri\u011finde kalemin yan\u0131 s\u0131ra (iki) adet cam elyaf, (bir) adet karbon fiber kompozit u\u00e7, ( bir) adet grafit u\u00e7 bulunur. U\u00e7lar amaca g\u00f6re oldukca sa\u011fl\u0131kl\u0131 sonu\u00e7lar verir ve dayan\u0131kl\u0131 olup uzun s\u00fcre kullan\u0131labilir. Kalemin arka kapa\u011f\u0131nda bulunan kalemtra\u015f ile u\u00e7lar istenilen \u00f6l\u00e7\u00fcde inceltilebilir.<\/p>\n","protected":false},"excerpt":{"rendered":"<p>Temizlik kalemi, basma mekani\u011fi olan pratik bir \u00fcr\u00fcnd\u00fcr. Ambalaj i\u00e7eri\u011finde kalemin yan\u0131 s\u0131ra (iki) adet cam elyaf, (bir) adet karbon<\/p>\n","protected":false},"featured_media":11580,"comment_status":"open","ping_status":"closed","template":"","meta":[],"product_brand":[],"product_cat":[104],"product_tag":[],"class_list":{"0":"post-11209","1":"product","2":"type-product","3":"status-publish","4":"has-post-thumbnail","6":"product_cat-mekanik-temizlik-urunleri","8":"first","9":"instock","10":"taxable","11":"shipping-taxable","12":"purchasable","13":"product-type-simple"},"jetpack_sharing_enabled":true,"_links":{"self":[{"href":"https:\/\/kroisosnumismatic.com\/tr\/wp-json\/wp\/v2\/product\/11209","targetHints":{"allow":["GET"]}}],"collection":[{"href":"https:\/\/kroisosnumismatic.com\/tr\/wp-json\/wp\/v2\/product"}],"about":[{"href":"https:\/\/kroisosnumismatic.com\/tr\/wp-json\/wp\/v2\/types\/product"}],"replies":[{"embeddable":true,"href":"https:\/\/kroisosnumismatic.com\/tr\/wp-json\/wp\/v2\/comments?post=11209"}],"version-history":[{"count":1,"href":"https:\/\/kroisosnumismatic.com\/tr\/wp-json\/wp\/v2\/product\/11209\/revisions"}],"predecessor-version":[{"id":13702,"href":"https:\/\/kroisosnumismatic.com\/tr\/wp-json\/wp\/v2\/product\/11209\/revisions\/13702"}],"wp:featuredmedia":[{"embeddable":true,"href":"https:\/\/kroisosnumismatic.com\/tr\/wp-json\/wp\/v2\/media\/11580"}],"wp:attachment":[{"href":"https:\/\/kroisosnumismatic.com\/tr\/wp-json\/wp\/v2\/media?parent=11209"}],"wp:term":[{"taxonomy":"product_brand","embeddable":true,"href":"https:\/\/kroisosnumismatic.com\/tr\/wp-json\/wp\/v2\/product_brand?post=11209"},{"taxonomy":"product_cat","embeddable":true,"href":"https:\/\/kroisosnumismatic.com\/tr\/wp-json\/wp\/v2\/product_cat?post=11209"},{"taxonomy":"product_tag","embeddable":true,"href":"https:\/\/kroisosnumismatic.com\/tr\/wp-json\/wp\/v2\/product_tag?post=11209"}],"curies":[{"name":"wp","href":"https:\/\/api.w.org\/{rel}","templated":true}]}}