{"id":12121,"date":"2024-01-02T17:53:19","date_gmt":"2024-01-02T17:53:19","guid":{"rendered":"https:\/\/kroisosnumismatic.com\/shop\/para-temizleme-mengenesi\/"},"modified":"2025-04-27T11:44:24","modified_gmt":"2025-04-27T11:44:24","slug":"para-temizleme-mengenesi","status":"publish","type":"product","link":"https:\/\/kroisosnumismatic.com\/tr\/shop\/para-temizleme-mengenesi\/","title":{"rendered":"Para Temizleme Mengenesi"},"content":{"rendered":"<p>Temizlik mengenesi , mekanik temizlik esnas\u0131nda para veya sikkeleri g\u00fcvenli bir \u015fekilde sabitleyerek daha sa\u011fl\u0131kl\u0131 ve g\u00fcvenli bir temizlik konforu sunar. Mengene nin de\u011fi\u015ftirilebilir d\u00f6rt adet \u00e7enesi mevcuttur. \u00c7al\u0131\u015f\u0131lan \u00e7apa g\u00f6re de\u011fi\u015ftirilerek sa\u011fl\u0131kl\u0131 bir tutu\u015f elde edilir. Plastik \u00e7eneler objeyi g\u00fcvenle sabitlerken, zarar vermeden kavrar. Gerekli durumlarda masa ya da d\u00fcz bir y\u00fczeye monte edebilir yada montajs\u0131z kullan\u0131labilir.<\/p>\n","protected":false},"excerpt":{"rendered":"<p>Temizlik mengenesi , mekanik temizlik esnas\u0131nda para veya sikkeleri g\u00fcvenli bir \u015fekilde sabitleyerek daha sa\u011fl\u0131kl\u0131 ve g\u00fcvenli bir temizlik konforu<\/p>\n","protected":false},"featured_media":12090,"comment_status":"open","ping_status":"closed","template":"","meta":[],"product_brand":[],"product_cat":[104,108],"product_tag":[],"class_list":{"0":"post-12121","1":"product","2":"type-product","3":"status-publish","4":"has-post-thumbnail","6":"product_cat-mekanik-temizlik-urunleri","7":"product_cat-numizmatik-urunleri","9":"first","10":"instock","11":"taxable","12":"shipping-taxable","13":"purchasable","14":"product-type-simple"},"jetpack_sharing_enabled":true,"_links":{"self":[{"href":"https:\/\/kroisosnumismatic.com\/tr\/wp-json\/wp\/v2\/product\/12121","targetHints":{"allow":["GET"]}}],"collection":[{"href":"https:\/\/kroisosnumismatic.com\/tr\/wp-json\/wp\/v2\/product"}],"about":[{"href":"https:\/\/kroisosnumismatic.com\/tr\/wp-json\/wp\/v2\/types\/product"}],"replies":[{"embeddable":true,"href":"https:\/\/kroisosnumismatic.com\/tr\/wp-json\/wp\/v2\/comments?post=12121"}],"version-history":[{"count":2,"href":"https:\/\/kroisosnumismatic.com\/tr\/wp-json\/wp\/v2\/product\/12121\/revisions"}],"predecessor-version":[{"id":14226,"href":"https:\/\/kroisosnumismatic.com\/tr\/wp-json\/wp\/v2\/product\/12121\/revisions\/14226"}],"wp:featuredmedia":[{"embeddable":true,"href":"https:\/\/kroisosnumismatic.com\/tr\/wp-json\/wp\/v2\/media\/12090"}],"wp:attachment":[{"href":"https:\/\/kroisosnumismatic.com\/tr\/wp-json\/wp\/v2\/media?parent=12121"}],"wp:term":[{"taxonomy":"product_brand","embeddable":true,"href":"https:\/\/kroisosnumismatic.com\/tr\/wp-json\/wp\/v2\/product_brand?post=12121"},{"taxonomy":"product_cat","embeddable":true,"href":"https:\/\/kroisosnumismatic.com\/tr\/wp-json\/wp\/v2\/product_cat?post=12121"},{"taxonomy":"product_tag","embeddable":true,"href":"https:\/\/kroisosnumismatic.com\/tr\/wp-json\/wp\/v2\/product_tag?post=12121"}],"curies":[{"name":"wp","href":"https:\/\/api.w.org\/{rel}","templated":true}]}}