{"id":12310,"date":"2024-08-24T11:05:17","date_gmt":"2024-08-24T11:05:17","guid":{"rendered":"https:\/\/kroisosnumismatic.com\/?post_type=product&#038;p=12310"},"modified":"2026-01-02T18:56:34","modified_gmt":"2026-01-02T18:56:34","slug":"gumus-ve-mucevher-parlatici","status":"publish","type":"product","link":"https:\/\/kroisosnumismatic.com\/tr\/shop\/gumus-ve-mucevher-parlatici\/","title":{"rendered":"G\u00fcm\u00fc\u015f ve M\u00fccevher Parlat\u0131c\u0131"},"content":{"rendered":"<p>\u00dcr\u00fcn \u00f6zellikle yeni d\u00f6nem g\u00fcm\u00fc\u015f paralarda sararma, kararma, renk atmalar\u0131n\u0131 h\u0131zl\u0131 bir \u015fekilde d\u00fczeltir ve eski haline getirir.\u00a0 Uygulanmas\u0131 olduk\u00e7a kolay ve anl\u0131k olarak sonu\u00e7 verir. \u0130\u015flem sonras\u0131 obje \u00e7ok uzun bir s\u00fcre parlakl\u0131\u011f\u0131n\u0131 koruyacakt\u0131r.<\/p>\n<p>&nbsp;<\/p>\n","protected":false},"excerpt":{"rendered":"<p>\u00dcr\u00fcn \u00f6zellikle yeni d\u00f6nem g\u00fcm\u00fc\u015f paralarda sararma, kararma, renk atmalar\u0131n\u0131 h\u0131zl\u0131 bir \u015fekilde d\u00fczeltir ve eski haline getirir.\u00a0 Uygulanmas\u0131 olduk\u00e7a<\/p>\n","protected":false},"featured_media":12309,"comment_status":"open","ping_status":"closed","template":"","meta":[],"product_brand":[],"product_cat":[105],"product_tag":[],"class_list":{"0":"post-12310","1":"product","2":"type-product","3":"status-publish","4":"has-post-thumbnail","6":"product_cat-kimyasal-temizlik-urunleri","8":"first","9":"instock","10":"taxable","11":"shipping-taxable","12":"purchasable","13":"product-type-simple"},"jetpack_sharing_enabled":true,"_links":{"self":[{"href":"https:\/\/kroisosnumismatic.com\/tr\/wp-json\/wp\/v2\/product\/12310","targetHints":{"allow":["GET"]}}],"collection":[{"href":"https:\/\/kroisosnumismatic.com\/tr\/wp-json\/wp\/v2\/product"}],"about":[{"href":"https:\/\/kroisosnumismatic.com\/tr\/wp-json\/wp\/v2\/types\/product"}],"replies":[{"embeddable":true,"href":"https:\/\/kroisosnumismatic.com\/tr\/wp-json\/wp\/v2\/comments?post=12310"}],"version-history":[{"count":1,"href":"https:\/\/kroisosnumismatic.com\/tr\/wp-json\/wp\/v2\/product\/12310\/revisions"}],"predecessor-version":[{"id":13518,"href":"https:\/\/kroisosnumismatic.com\/tr\/wp-json\/wp\/v2\/product\/12310\/revisions\/13518"}],"wp:featuredmedia":[{"embeddable":true,"href":"https:\/\/kroisosnumismatic.com\/tr\/wp-json\/wp\/v2\/media\/12309"}],"wp:attachment":[{"href":"https:\/\/kroisosnumismatic.com\/tr\/wp-json\/wp\/v2\/media?parent=12310"}],"wp:term":[{"taxonomy":"product_brand","embeddable":true,"href":"https:\/\/kroisosnumismatic.com\/tr\/wp-json\/wp\/v2\/product_brand?post=12310"},{"taxonomy":"product_cat","embeddable":true,"href":"https:\/\/kroisosnumismatic.com\/tr\/wp-json\/wp\/v2\/product_cat?post=12310"},{"taxonomy":"product_tag","embeddable":true,"href":"https:\/\/kroisosnumismatic.com\/tr\/wp-json\/wp\/v2\/product_tag?post=12310"}],"curies":[{"name":"wp","href":"https:\/\/api.w.org\/{rel}","templated":true}]}}