{"id":12313,"date":"2024-08-24T11:11:22","date_gmt":"2024-08-24T11:11:22","guid":{"rendered":"https:\/\/kroisosnumismatic.com\/?post_type=product&#038;p=12313"},"modified":"2026-01-02T18:56:04","modified_gmt":"2026-01-02T18:56:04","slug":"gumus-polisaj-parlatici","status":"publish","type":"product","link":"https:\/\/kroisosnumismatic.com\/tr\/shop\/gumus-polisaj-parlatici\/","title":{"rendered":"G\u00fcm\u00fc\u015f Polisaj"},"content":{"rendered":"<p>Bu \u00fcr\u00fcn g\u00fcm\u00fc\u015flerdeki sararmalar\u0131 kararmalar\u0131 renk atmalar\u0131n\u0131 h\u0131zl\u0131 bir \u015fekilde d\u00fczeltir ve eski haline getirir. Uygulamas\u0131 \u00e7ok kolay ve \u00e7ok k\u0131sa s\u00fcrede sonu\u00e7 verir i\u015flem sonras\u0131 obje \u00e7ok uzun bir s\u00fcre parlakl\u0131\u011f\u0131n\u0131 koruyacakt\u0131r.<\/p>\n","protected":false},"excerpt":{"rendered":"<p>Bu \u00fcr\u00fcn g\u00fcm\u00fc\u015flerdeki sararmalar\u0131 kararmalar\u0131 renk atmalar\u0131n\u0131 h\u0131zl\u0131 bir \u015fekilde d\u00fczeltir ve eski haline getirir. Uygulamas\u0131 \u00e7ok kolay ve \u00e7ok<\/p>\n","protected":false},"featured_media":12314,"comment_status":"open","ping_status":"closed","template":"","meta":[],"product_brand":[],"product_cat":[105],"product_tag":[],"class_list":{"0":"post-12313","1":"product","2":"type-product","3":"status-publish","4":"has-post-thumbnail","6":"product_cat-kimyasal-temizlik-urunleri","8":"first","9":"instock","10":"taxable","11":"shipping-taxable","12":"purchasable","13":"product-type-simple"},"jetpack_sharing_enabled":true,"_links":{"self":[{"href":"https:\/\/kroisosnumismatic.com\/tr\/wp-json\/wp\/v2\/product\/12313","targetHints":{"allow":["GET"]}}],"collection":[{"href":"https:\/\/kroisosnumismatic.com\/tr\/wp-json\/wp\/v2\/product"}],"about":[{"href":"https:\/\/kroisosnumismatic.com\/tr\/wp-json\/wp\/v2\/types\/product"}],"replies":[{"embeddable":true,"href":"https:\/\/kroisosnumismatic.com\/tr\/wp-json\/wp\/v2\/comments?post=12313"}],"version-history":[{"count":2,"href":"https:\/\/kroisosnumismatic.com\/tr\/wp-json\/wp\/v2\/product\/12313\/revisions"}],"predecessor-version":[{"id":13325,"href":"https:\/\/kroisosnumismatic.com\/tr\/wp-json\/wp\/v2\/product\/12313\/revisions\/13325"}],"wp:featuredmedia":[{"embeddable":true,"href":"https:\/\/kroisosnumismatic.com\/tr\/wp-json\/wp\/v2\/media\/12314"}],"wp:attachment":[{"href":"https:\/\/kroisosnumismatic.com\/tr\/wp-json\/wp\/v2\/media?parent=12313"}],"wp:term":[{"taxonomy":"product_brand","embeddable":true,"href":"https:\/\/kroisosnumismatic.com\/tr\/wp-json\/wp\/v2\/product_brand?post=12313"},{"taxonomy":"product_cat","embeddable":true,"href":"https:\/\/kroisosnumismatic.com\/tr\/wp-json\/wp\/v2\/product_cat?post=12313"},{"taxonomy":"product_tag","embeddable":true,"href":"https:\/\/kroisosnumismatic.com\/tr\/wp-json\/wp\/v2\/product_tag?post=12313"}],"curies":[{"name":"wp","href":"https:\/\/api.w.org\/{rel}","templated":true}]}}