{"id":12611,"date":"2024-12-11T19:13:45","date_gmt":"2024-12-11T19:13:45","guid":{"rendered":"https:\/\/kroisosnumismatic.com\/?post_type=product&#038;p=12611"},"modified":"2026-01-02T18:55:23","modified_gmt":"2026-01-02T18:55:23","slug":"kroisos-katlanir-5x-11x-masa-buyutec-lup-mercek-cift-kademeli-led-isik","status":"publish","type":"product","link":"https:\/\/kroisosnumismatic.com\/tr\/shop\/kroisos-katlanir-5x-11x-masa-buyutec-lup-mercek-cift-kademeli-led-isik\/","title":{"rendered":"Katlan\u0131r 5X\/11X Masa B\u00fcy\u00fcte\u00e7 Lup Mercek \u00c7ift Kademeli Led I\u015f\u0131k"},"content":{"rendered":"<p>El\/Masa\u00fcst\u00fc B\u00fcy\u00fcte\u00e7, stand\u0131 basit\u00e7e gererek ve masa \u00fcst\u00fc b\u00fcy\u00fcte\u00e7 olarak masaya yerle\u015ftirerek iki \u015fekilde kullan\u0131labilir; Daha geni\u015f bir uygulama yelpazesi i\u00e7in stand\u0131 elde tutulan bir b\u00fcy\u00fcte\u00e7 olarak katlay\u0131n. Y\u00fcksek kalite Y\u00fcksek kaliteli optik lens, g\u00f6r\u00fc\u015f alan\u0131n\u0131n net bir \u015fekilde b\u00fcy\u00fct\u00fclmesi, 5H&#8217;ye kadar sertlik, a\u015f\u0131nmaya daha dayan\u0131kl\u0131; sadece size daha iyi bir g\u00f6rsel deneyim sunmak i\u00e7in y\u00fcksek kaliteli malzemeler. USB\/Pil Powered Bir bilgisayara USB kablosu (birlikte verilir), bir diz\u00fcst\u00fc bilgisayar veya mobil g\u00fc\u00e7 (bir USB \u015farj cihaz\u0131 dahil de\u011fildir) ile ba\u011flay\u0131n veya dayan\u0131kl\u0131l\u0131k i\u00e7in 3 h\u00fccreli 7 h\u00fccreli pil kullan\u0131n (\u00fcr\u00fcnler dahil de\u011fildir) piller). Dahili LED \u0131\u015f\u0131k 8 g\u00fc\u00e7l\u00fc enerji tasarruflu LED \u0131\u015f\u0131k, parlak \u0131\u015f\u0131k sa\u011flar, karanl\u0131kta \u00e7al\u0131\u015fman\u0131za izin verir ve \u00e7al\u0131\u015fma ortam\u0131n\u0131 daha konforlu hale getirmek i\u00e7in 2 \u00e7e\u015fit parlakl\u0131k ayarlanabilir. Boyut 193 x 90 x 26 mm; \u00e7ap = 75 mm; b\u00fcy\u00fctme: 5X (b\u00fcy\u00fck lens); 11 X (k\u00fc\u00e7\u00fck mercek). B\u00fcy\u00fck de\u011fil ama \u00e7ok k\u00fc\u00e7\u00fck de de\u011fil, her \u015feyi kolayca g\u00f6rebilirsiniz.<\/p>\n","protected":false},"excerpt":{"rendered":"<p>El\/Masa\u00fcst\u00fc B\u00fcy\u00fcte\u00e7, stand\u0131 basit\u00e7e gererek ve masa \u00fcst\u00fc b\u00fcy\u00fcte\u00e7 olarak masaya yerle\u015ftirerek iki \u015fekilde kullan\u0131labilir; Daha geni\u015f bir uygulama yelpazesi<\/p>\n","protected":false},"featured_media":13713,"comment_status":"open","ping_status":"closed","template":"","meta":[],"product_brand":[],"product_cat":[104,108],"product_tag":[],"class_list":{"0":"post-12611","1":"product","2":"type-product","3":"status-publish","4":"has-post-thumbnail","6":"product_cat-mekanik-temizlik-urunleri","7":"product_cat-numizmatik-urunleri","9":"first","10":"instock","11":"taxable","12":"shipping-taxable","13":"purchasable","14":"product-type-simple"},"jetpack_sharing_enabled":true,"_links":{"self":[{"href":"https:\/\/kroisosnumismatic.com\/tr\/wp-json\/wp\/v2\/product\/12611","targetHints":{"allow":["GET"]}}],"collection":[{"href":"https:\/\/kroisosnumismatic.com\/tr\/wp-json\/wp\/v2\/product"}],"about":[{"href":"https:\/\/kroisosnumismatic.com\/tr\/wp-json\/wp\/v2\/types\/product"}],"replies":[{"embeddable":true,"href":"https:\/\/kroisosnumismatic.com\/tr\/wp-json\/wp\/v2\/comments?post=12611"}],"version-history":[{"count":3,"href":"https:\/\/kroisosnumismatic.com\/tr\/wp-json\/wp\/v2\/product\/12611\/revisions"}],"predecessor-version":[{"id":13719,"href":"https:\/\/kroisosnumismatic.com\/tr\/wp-json\/wp\/v2\/product\/12611\/revisions\/13719"}],"wp:featuredmedia":[{"embeddable":true,"href":"https:\/\/kroisosnumismatic.com\/tr\/wp-json\/wp\/v2\/media\/13713"}],"wp:attachment":[{"href":"https:\/\/kroisosnumismatic.com\/tr\/wp-json\/wp\/v2\/media?parent=12611"}],"wp:term":[{"taxonomy":"product_brand","embeddable":true,"href":"https:\/\/kroisosnumismatic.com\/tr\/wp-json\/wp\/v2\/product_brand?post=12611"},{"taxonomy":"product_cat","embeddable":true,"href":"https:\/\/kroisosnumismatic.com\/tr\/wp-json\/wp\/v2\/product_cat?post=12611"},{"taxonomy":"product_tag","embeddable":true,"href":"https:\/\/kroisosnumismatic.com\/tr\/wp-json\/wp\/v2\/product_tag?post=12611"}],"curies":[{"name":"wp","href":"https:\/\/api.w.org\/{rel}","templated":true}]}}