{"id":13419,"date":"2025-04-22T10:16:41","date_gmt":"2025-04-22T10:16:41","guid":{"rendered":"https:\/\/kroisosnumismatic.com\/?post_type=product&#038;p=13419"},"modified":"2026-01-02T18:45:27","modified_gmt":"2026-01-02T18:45:27","slug":"brose-kalemi","status":"publish","type":"product","link":"https:\/\/kroisosnumismatic.com\/tr\/shop\/brose-kalemi\/","title":{"rendered":"Brose Kalemi"},"content":{"rendered":"<p>KROISOS Brose Kalemi Standart *Mat Zemin olu\u015fturmak ve kararm\u0131\u015f y\u00fczeyleri temizlemek i\u00e7in kullan\u0131l\u0131r *Brose kalemi, temizlik uygulamalar\u0131nda kullan\u0131lmaktad\u0131r. 4 mm \u00e7ap\u0131nda u\u00e7lar\u0131n kullan\u0131m\u0131na uygundur. *Ucu De\u011fi\u015ftirilebilir<\/p>\n","protected":false},"excerpt":{"rendered":"<p>KROISOS Brose Kalemi Standart *Mat Zemin olu\u015fturmak ve kararm\u0131\u015f y\u00fczeyleri temizlemek i\u00e7in kullan\u0131l\u0131r *Brose kalemi, temizlik uygulamalar\u0131nda kullan\u0131lmaktad\u0131r. 4 mm<\/p>\n","protected":false},"featured_media":13420,"comment_status":"open","ping_status":"closed","template":"","meta":[],"product_brand":[],"product_cat":[109,20,104],"product_tag":[],"class_list":{"0":"post-13419","1":"product","2":"type-product","3":"status-publish","4":"has-post-thumbnail","6":"product_cat-diger-urunler","7":"product_cat-kroisos","8":"product_cat-mekanik-temizlik-urunleri","10":"first","11":"instock","12":"taxable","13":"shipping-taxable","14":"purchasable","15":"product-type-simple"},"jetpack_sharing_enabled":true,"_links":{"self":[{"href":"https:\/\/kroisosnumismatic.com\/tr\/wp-json\/wp\/v2\/product\/13419","targetHints":{"allow":["GET"]}}],"collection":[{"href":"https:\/\/kroisosnumismatic.com\/tr\/wp-json\/wp\/v2\/product"}],"about":[{"href":"https:\/\/kroisosnumismatic.com\/tr\/wp-json\/wp\/v2\/types\/product"}],"replies":[{"embeddable":true,"href":"https:\/\/kroisosnumismatic.com\/tr\/wp-json\/wp\/v2\/comments?post=13419"}],"version-history":[{"count":1,"href":"https:\/\/kroisosnumismatic.com\/tr\/wp-json\/wp\/v2\/product\/13419\/revisions"}],"predecessor-version":[{"id":13424,"href":"https:\/\/kroisosnumismatic.com\/tr\/wp-json\/wp\/v2\/product\/13419\/revisions\/13424"}],"wp:featuredmedia":[{"embeddable":true,"href":"https:\/\/kroisosnumismatic.com\/tr\/wp-json\/wp\/v2\/media\/13420"}],"wp:attachment":[{"href":"https:\/\/kroisosnumismatic.com\/tr\/wp-json\/wp\/v2\/media?parent=13419"}],"wp:term":[{"taxonomy":"product_brand","embeddable":true,"href":"https:\/\/kroisosnumismatic.com\/tr\/wp-json\/wp\/v2\/product_brand?post=13419"},{"taxonomy":"product_cat","embeddable":true,"href":"https:\/\/kroisosnumismatic.com\/tr\/wp-json\/wp\/v2\/product_cat?post=13419"},{"taxonomy":"product_tag","embeddable":true,"href":"https:\/\/kroisosnumismatic.com\/tr\/wp-json\/wp\/v2\/product_tag?post=13419"}],"curies":[{"name":"wp","href":"https:\/\/api.w.org\/{rel}","templated":true}]}}