{"id":13425,"date":"2025-04-22T10:31:35","date_gmt":"2025-04-22T10:31:35","guid":{"rendered":"https:\/\/kroisosnumismatic.com\/?post_type=product&#038;p=13425"},"modified":"2026-01-02T18:44:56","modified_gmt":"2026-01-02T18:44:56","slug":"brose-kalemi-uc-seti-2li","status":"publish","type":"product","link":"https:\/\/kroisosnumismatic.com\/tr\/shop\/brose-kalemi-uc-seti-2li\/","title":{"rendered":"Brose Kalemi U\u00e7 Seti 2&#8217;li"},"content":{"rendered":"<p>KROISOS Brose Kalem UCU Standart *Mat zemin olu\u015fturmak ve kararm\u0131\u015f y\u00fczeyleri temizlemek i\u00e7in kullan\u0131l\u0131r. *Brose kalem ucu 4 mm \u00e7ap\u0131ndad\u0131r. Paket i\u00e7eri\u011fi iki Adet U\u00e7tan olu\u015fur<\/p>\n","protected":false},"excerpt":{"rendered":"<p>KROISOS Brose Kalem UCU Standart *Mat zemin olu\u015fturmak ve kararm\u0131\u015f y\u00fczeyleri temizlemek i\u00e7in kullan\u0131l\u0131r. *Brose kalem ucu 4 mm \u00e7ap\u0131ndad\u0131r.<\/p>\n","protected":false},"featured_media":13426,"comment_status":"open","ping_status":"closed","template":"","meta":[],"product_brand":[],"product_cat":[109,20,104,108],"product_tag":[],"class_list":{"0":"post-13425","1":"product","2":"type-product","3":"status-publish","4":"has-post-thumbnail","6":"product_cat-diger-urunler","7":"product_cat-kroisos","8":"product_cat-mekanik-temizlik-urunleri","9":"product_cat-numizmatik-urunleri","11":"first","12":"instock","13":"taxable","14":"shipping-taxable","15":"purchasable","16":"product-type-simple"},"jetpack_sharing_enabled":true,"_links":{"self":[{"href":"https:\/\/kroisosnumismatic.com\/tr\/wp-json\/wp\/v2\/product\/13425","targetHints":{"allow":["GET"]}}],"collection":[{"href":"https:\/\/kroisosnumismatic.com\/tr\/wp-json\/wp\/v2\/product"}],"about":[{"href":"https:\/\/kroisosnumismatic.com\/tr\/wp-json\/wp\/v2\/types\/product"}],"replies":[{"embeddable":true,"href":"https:\/\/kroisosnumismatic.com\/tr\/wp-json\/wp\/v2\/comments?post=13425"}],"version-history":[{"count":3,"href":"https:\/\/kroisosnumismatic.com\/tr\/wp-json\/wp\/v2\/product\/13425\/revisions"}],"predecessor-version":[{"id":13889,"href":"https:\/\/kroisosnumismatic.com\/tr\/wp-json\/wp\/v2\/product\/13425\/revisions\/13889"}],"wp:featuredmedia":[{"embeddable":true,"href":"https:\/\/kroisosnumismatic.com\/tr\/wp-json\/wp\/v2\/media\/13426"}],"wp:attachment":[{"href":"https:\/\/kroisosnumismatic.com\/tr\/wp-json\/wp\/v2\/media?parent=13425"}],"wp:term":[{"taxonomy":"product_brand","embeddable":true,"href":"https:\/\/kroisosnumismatic.com\/tr\/wp-json\/wp\/v2\/product_brand?post=13425"},{"taxonomy":"product_cat","embeddable":true,"href":"https:\/\/kroisosnumismatic.com\/tr\/wp-json\/wp\/v2\/product_cat?post=13425"},{"taxonomy":"product_tag","embeddable":true,"href":"https:\/\/kroisosnumismatic.com\/tr\/wp-json\/wp\/v2\/product_tag?post=13425"}],"curies":[{"name":"wp","href":"https:\/\/api.w.org\/{rel}","templated":true}]}}