{"id":13431,"date":"2025-04-22T10:36:56","date_gmt":"2025-04-22T10:36:56","guid":{"rendered":"https:\/\/kroisosnumismatic.com\/?post_type=product&#038;p=13431"},"modified":"2026-01-02T18:44:31","modified_gmt":"2026-01-02T18:44:31","slug":"cift-tarafli-mandren","status":"publish","type":"product","link":"https:\/\/kroisosnumismatic.com\/tr\/shop\/cift-tarafli-mandren\/","title":{"rendered":"\u00c7ift Tarafl\u0131 Mandren"},"content":{"rendered":"<p>KROISOS \u00c7ift U\u00e7lu Pin Yard\u0131mc\u0131s\u0131 KROM PASLANMAZ<\/p>\n<p>\u00dcr\u00fcn\u00fcn her iki ucu i\u00e7inde 1 adet pens bulunmaktad\u0131r.<br \/>\nKullan\u0131lacak u\u00e7lar kal\u0131nl\u0131\u011f\u0131na uygun olan pens e tak\u0131l\u0131p s\u0131k\u0131\u015ft\u0131rarak kullan\u0131l\u0131r.<br \/>\n\u00d6zellikle ince u\u00e7lar da en ince taraf se\u00e7ilmez ise u\u00e7 tam s\u0131k\u0131\u015fmad\u0131\u011f\u0131 i\u00e7in kayma yapabilir.<br \/>\n0.3 mm ile 2 mm aras\u0131 u\u00e7lar\u0131n i\u00e7in kullanabilirsiniz.<br \/>\nDayan\u0131kl\u0131 sa\u011flam Paslanmaz Krom malzemeden imal edilmi\u015ftir.<\/p>\n","protected":false},"excerpt":{"rendered":"<p>KROISOS \u00c7ift U\u00e7lu Pin Yard\u0131mc\u0131s\u0131 KROM PASLANMAZ \u00dcr\u00fcn\u00fcn her iki ucu i\u00e7inde 1 adet pens bulunmaktad\u0131r. Kullan\u0131lacak u\u00e7lar kal\u0131nl\u0131\u011f\u0131na uygun<\/p>\n","protected":false},"featured_media":13432,"comment_status":"open","ping_status":"closed","template":"","meta":[],"product_brand":[],"product_cat":[109,20,104,108],"product_tag":[],"class_list":{"0":"post-13431","1":"product","2":"type-product","3":"status-publish","4":"has-post-thumbnail","6":"product_cat-diger-urunler","7":"product_cat-kroisos","8":"product_cat-mekanik-temizlik-urunleri","9":"product_cat-numizmatik-urunleri","11":"first","12":"instock","13":"taxable","14":"shipping-taxable","15":"purchasable","16":"product-type-simple"},"jetpack_sharing_enabled":true,"_links":{"self":[{"href":"https:\/\/kroisosnumismatic.com\/tr\/wp-json\/wp\/v2\/product\/13431","targetHints":{"allow":["GET"]}}],"collection":[{"href":"https:\/\/kroisosnumismatic.com\/tr\/wp-json\/wp\/v2\/product"}],"about":[{"href":"https:\/\/kroisosnumismatic.com\/tr\/wp-json\/wp\/v2\/types\/product"}],"replies":[{"embeddable":true,"href":"https:\/\/kroisosnumismatic.com\/tr\/wp-json\/wp\/v2\/comments?post=13431"}],"version-history":[{"count":2,"href":"https:\/\/kroisosnumismatic.com\/tr\/wp-json\/wp\/v2\/product\/13431\/revisions"}],"predecessor-version":[{"id":13435,"href":"https:\/\/kroisosnumismatic.com\/tr\/wp-json\/wp\/v2\/product\/13431\/revisions\/13435"}],"wp:featuredmedia":[{"embeddable":true,"href":"https:\/\/kroisosnumismatic.com\/tr\/wp-json\/wp\/v2\/media\/13432"}],"wp:attachment":[{"href":"https:\/\/kroisosnumismatic.com\/tr\/wp-json\/wp\/v2\/media?parent=13431"}],"wp:term":[{"taxonomy":"product_brand","embeddable":true,"href":"https:\/\/kroisosnumismatic.com\/tr\/wp-json\/wp\/v2\/product_brand?post=13431"},{"taxonomy":"product_cat","embeddable":true,"href":"https:\/\/kroisosnumismatic.com\/tr\/wp-json\/wp\/v2\/product_cat?post=13431"},{"taxonomy":"product_tag","embeddable":true,"href":"https:\/\/kroisosnumismatic.com\/tr\/wp-json\/wp\/v2\/product_tag?post=13431"}],"curies":[{"name":"wp","href":"https:\/\/api.w.org\/{rel}","templated":true}]}}