{"id":13437,"date":"2025-04-22T10:43:52","date_gmt":"2025-04-22T10:43:52","guid":{"rendered":"https:\/\/kroisosnumismatic.com\/?post_type=product&#038;p=13437"},"modified":"2026-01-02T18:46:12","modified_gmt":"2026-01-02T18:46:12","slug":"tek-tarafli-mandren","status":"publish","type":"product","link":"https:\/\/kroisosnumismatic.com\/tr\/shop\/tek-tarafli-mandren\/","title":{"rendered":"Tek Tarafl\u0131 Mandren"},"content":{"rendered":"<h1 id=\"name\" class=\"header content-title full-width\">KROISOS Tek Tarafl\u0131 Mandren 0,3-2 MM<\/h1>\n<p>KROISOS Tek U\u00e7lu Pin Yard\u0131mc\u0131s\u0131. \u00dcr\u00fcn\u00fcn ucunda 1 adet mandren bulunmaktad\u0131r. Kullan\u0131lacak u\u00e7lar mandrene tak\u0131l\u0131p s\u0131k\u0131\u015ft\u0131rarak kullan\u0131l\u0131r.\u00a0 0.3 mm ile 2 mm aras\u0131 u\u00e7lar\u0131n i\u00e7in kullanabilirsiniz. Dayan\u0131kl\u0131 sa\u011flam hafif malzemeden imal edilmi\u015ftir.<\/p>\n","protected":false},"excerpt":{"rendered":"<p>KROISOS Tek Tarafl\u0131 Mandren 0,3-2 MM KROISOS Tek U\u00e7lu Pin Yard\u0131mc\u0131s\u0131. \u00dcr\u00fcn\u00fcn ucunda 1 adet mandren bulunmaktad\u0131r. Kullan\u0131lacak u\u00e7lar mandrene<\/p>\n","protected":false},"featured_media":13438,"comment_status":"open","ping_status":"closed","template":"","meta":[],"product_brand":[],"product_cat":[104],"product_tag":[],"class_list":{"0":"post-13437","1":"product","2":"type-product","3":"status-publish","4":"has-post-thumbnail","6":"product_cat-mekanik-temizlik-urunleri","8":"first","9":"instock","10":"taxable","11":"shipping-taxable","12":"purchasable","13":"product-type-simple"},"jetpack_sharing_enabled":true,"_links":{"self":[{"href":"https:\/\/kroisosnumismatic.com\/tr\/wp-json\/wp\/v2\/product\/13437","targetHints":{"allow":["GET"]}}],"collection":[{"href":"https:\/\/kroisosnumismatic.com\/tr\/wp-json\/wp\/v2\/product"}],"about":[{"href":"https:\/\/kroisosnumismatic.com\/tr\/wp-json\/wp\/v2\/types\/product"}],"replies":[{"embeddable":true,"href":"https:\/\/kroisosnumismatic.com\/tr\/wp-json\/wp\/v2\/comments?post=13437"}],"version-history":[{"count":2,"href":"https:\/\/kroisosnumismatic.com\/tr\/wp-json\/wp\/v2\/product\/13437\/revisions"}],"predecessor-version":[{"id":13523,"href":"https:\/\/kroisosnumismatic.com\/tr\/wp-json\/wp\/v2\/product\/13437\/revisions\/13523"}],"wp:featuredmedia":[{"embeddable":true,"href":"https:\/\/kroisosnumismatic.com\/tr\/wp-json\/wp\/v2\/media\/13438"}],"wp:attachment":[{"href":"https:\/\/kroisosnumismatic.com\/tr\/wp-json\/wp\/v2\/media?parent=13437"}],"wp:term":[{"taxonomy":"product_brand","embeddable":true,"href":"https:\/\/kroisosnumismatic.com\/tr\/wp-json\/wp\/v2\/product_brand?post=13437"},{"taxonomy":"product_cat","embeddable":true,"href":"https:\/\/kroisosnumismatic.com\/tr\/wp-json\/wp\/v2\/product_cat?post=13437"},{"taxonomy":"product_tag","embeddable":true,"href":"https:\/\/kroisosnumismatic.com\/tr\/wp-json\/wp\/v2\/product_tag?post=13437"}],"curies":[{"name":"wp","href":"https:\/\/api.w.org\/{rel}","templated":true}]}}