{"id":13441,"date":"2025-04-22T10:49:11","date_gmt":"2025-04-22T10:49:11","guid":{"rendered":"https:\/\/kroisosnumismatic.com\/?post_type=product&#038;p=13441"},"modified":"2026-01-02T18:43:24","modified_gmt":"2026-01-02T18:43:24","slug":"elmas-karbur-pin-seti-3lu","status":"publish","type":"product","link":"https:\/\/kroisosnumismatic.com\/tr\/shop\/elmas-karbur-pin-seti-3lu\/","title":{"rendered":"Elmas Karb\u00fcr Pin Seti 3&#8217;l\u00fc"},"content":{"rendered":"<p>KROISOS Madeni Para Temizleme Elmas Karb\u00fcr 3 P\u0130NL\u0130 SET Son derece ince taneli. Para temizli\u011fi i\u00e7in \u00dc\u00c7 ELMAS KARB\u00dcR P\u0130N SET\u0130 Bir adet d\u00fcz i\u011fne, bir adet sivri u\u00e7lu i\u011fne, bir adet yuvarlak i\u011fne. \u2014M\u00fcmk\u00fcn olan en y\u00fcksek kalitede, son derece ince taneli elmas karb\u00fcr pini. \u2014Bu, Paralar\u0131 temizlemek i\u00e7in m\u00fcmk\u00fcn olan en iyi elmas karb\u00fcr pinidir. Neredeyse k\u0131r\u0131lmaz \u015faft. Kum, metale veya patinaya zarar vermeden kiri nazik\u00e7e t\u00f6rp\u00fclemek i\u00e7in yeterince incedir, yeter ki temizlik d\u00fczg\u00fcn bir \u015fekilde yap\u0131ls\u0131n. \u2014 Piyasadaki elmas pinlerin \u00e7o\u011fu madeni para temizli\u011fi i\u00e7in UYGUN DE\u011e\u0130LD\u0130R , \u00e7\u00fcnk\u00fc \u00e7ok kabad\u0131rlar (sar\u0131 bantlara sahip olmalar\u0131na ve &#8220;\u00e7ok&#8221; veya &#8220;son derece ince&#8221; olarak tan\u0131mlanmalar\u0131na ra\u011fmen) ve metale ve patinaya zarar verirler. Pinler a\u015f\u0131n\u0131r: Bunlar\u0131 sert, mineralle\u015fmi\u015f kabuklanmalar\u0131 de\u011fil, toprak birikintilerini t\u00f6rp\u00fclemek i\u00e7in kullan\u0131n. Pinlerin etraf\u0131nda yuvarlama hareketiyle nazik ama sa\u011flam bir bask\u0131 uygulay\u0131n.<\/p>\n","protected":false},"excerpt":{"rendered":"<p>KROISOS Madeni Para Temizleme Elmas Karb\u00fcr 3 P\u0130NL\u0130 SET Son derece ince taneli. Para temizli\u011fi i\u00e7in \u00dc\u00c7 ELMAS KARB\u00dcR P\u0130N<\/p>\n","protected":false},"featured_media":13442,"comment_status":"open","ping_status":"closed","template":"","meta":[],"product_brand":[],"product_cat":[104],"product_tag":[],"class_list":{"0":"post-13441","1":"product","2":"type-product","3":"status-publish","4":"has-post-thumbnail","6":"product_cat-mekanik-temizlik-urunleri","8":"first","9":"instock","10":"taxable","11":"shipping-taxable","12":"purchasable","13":"product-type-simple"},"jetpack_sharing_enabled":true,"_links":{"self":[{"href":"https:\/\/kroisosnumismatic.com\/tr\/wp-json\/wp\/v2\/product\/13441","targetHints":{"allow":["GET"]}}],"collection":[{"href":"https:\/\/kroisosnumismatic.com\/tr\/wp-json\/wp\/v2\/product"}],"about":[{"href":"https:\/\/kroisosnumismatic.com\/tr\/wp-json\/wp\/v2\/types\/product"}],"replies":[{"embeddable":true,"href":"https:\/\/kroisosnumismatic.com\/tr\/wp-json\/wp\/v2\/comments?post=13441"}],"version-history":[{"count":1,"href":"https:\/\/kroisosnumismatic.com\/tr\/wp-json\/wp\/v2\/product\/13441\/revisions"}],"predecessor-version":[{"id":13452,"href":"https:\/\/kroisosnumismatic.com\/tr\/wp-json\/wp\/v2\/product\/13441\/revisions\/13452"}],"wp:featuredmedia":[{"embeddable":true,"href":"https:\/\/kroisosnumismatic.com\/tr\/wp-json\/wp\/v2\/media\/13442"}],"wp:attachment":[{"href":"https:\/\/kroisosnumismatic.com\/tr\/wp-json\/wp\/v2\/media?parent=13441"}],"wp:term":[{"taxonomy":"product_brand","embeddable":true,"href":"https:\/\/kroisosnumismatic.com\/tr\/wp-json\/wp\/v2\/product_brand?post=13441"},{"taxonomy":"product_cat","embeddable":true,"href":"https:\/\/kroisosnumismatic.com\/tr\/wp-json\/wp\/v2\/product_cat?post=13441"},{"taxonomy":"product_tag","embeddable":true,"href":"https:\/\/kroisosnumismatic.com\/tr\/wp-json\/wp\/v2\/product_tag?post=13441"}],"curies":[{"name":"wp","href":"https:\/\/api.w.org\/{rel}","templated":true}]}}