{"id":13453,"date":"2025-04-22T10:51:52","date_gmt":"2025-04-22T10:51:52","guid":{"rendered":"https:\/\/kroisosnumismatic.com\/?post_type=product&#038;p=13453"},"modified":"2026-01-02T18:42:40","modified_gmt":"2026-01-02T18:42:40","slug":"restorasyon-spatula-takimi-12li","status":"publish","type":"product","link":"https:\/\/kroisosnumismatic.com\/tr\/shop\/restorasyon-spatula-takimi-12li\/","title":{"rendered":"Restorasyon Spatula Tak\u0131m\u0131 12&#8217;li"},"content":{"rendered":"<p class=\"desc\">12 L\u0130 RESTORASYON SPATULA TAKIMI \u00c7ift y\u00f6nl\u00fc kaz\u0131ma u\u00e7lar\u0131 Paslanmaz \u00c7elik dayan\u0131kl\u0131 malzemeden imal edilmi\u015ftir.<\/p>\n<div class=\"ui divider\"><\/div>\n","protected":false},"excerpt":{"rendered":"<p>12 L\u0130 RESTORASYON SPATULA TAKIMI \u00c7ift y\u00f6nl\u00fc kaz\u0131ma u\u00e7lar\u0131 Paslanmaz \u00c7elik dayan\u0131kl\u0131 malzemeden imal edilmi\u015ftir.<\/p>\n","protected":false},"featured_media":13454,"comment_status":"open","ping_status":"closed","template":"","meta":[],"product_brand":[],"product_cat":[109,104],"product_tag":[],"class_list":{"0":"post-13453","1":"product","2":"type-product","3":"status-publish","4":"has-post-thumbnail","6":"product_cat-diger-urunler","7":"product_cat-mekanik-temizlik-urunleri","9":"first","10":"instock","11":"taxable","12":"shipping-taxable","13":"purchasable","14":"product-type-simple"},"jetpack_sharing_enabled":true,"_links":{"self":[{"href":"https:\/\/kroisosnumismatic.com\/tr\/wp-json\/wp\/v2\/product\/13453","targetHints":{"allow":["GET"]}}],"collection":[{"href":"https:\/\/kroisosnumismatic.com\/tr\/wp-json\/wp\/v2\/product"}],"about":[{"href":"https:\/\/kroisosnumismatic.com\/tr\/wp-json\/wp\/v2\/types\/product"}],"replies":[{"embeddable":true,"href":"https:\/\/kroisosnumismatic.com\/tr\/wp-json\/wp\/v2\/comments?post=13453"}],"version-history":[{"count":2,"href":"https:\/\/kroisosnumismatic.com\/tr\/wp-json\/wp\/v2\/product\/13453\/revisions"}],"predecessor-version":[{"id":13901,"href":"https:\/\/kroisosnumismatic.com\/tr\/wp-json\/wp\/v2\/product\/13453\/revisions\/13901"}],"wp:featuredmedia":[{"embeddable":true,"href":"https:\/\/kroisosnumismatic.com\/tr\/wp-json\/wp\/v2\/media\/13454"}],"wp:attachment":[{"href":"https:\/\/kroisosnumismatic.com\/tr\/wp-json\/wp\/v2\/media?parent=13453"}],"wp:term":[{"taxonomy":"product_brand","embeddable":true,"href":"https:\/\/kroisosnumismatic.com\/tr\/wp-json\/wp\/v2\/product_brand?post=13453"},{"taxonomy":"product_cat","embeddable":true,"href":"https:\/\/kroisosnumismatic.com\/tr\/wp-json\/wp\/v2\/product_cat?post=13453"},{"taxonomy":"product_tag","embeddable":true,"href":"https:\/\/kroisosnumismatic.com\/tr\/wp-json\/wp\/v2\/product_tag?post=13453"}],"curies":[{"name":"wp","href":"https:\/\/api.w.org\/{rel}","templated":true}]}}