{"id":13457,"date":"2025-04-22T10:59:20","date_gmt":"2025-04-22T10:59:20","guid":{"rendered":"https:\/\/kroisosnumismatic.com\/?post_type=product&#038;p=13457"},"modified":"2026-01-02T18:41:59","modified_gmt":"2026-01-02T18:41:59","slug":"kompozit-fiber-uc-seti","status":"publish","type":"product","link":"https:\/\/kroisosnumismatic.com\/tr\/shop\/kompozit-fiber-uc-seti\/","title":{"rendered":"Kompozit Fiber U\u00e7 Seti"},"content":{"rendered":"<p>Kompozit Fiber U\u00e7 Seti<\/p>\n<p>Temizlik kalemi i\u00e7in \u00fcretilen u\u00e7lard\u0131r. Ambalaj i\u00e7eri\u011finde (iki) adet cam elyaf, (iki) adet karbon fiber kompozit u\u00e7 bulunur. U\u00e7lar amaca g\u00f6re oldukca sa\u011fl\u0131kl\u0131 sonu\u00e7lar verir ve dayan\u0131kl\u0131 olup uzun s\u00fcre kullan\u0131labilir.<\/p>\n","protected":false},"excerpt":{"rendered":"<p>Kompozit Fiber U\u00e7 Seti Temizlik kalemi i\u00e7in \u00fcretilen u\u00e7lard\u0131r. Ambalaj i\u00e7eri\u011finde (iki) adet cam elyaf, (iki) adet karbon fiber kompozit<\/p>\n","protected":false},"featured_media":13458,"comment_status":"open","ping_status":"closed","template":"","meta":[],"product_brand":[],"product_cat":[104],"product_tag":[],"class_list":{"0":"post-13457","1":"product","2":"type-product","3":"status-publish","4":"has-post-thumbnail","6":"product_cat-mekanik-temizlik-urunleri","8":"first","9":"instock","10":"taxable","11":"shipping-taxable","12":"purchasable","13":"product-type-simple"},"jetpack_sharing_enabled":true,"_links":{"self":[{"href":"https:\/\/kroisosnumismatic.com\/tr\/wp-json\/wp\/v2\/product\/13457","targetHints":{"allow":["GET"]}}],"collection":[{"href":"https:\/\/kroisosnumismatic.com\/tr\/wp-json\/wp\/v2\/product"}],"about":[{"href":"https:\/\/kroisosnumismatic.com\/tr\/wp-json\/wp\/v2\/types\/product"}],"replies":[{"embeddable":true,"href":"https:\/\/kroisosnumismatic.com\/tr\/wp-json\/wp\/v2\/comments?post=13457"}],"version-history":[{"count":2,"href":"https:\/\/kroisosnumismatic.com\/tr\/wp-json\/wp\/v2\/product\/13457\/revisions"}],"predecessor-version":[{"id":13461,"href":"https:\/\/kroisosnumismatic.com\/tr\/wp-json\/wp\/v2\/product\/13457\/revisions\/13461"}],"wp:featuredmedia":[{"embeddable":true,"href":"https:\/\/kroisosnumismatic.com\/tr\/wp-json\/wp\/v2\/media\/13458"}],"wp:attachment":[{"href":"https:\/\/kroisosnumismatic.com\/tr\/wp-json\/wp\/v2\/media?parent=13457"}],"wp:term":[{"taxonomy":"product_brand","embeddable":true,"href":"https:\/\/kroisosnumismatic.com\/tr\/wp-json\/wp\/v2\/product_brand?post=13457"},{"taxonomy":"product_cat","embeddable":true,"href":"https:\/\/kroisosnumismatic.com\/tr\/wp-json\/wp\/v2\/product_cat?post=13457"},{"taxonomy":"product_tag","embeddable":true,"href":"https:\/\/kroisosnumismatic.com\/tr\/wp-json\/wp\/v2\/product_tag?post=13457"}],"curies":[{"name":"wp","href":"https:\/\/api.w.org\/{rel}","templated":true}]}}