{"id":13462,"date":"2025-04-22T11:07:00","date_gmt":"2025-04-22T11:07:00","guid":{"rendered":"https:\/\/kroisosnumismatic.com\/?post_type=product&#038;p=13462"},"modified":"2026-01-02T18:41:24","modified_gmt":"2026-01-02T18:41:24","slug":"30x-kucuk-yakin-buyuteci-lup-buyutec","status":"publish","type":"product","link":"https:\/\/kroisosnumismatic.com\/tr\/shop\/30x-kucuk-yakin-buyuteci-lup-buyutec\/","title":{"rendered":"30x K\u00fc\u00e7\u00fck Yak\u0131n B\u00fcy\u00fcteci Lup B\u00fcy\u00fcte\u00e7"},"content":{"rendered":"<p><span style=\"vertical-align: inherit;\"><span style=\"vertical-align: inherit;\"><span style=\"vertical-align: inherit;\"><span style=\"vertical-align: inherit;\">30x K\u00fc\u00e7\u00fck Yak\u0131n B\u00fcy\u00fcteci Lup B\u00fcy\u00fcte\u00e7 Bu \u00fcr\u00fcn KROISOSNUMISMATIC taraf\u0131ndan g\u00f6nderilecektir. 30x K\u00fc\u00e7\u00fck B\u00fcy\u00fcte\u00e7 Lup Lens \u00e7ap\u0131: 2,1 cm Boyutu: 3,8 x 2,6 x 1,8 cm Orijinal Kutusunda Kullan\u0131m Notu; \u2022 \u00dcr\u00fcn\u00fc kullanabilmek i\u00e7in hem \u00fcr\u00fcn\u00fc b\u00fcy\u00fctmek istedi\u011finiz paray\u0131, hem de g\u00f6z\u00fcn\u00fcz\u00fc \u00fcr\u00fcne olduk\u00e7a yakla\u015ft\u0131rman\u0131z gerekmektedir. \u2022 Uzaktan eri\u015fimin eri\u015filebilirli\u011fi de\u011fildir.<\/span><\/span><\/span><\/span><\/p>\n","protected":false},"excerpt":{"rendered":"<p>30x K\u00fc\u00e7\u00fck Yak\u0131n B\u00fcy\u00fcteci Lup B\u00fcy\u00fcte\u00e7 Bu \u00fcr\u00fcn KROISOSNUMISMATIC taraf\u0131ndan g\u00f6nderilecektir. 30x K\u00fc\u00e7\u00fck B\u00fcy\u00fcte\u00e7 Lup Lens \u00e7ap\u0131: 2,1 cm Boyutu:<\/p>\n","protected":false},"featured_media":13710,"comment_status":"open","ping_status":"closed","template":"","meta":[],"product_brand":[],"product_cat":[109,108],"product_tag":[],"class_list":{"0":"post-13462","1":"product","2":"type-product","3":"status-publish","4":"has-post-thumbnail","6":"product_cat-diger-urunler","7":"product_cat-numizmatik-urunleri","9":"first","10":"instock","11":"taxable","12":"shipping-taxable","13":"purchasable","14":"product-type-simple"},"jetpack_sharing_enabled":true,"_links":{"self":[{"href":"https:\/\/kroisosnumismatic.com\/tr\/wp-json\/wp\/v2\/product\/13462","targetHints":{"allow":["GET"]}}],"collection":[{"href":"https:\/\/kroisosnumismatic.com\/tr\/wp-json\/wp\/v2\/product"}],"about":[{"href":"https:\/\/kroisosnumismatic.com\/tr\/wp-json\/wp\/v2\/types\/product"}],"replies":[{"embeddable":true,"href":"https:\/\/kroisosnumismatic.com\/tr\/wp-json\/wp\/v2\/comments?post=13462"}],"version-history":[{"count":4,"href":"https:\/\/kroisosnumismatic.com\/tr\/wp-json\/wp\/v2\/product\/13462\/revisions"}],"predecessor-version":[{"id":13524,"href":"https:\/\/kroisosnumismatic.com\/tr\/wp-json\/wp\/v2\/product\/13462\/revisions\/13524"}],"wp:featuredmedia":[{"embeddable":true,"href":"https:\/\/kroisosnumismatic.com\/tr\/wp-json\/wp\/v2\/media\/13710"}],"wp:attachment":[{"href":"https:\/\/kroisosnumismatic.com\/tr\/wp-json\/wp\/v2\/media?parent=13462"}],"wp:term":[{"taxonomy":"product_brand","embeddable":true,"href":"https:\/\/kroisosnumismatic.com\/tr\/wp-json\/wp\/v2\/product_brand?post=13462"},{"taxonomy":"product_cat","embeddable":true,"href":"https:\/\/kroisosnumismatic.com\/tr\/wp-json\/wp\/v2\/product_cat?post=13462"},{"taxonomy":"product_tag","embeddable":true,"href":"https:\/\/kroisosnumismatic.com\/tr\/wp-json\/wp\/v2\/product_tag?post=13462"}],"curies":[{"name":"wp","href":"https:\/\/api.w.org\/{rel}","templated":true}]}}