{"id":13496,"date":"2025-04-22T11:35:25","date_gmt":"2025-04-22T11:35:25","guid":{"rendered":"https:\/\/kroisosnumismatic.com\/?post_type=product&#038;p=13496"},"modified":"2026-01-02T18:39:06","modified_gmt":"2026-01-02T18:39:06","slug":"ayarlanabilir-buyutec-basli-gozluk","status":"publish","type":"product","link":"https:\/\/kroisosnumismatic.com\/tr\/shop\/ayarlanabilir-buyutec-basli-gozluk\/","title":{"rendered":"Ayarlanabilir B\u00fcy\u00fcte\u00e7 Ba\u015fl\u0131 G\u00f6zl\u00fck"},"content":{"rendered":"<p>Ayarlanabilir B\u00fcy\u00fcte\u00e7 Ba\u015fl\u0131 G\u00f6zl\u00fck Ayarlanabilir B\u00fcy\u00fcte\u00e7 Ba\u015fl\u0131 G\u00f6zl\u00fck,k\u00fc\u00e7\u00fck nesnelerin tamirat\u0131 ve ince detaylar\u0131n incelenmesi i\u00e7in m\u00fckemmel bir yard\u0131mc\u0131d\u0131r. Kafa band\u0131 tasar\u0131m\u0131 sayesinde b\u00fcy\u00fcte\u00e7, \u00e7al\u0131\u015f\u0131rken sabit kal\u0131r ve rahats\u0131z edici hareketlerin \u00f6n\u00fcne ge\u00e7er. Ayarlanabilir b\u00fcy\u00fcte\u00e7 kafas\u0131, farkl\u0131 b\u00fcy\u00fctme seviyeleriyle (8x, 15x ve 23x) kullan\u0131labilir, bu da cihaz\u0131 \u00e7e\u015fitli onar\u0131m ve inceleme i\u015flemleri i\u00e7in son derece pratik ve kullan\u0131\u015fl\u0131 k\u0131lar. \u00c7ift cilal\u0131 ve kristal akrilik lensi sayesinde y\u00fcksek netlik sunan b\u00fcy\u00fcte\u00e7, g\u00f6r\u00fcnt\u00fcde bozulma yapmaz. Esnek ve ayarlanabilir k\u0131s\u0131labilir LED \u0131\u015f\u0131klar\u0131, istenen parlakl\u0131k seviyesini ayarlama imk\u00e2n\u0131 tan\u0131yarak daha iyi bir g\u00f6r\u00fcnt\u00fcleme deneyimi sa\u011flar. Gazeteler, belgeler, haritalar, madeni paralar, pullar, elektronik par\u00e7alar, m\u00fccevherler ve foto\u011fraflar gibi k\u00fc\u00e7\u00fck detaylar\u0131n incelenmesinde idealdir. Ayn\u0131 zamanda saat, cep telefonu ve benzeri k\u00fc\u00e7\u00fck cihazlar\u0131n onar\u0131m\u0131nda da kullan\u0131\u015fl\u0131d\u0131r. Ya\u015fl\u0131lar, hobi sahipleri ve profesyoneller i\u00e7in m\u00fckemmel bir hediye olan bu b\u00fcy\u00fcte\u00e7, g\u00f6rsel bozulma ya\u015fayan ki\u015filer i\u00e7in de d\u00fc\u015f\u00fcnceli bir yard\u0131mc\u0131d\u0131r. Ayarlanabilir B\u00fcy\u00fcte\u00e7 Ba\u015fl\u0131 G\u00f6zl\u00fck &#8211; Teknik \u00d6zellikleri Malzeme: ABS + Akrilik Lens Renk: Beyaz Lens B\u00fcy\u00fctme: 8x, 15x, 23x (bir seferde 2 lens kullan\u0131n) Lens Odak Mesafesi: 62mm, 33mm, 21mm Pil: 6 * LR1130 (piller dahil) Ayd\u0131nlatma Kayna\u011f\u0131 2 * Led<\/p>\n","protected":false},"excerpt":{"rendered":"<p>Ayarlanabilir B\u00fcy\u00fcte\u00e7 Ba\u015fl\u0131 G\u00f6zl\u00fck Ayarlanabilir B\u00fcy\u00fcte\u00e7 Ba\u015fl\u0131 G\u00f6zl\u00fck,k\u00fc\u00e7\u00fck nesnelerin tamirat\u0131 ve ince detaylar\u0131n incelenmesi i\u00e7in m\u00fckemmel bir yard\u0131mc\u0131d\u0131r. Kafa band\u0131<\/p>\n","protected":false},"featured_media":13708,"comment_status":"open","ping_status":"closed","template":"","meta":[],"product_brand":[],"product_cat":[109,104,108],"product_tag":[],"class_list":{"0":"post-13496","1":"product","2":"type-product","3":"status-publish","4":"has-post-thumbnail","6":"product_cat-diger-urunler","7":"product_cat-mekanik-temizlik-urunleri","8":"product_cat-numizmatik-urunleri","10":"first","11":"instock","12":"taxable","13":"shipping-taxable","14":"purchasable","15":"product-type-simple"},"jetpack_sharing_enabled":true,"_links":{"self":[{"href":"https:\/\/kroisosnumismatic.com\/tr\/wp-json\/wp\/v2\/product\/13496","targetHints":{"allow":["GET"]}}],"collection":[{"href":"https:\/\/kroisosnumismatic.com\/tr\/wp-json\/wp\/v2\/product"}],"about":[{"href":"https:\/\/kroisosnumismatic.com\/tr\/wp-json\/wp\/v2\/types\/product"}],"replies":[{"embeddable":true,"href":"https:\/\/kroisosnumismatic.com\/tr\/wp-json\/wp\/v2\/comments?post=13496"}],"version-history":[{"count":2,"href":"https:\/\/kroisosnumismatic.com\/tr\/wp-json\/wp\/v2\/product\/13496\/revisions"}],"predecessor-version":[{"id":13905,"href":"https:\/\/kroisosnumismatic.com\/tr\/wp-json\/wp\/v2\/product\/13496\/revisions\/13905"}],"wp:featuredmedia":[{"embeddable":true,"href":"https:\/\/kroisosnumismatic.com\/tr\/wp-json\/wp\/v2\/media\/13708"}],"wp:attachment":[{"href":"https:\/\/kroisosnumismatic.com\/tr\/wp-json\/wp\/v2\/media?parent=13496"}],"wp:term":[{"taxonomy":"product_brand","embeddable":true,"href":"https:\/\/kroisosnumismatic.com\/tr\/wp-json\/wp\/v2\/product_brand?post=13496"},{"taxonomy":"product_cat","embeddable":true,"href":"https:\/\/kroisosnumismatic.com\/tr\/wp-json\/wp\/v2\/product_cat?post=13496"},{"taxonomy":"product_tag","embeddable":true,"href":"https:\/\/kroisosnumismatic.com\/tr\/wp-json\/wp\/v2\/product_tag?post=13496"}],"curies":[{"name":"wp","href":"https:\/\/api.w.org\/{rel}","templated":true}]}}