{"id":13506,"date":"2025-04-22T11:39:44","date_gmt":"2025-04-22T11:39:44","guid":{"rendered":"https:\/\/kroisosnumismatic.com\/?post_type=product&#038;p=13506"},"modified":"2026-01-02T18:37:33","modified_gmt":"2026-01-02T18:37:33","slug":"usb-dijital-mikroskop-el-40x-1000x-buyutme-endoskopu","status":"publish","type":"product","link":"https:\/\/kroisosnumismatic.com\/tr\/shop\/usb-dijital-mikroskop-el-40x-1000x-buyutme-endoskopu\/","title":{"rendered":"USB Dijital Mikroskop, El 40X-1000X B\u00fcy\u00fctme Endoskopu"},"content":{"rendered":"<pre id=\"tw-target-text\" class=\"tw-data-text tw-text-large tw-ta\" dir=\"ltr\" data-placeholder=\"\u00c7eviri\" data-ved=\"2ahUKEwjSvYrO6bGNAxUlPhAIHWWtCqgQ3ewLegQICRAV\" aria-label=\"\u00c7evrilmi\u015f metin: G\u00fc\u00e7l\u00fc Fonksiyon: 1000X USB b\u00fcy\u00fcte\u00e7, 8 LED \u0131\u015f\u0131kla birlikte gelir, inceleme alan\u0131n\u0131n ayd\u0131nlatmas\u0131 parlakl\u0131k tekerle\u011fi ile ayarlanabilir. Ekran g\u00f6r\u00fcnt\u00fcs\u00fc al\u0131n ve mikro d\u00fcnyan\u0131n videosunu kaydedin, bu kullan\u0131m s\u0131ras\u0131nda net ve kararl\u0131 bir g\u00f6r\u00fcnt\u00fc sa\u011flar. Geni\u015f Uygulama: USB ile \u00e7al\u0131\u015fan bu dijital mikroskop, koleksiyonlar\/madeni para incelemesi, e\u011fitim ama\u00e7l\u0131, cilt muayenesi, sa\u00e7 muayenesi, bitki diseksiyonu\/muayenesinde, tekstil incelemesinde, m\u00fccevher incelemesinde, bask\u0131 incelemesinde, PCB veya PCBA incelemesinde vb. yayg\u0131n olarak kullan\u0131l\u0131r. Kullan\u0131m\u0131 Kolay: Sa\u011flanan yaz\u0131l\u0131mla (\u00fccretsiz) kolayca \u00e7al\u0131\u015ft\u0131r\u0131n, hatta bir \u00f6l\u00e7\u00fcm arac\u0131 olarak bile kullanabilirsiniz (sadece Windows i\u00e7in). Tek tu\u015fla foto\u011fraf \u00e7ekin ve objektifi yak\u0131nla\u015ft\u0131r\u0131n. \u00c7o\u011fu E-cihazla Uyumlu: Mac OS X 10.5, Windows 7 8 10 11, Linux \u00e7ekirdekleri 2.6.26 ve \u00fczeri, OTG fonksiyonlu Android telefonlarla uyumludur. (OTG nas\u0131l kontrol edilir? \u00dccretsiz &quot;USB OTG Checker&quot; uygulamas\u0131n\u0131 indirin). Bu mikroskop IOS iPhone ile \u00e7al\u0131\u015fmaz. Ne Al\u0131rs\u0131n\u0131z: 1 x USB Dijital Mikroskop, 1 x Metal Stand, 1 x Yaz\u0131l\u0131m S\u00fcr\u00fcc\u00fcs\u00fc, 1 x Type C Adapt\u00f6r\u00fc (Android Type C Telefon i\u00e7in), 1 x Cetvel.\"><span class=\"Y2IQFc\" lang=\"tr\">G\u00fc\u00e7l\u00fc Fonksiyon: 1000X USB b\u00fcy\u00fcte\u00e7, 8 LED \u0131\u015f\u0131kla birlikte gelir, inceleme alan\u0131n\u0131n ayd\u0131nlatmas\u0131 parlakl\u0131k tekerle\u011fi ile ayarlanabilir. Ekran g\u00f6r\u00fcnt\u00fcs\u00fc al\u0131n ve mikro d\u00fcnyan\u0131n videosunu kaydedin, bu kullan\u0131m s\u0131ras\u0131nda net ve kararl\u0131 bir g\u00f6r\u00fcnt\u00fc sa\u011flar.\r\nGeni\u015f Uygulama: USB ile \u00e7al\u0131\u015fan bu dijital mikroskop, koleksiyonlar\/madeni para incelemesi, e\u011fitim ama\u00e7l\u0131, cilt muayenesi, sa\u00e7 muayenesi, bitki diseksiyonu\/muayenesinde, tekstil incelemesinde, m\u00fccevher incelemesinde, bask\u0131 incelemesinde, PCB veya PCBA incelemesinde vb. yayg\u0131n olarak kullan\u0131l\u0131r.\r\nKullan\u0131m\u0131 Kolay: Sa\u011flanan yaz\u0131l\u0131mla (\u00fccretsiz) kolayca \u00e7al\u0131\u015ft\u0131r\u0131n, hatta bir \u00f6l\u00e7\u00fcm arac\u0131 olarak bile kullanabilirsiniz (sadece Windows i\u00e7in). Tek tu\u015fla foto\u011fraf \u00e7ekin ve objektifi yak\u0131nla\u015ft\u0131r\u0131n.\r\n\u00c7o\u011fu E-cihazla Uyumlu: Mac OS X 10.5, Windows 7 8 10 11, Linux \u00e7ekirdekleri 2.6.26 ve \u00fczeri, OTG fonksiyonlu Android telefonlarla uyumludur. (OTG nas\u0131l kontrol edilir? \u00dccretsiz \"USB OTG Checker\" uygulamas\u0131n\u0131 indirin). Bu mikroskop IOS iPhone ile \u00e7al\u0131\u015fmaz. Ne Al\u0131rs\u0131n\u0131z: 1 x USB Dijital Mikroskop, 1 x Metal Stand, 1 x Yaz\u0131l\u0131m S\u00fcr\u00fcc\u00fcs\u00fc, 1 x Type C Adapt\u00f6r\u00fc (Android Type C Telefon i\u00e7in), 1 x Cetvel.<\/span><\/pre>\n","protected":false},"excerpt":{"rendered":"<p>G\u00fc\u00e7l\u00fc Fonksiyon: 1000X USB b\u00fcy\u00fcte\u00e7, 8 LED \u0131\u015f\u0131kla birlikte gelir, inceleme alan\u0131n\u0131n ayd\u0131nlatmas\u0131 parlakl\u0131k tekerle\u011fi ile ayarlanabilir. Ekran g\u00f6r\u00fcnt\u00fcs\u00fc al\u0131n<\/p>\n","protected":false},"featured_media":13705,"comment_status":"open","ping_status":"closed","template":"","meta":[],"product_brand":[],"product_cat":[109],"product_tag":[],"class_list":{"0":"post-13506","1":"product","2":"type-product","3":"status-publish","4":"has-post-thumbnail","6":"product_cat-diger-urunler","8":"first","9":"instock","10":"taxable","11":"shipping-taxable","12":"purchasable","13":"product-type-simple"},"jetpack_sharing_enabled":true,"_links":{"self":[{"href":"https:\/\/kroisosnumismatic.com\/tr\/wp-json\/wp\/v2\/product\/13506","targetHints":{"allow":["GET"]}}],"collection":[{"href":"https:\/\/kroisosnumismatic.com\/tr\/wp-json\/wp\/v2\/product"}],"about":[{"href":"https:\/\/kroisosnumismatic.com\/tr\/wp-json\/wp\/v2\/types\/product"}],"replies":[{"embeddable":true,"href":"https:\/\/kroisosnumismatic.com\/tr\/wp-json\/wp\/v2\/comments?post=13506"}],"version-history":[{"count":3,"href":"https:\/\/kroisosnumismatic.com\/tr\/wp-json\/wp\/v2\/product\/13506\/revisions"}],"predecessor-version":[{"id":14213,"href":"https:\/\/kroisosnumismatic.com\/tr\/wp-json\/wp\/v2\/product\/13506\/revisions\/14213"}],"wp:featuredmedia":[{"embeddable":true,"href":"https:\/\/kroisosnumismatic.com\/tr\/wp-json\/wp\/v2\/media\/13705"}],"wp:attachment":[{"href":"https:\/\/kroisosnumismatic.com\/tr\/wp-json\/wp\/v2\/media?parent=13506"}],"wp:term":[{"taxonomy":"product_brand","embeddable":true,"href":"https:\/\/kroisosnumismatic.com\/tr\/wp-json\/wp\/v2\/product_brand?post=13506"},{"taxonomy":"product_cat","embeddable":true,"href":"https:\/\/kroisosnumismatic.com\/tr\/wp-json\/wp\/v2\/product_cat?post=13506"},{"taxonomy":"product_tag","embeddable":true,"href":"https:\/\/kroisosnumismatic.com\/tr\/wp-json\/wp\/v2\/product_tag?post=13506"}],"curies":[{"name":"wp","href":"https:\/\/api.w.org\/{rel}","templated":true}]}}