{"id":13651,"date":"2025-04-25T08:44:00","date_gmt":"2025-04-25T08:44:00","guid":{"rendered":"https:\/\/kroisosnumismatic.com\/?post_type=product&#038;p=13651"},"modified":"2026-01-02T18:35:35","modified_gmt":"2026-01-02T18:35:35","slug":"n1-a-kaplama-dusuk-ayar-gumus-temizleme-solusyonu-2","status":"publish","type":"product","link":"https:\/\/kroisosnumismatic.com\/tr\/shop\/n1-a-kaplama-dusuk-ayar-gumus-temizleme-solusyonu-2\/","title":{"rendered":"N1 A Kaplama &#038; D\u00fc\u015f\u00fck Ayar G\u00fcm\u00fc\u015f Temizleme Sol\u00fcsyonu"},"content":{"rendered":"<p>N1A bile\u015fikleri \u00e7\u00f6zeltisi, 30\/70 ve alt\u0131nda \u00fcretilmi\u015f olan AG\/Cu ala\u015f\u0131ml\u0131 madeni paralar, sikke ve metallerlerin oksit ve mineral tabakalar\u0131ndan ar\u0131nd\u0131r\u0131lmas\u0131 amac\u0131yla \u00fcretilmi\u015f bir \u00fcr\u00fcnd\u00fcr. \u00d6zellikle G\u00fcm\u00fc\u015f Oksit (Ag\u2082O), Malakit (Cu2CO3(OH)2) ve K\u00fcprit(Cu<sub>2<\/sub>O) tabakalar\u0131n\u00a0 \u00e7\u00f6z\u00fclmesine yard\u0131mc\u0131 olur. \u00c7oklu etken bile\u015fikler farkl\u0131 karakterlerdeki katmanlar\u0131n temizlenmesini sa\u011flar. Uygulama 3- 48 saat aras\u0131nda periyodik kontrollerle devam ettirilebilir. Kaplanm\u0131\u015f veya yap\u0131sal zay\u0131fl\u0131klar\u0131 olan g\u00fcm\u00fc\u015f objelerde kullan\u0131lmas\u0131 tavsiye edilmektedir. Yava\u015f ilerleyen reaksiyon s\u00fcreci sayesinde i\u015flemlerin kontrol\u00fc daha kolay ve g\u00fcvenli olacakt\u0131r.<\/p>\n","protected":false},"excerpt":{"rendered":"<p>N1A bile\u015fikleri \u00e7\u00f6zeltisi, 30\/70 ve alt\u0131nda \u00fcretilmi\u015f olan AG\/Cu ala\u015f\u0131ml\u0131 madeni paralar, sikke ve metallerlerin oksit ve mineral tabakalar\u0131ndan ar\u0131nd\u0131r\u0131lmas\u0131<\/p>\n","protected":false},"featured_media":13652,"comment_status":"open","ping_status":"closed","template":"","meta":[],"product_brand":[],"product_cat":[105],"product_tag":[],"class_list":{"0":"post-13651","1":"product","2":"type-product","3":"status-publish","4":"has-post-thumbnail","6":"product_cat-kimyasal-temizlik-urunleri","8":"first","9":"instock","10":"taxable","11":"shipping-taxable","12":"purchasable","13":"product-type-simple"},"jetpack_sharing_enabled":true,"_links":{"self":[{"href":"https:\/\/kroisosnumismatic.com\/tr\/wp-json\/wp\/v2\/product\/13651","targetHints":{"allow":["GET"]}}],"collection":[{"href":"https:\/\/kroisosnumismatic.com\/tr\/wp-json\/wp\/v2\/product"}],"about":[{"href":"https:\/\/kroisosnumismatic.com\/tr\/wp-json\/wp\/v2\/types\/product"}],"replies":[{"embeddable":true,"href":"https:\/\/kroisosnumismatic.com\/tr\/wp-json\/wp\/v2\/comments?post=13651"}],"version-history":[{"count":2,"href":"https:\/\/kroisosnumismatic.com\/tr\/wp-json\/wp\/v2\/product\/13651\/revisions"}],"predecessor-version":[{"id":13672,"href":"https:\/\/kroisosnumismatic.com\/tr\/wp-json\/wp\/v2\/product\/13651\/revisions\/13672"}],"wp:featuredmedia":[{"embeddable":true,"href":"https:\/\/kroisosnumismatic.com\/tr\/wp-json\/wp\/v2\/media\/13652"}],"wp:attachment":[{"href":"https:\/\/kroisosnumismatic.com\/tr\/wp-json\/wp\/v2\/media?parent=13651"}],"wp:term":[{"taxonomy":"product_brand","embeddable":true,"href":"https:\/\/kroisosnumismatic.com\/tr\/wp-json\/wp\/v2\/product_brand?post=13651"},{"taxonomy":"product_cat","embeddable":true,"href":"https:\/\/kroisosnumismatic.com\/tr\/wp-json\/wp\/v2\/product_cat?post=13651"},{"taxonomy":"product_tag","embeddable":true,"href":"https:\/\/kroisosnumismatic.com\/tr\/wp-json\/wp\/v2\/product_tag?post=13651"}],"curies":[{"name":"wp","href":"https:\/\/api.w.org\/{rel}","templated":true}]}}