{"id":13677,"date":"2025-04-25T10:22:32","date_gmt":"2025-04-25T10:22:32","guid":{"rendered":"https:\/\/kroisosnumismatic.com\/?post_type=product&#038;p=13677"},"modified":"2026-01-02T18:34:42","modified_gmt":"2026-01-02T18:34:42","slug":"n2-yuksek-ayar-gumus-temizleme-solusyonu-2","status":"publish","type":"product","link":"https:\/\/kroisosnumismatic.com\/tr\/shop\/n2-yuksek-ayar-gumus-temizleme-solusyonu-2\/","title":{"rendered":"N2 Y\u00fcksek Ayar G\u00fcm\u00fc\u015f Temizleme Sol\u00fcsyonu"},"content":{"rendered":"<div class=\"product-tabs-wrapper\">\n<div class=\"container\">\n<div class=\"row\">\n<div class=\"col-12 poduct-tabs-inner\">\n<div class=\"woocommerce-tabs wc-tabs-wrapper tabs-layout-tabs\" data-state=\"first\" data-layout=\"tabs\">\n<div class=\"wd-accordion-item\">\n<div id=\"tab-description\" class=\"entry-content woocommerce-Tabs-panel woocommerce-Tabs-panel--description wd-active panel wc-tab\" role=\"tabpanel\" aria-labelledby=\"tab-title-description\" data-accordion-index=\"description\">\n<div class=\"wc-tab-inner\">\n<p>N2 sol\u00fcsyonu, y\u00fcksek oranl\u0131 g\u00fcm\u00fc\u015f ( 50-70) AG\/Cu ala\u015f\u0131ml\u0131 madeni paralar, sikke ve metallerlerin, oksit ve mineral tabakalar\u0131ndan ar\u0131nd\u0131r\u0131lmas\u0131 amac\u0131yla \u00fcretilmi\u015f bir \u00fcr\u00fcnd\u00fcr. Geni\u015f etki portf\u00f6y\u00fcne sahiptir. \u00d6zellikle kur\u015fun katmanlar\u0131n giderilmesinde tatmin edici sonu\u00e7lar vermektedir. Kur\u015fun Oksit (PbO -PbO2\u00a0), G\u00fcm\u00fc\u015f Oksit (Ag\u2082O), Malakit (Cu2CO3(OH)2), K\u00fcprit(Cu<sub>2<\/sub>O) yan\u0131 s\u0131ra asidik yada bazik karakterli bir \u00e7ok katmanan\u0131n \u00e7\u00f6z\u00fclmesini sa\u011flar. Uygulama 0,25 \u2013 12 saat aral\u0131\u011f\u0131nda 30\u2019ar Dk\u2019l\u0131k periyodik g\u00f6zlem ve takip gerektirir.<\/p>\n<\/div>\n<\/div>\n<\/div>\n<div class=\"wd-accordion-item\"><\/div>\n<div class=\"wd-accordion-item\"><\/div>\n<\/div>\n<\/div>\n<\/div>\n<\/div>\n<\/div>\n<div class=\"container related-and-upsells\">\n<div class=\"related-products\"><\/div>\n<\/div>\n","protected":false},"excerpt":{"rendered":"<p>N2 sol\u00fcsyonu, y\u00fcksek oranl\u0131 g\u00fcm\u00fc\u015f ( 50-70) AG\/Cu ala\u015f\u0131ml\u0131 madeni paralar, sikke ve metallerlerin, oksit ve mineral tabakalar\u0131ndan ar\u0131nd\u0131r\u0131lmas\u0131 amac\u0131yla<\/p>\n","protected":false},"featured_media":13678,"comment_status":"open","ping_status":"closed","template":"","meta":[],"product_brand":[],"product_cat":[105],"product_tag":[],"class_list":{"0":"post-13677","1":"product","2":"type-product","3":"status-publish","4":"has-post-thumbnail","6":"product_cat-kimyasal-temizlik-urunleri","8":"first","9":"instock","10":"taxable","11":"shipping-taxable","12":"purchasable","13":"product-type-simple"},"jetpack_sharing_enabled":true,"_links":{"self":[{"href":"https:\/\/kroisosnumismatic.com\/tr\/wp-json\/wp\/v2\/product\/13677","targetHints":{"allow":["GET"]}}],"collection":[{"href":"https:\/\/kroisosnumismatic.com\/tr\/wp-json\/wp\/v2\/product"}],"about":[{"href":"https:\/\/kroisosnumismatic.com\/tr\/wp-json\/wp\/v2\/types\/product"}],"replies":[{"embeddable":true,"href":"https:\/\/kroisosnumismatic.com\/tr\/wp-json\/wp\/v2\/comments?post=13677"}],"version-history":[{"count":1,"href":"https:\/\/kroisosnumismatic.com\/tr\/wp-json\/wp\/v2\/product\/13677\/revisions"}],"predecessor-version":[{"id":13680,"href":"https:\/\/kroisosnumismatic.com\/tr\/wp-json\/wp\/v2\/product\/13677\/revisions\/13680"}],"wp:featuredmedia":[{"embeddable":true,"href":"https:\/\/kroisosnumismatic.com\/tr\/wp-json\/wp\/v2\/media\/13678"}],"wp:attachment":[{"href":"https:\/\/kroisosnumismatic.com\/tr\/wp-json\/wp\/v2\/media?parent=13677"}],"wp:term":[{"taxonomy":"product_brand","embeddable":true,"href":"https:\/\/kroisosnumismatic.com\/tr\/wp-json\/wp\/v2\/product_brand?post=13677"},{"taxonomy":"product_cat","embeddable":true,"href":"https:\/\/kroisosnumismatic.com\/tr\/wp-json\/wp\/v2\/product_cat?post=13677"},{"taxonomy":"product_tag","embeddable":true,"href":"https:\/\/kroisosnumismatic.com\/tr\/wp-json\/wp\/v2\/product_tag?post=13677"}],"curies":[{"name":"wp","href":"https:\/\/api.w.org\/{rel}","templated":true}]}}