{"id":13681,"date":"2025-04-25T10:26:09","date_gmt":"2025-04-25T10:26:09","guid":{"rendered":"https:\/\/kroisosnumismatic.com\/?post_type=product&#038;p=13681"},"modified":"2026-01-02T18:34:16","modified_gmt":"2026-01-02T18:34:16","slug":"n4-altin-temizleme-solusyonu-2","status":"publish","type":"product","link":"https:\/\/kroisosnumismatic.com\/tr\/shop\/n4-altin-temizleme-solusyonu-2\/","title":{"rendered":"N4 Alt\u0131n Temizleme Sol\u00fcsyonu"},"content":{"rendered":"<div class=\"product-tabs-wrapper\">\n<div class=\"container\">\n<div class=\"row\">\n<div class=\"col-12 poduct-tabs-inner\">\n<div class=\"woocommerce-tabs wc-tabs-wrapper tabs-layout-tabs\" data-state=\"first\" data-layout=\"tabs\">\n<div class=\"wd-accordion-item\">\n<div id=\"tab-description\" class=\"entry-content woocommerce-Tabs-panel woocommerce-Tabs-panel--description wd-active panel wc-tab\" role=\"tabpanel\" aria-labelledby=\"tab-title-description\" data-accordion-index=\"description\">\n<div class=\"wc-tab-inner\">\n<p>N4 sol\u00fcsyonu, 8 Ayar \u2013 333 mg \u00b7 14 Ayar \u2013 585 mg \u00b7 18 Ayar \u2013 750 mg \u00b7 21 Ayar \u2013 875 mg \u00b7 22 Ayar \u2013 916 mg \u00b7 24 Ayar \u2013 1000 mg ayarlar\u0131nda\u00a0 Au\/Cu yada Au\/Ag ala\u015f\u0131ml\u0131 madeni paralar, sikke ve metallerin, temizli\u011finde g\u00fcvenle kullan\u0131labilir. Uygulama 0,25 \u2013 6 saat aral\u0131\u011f\u0131nda periyodik kontrollerle yap\u0131labilir.<\/p>\n<\/div>\n<\/div>\n<\/div>\n<div class=\"wd-accordion-item\"><\/div>\n<div class=\"wd-accordion-item\"><\/div>\n<\/div>\n<\/div>\n<\/div>\n<\/div>\n<\/div>\n<div class=\"container related-and-upsells\">\n<div class=\"related-products\"><\/div>\n<\/div>\n","protected":false},"excerpt":{"rendered":"<p>N4 sol\u00fcsyonu, 8 Ayar \u2013 333 mg \u00b7 14 Ayar \u2013 585 mg \u00b7 18 Ayar \u2013 750 mg \u00b7<\/p>\n","protected":false},"featured_media":13682,"comment_status":"open","ping_status":"closed","template":"","meta":[],"product_brand":[],"product_cat":[105],"product_tag":[],"class_list":{"0":"post-13681","1":"product","2":"type-product","3":"status-publish","4":"has-post-thumbnail","6":"product_cat-kimyasal-temizlik-urunleri","8":"first","9":"instock","10":"taxable","11":"shipping-taxable","12":"purchasable","13":"product-type-simple"},"jetpack_sharing_enabled":true,"_links":{"self":[{"href":"https:\/\/kroisosnumismatic.com\/tr\/wp-json\/wp\/v2\/product\/13681","targetHints":{"allow":["GET"]}}],"collection":[{"href":"https:\/\/kroisosnumismatic.com\/tr\/wp-json\/wp\/v2\/product"}],"about":[{"href":"https:\/\/kroisosnumismatic.com\/tr\/wp-json\/wp\/v2\/types\/product"}],"replies":[{"embeddable":true,"href":"https:\/\/kroisosnumismatic.com\/tr\/wp-json\/wp\/v2\/comments?post=13681"}],"version-history":[{"count":1,"href":"https:\/\/kroisosnumismatic.com\/tr\/wp-json\/wp\/v2\/product\/13681\/revisions"}],"predecessor-version":[{"id":13684,"href":"https:\/\/kroisosnumismatic.com\/tr\/wp-json\/wp\/v2\/product\/13681\/revisions\/13684"}],"wp:featuredmedia":[{"embeddable":true,"href":"https:\/\/kroisosnumismatic.com\/tr\/wp-json\/wp\/v2\/media\/13682"}],"wp:attachment":[{"href":"https:\/\/kroisosnumismatic.com\/tr\/wp-json\/wp\/v2\/media?parent=13681"}],"wp:term":[{"taxonomy":"product_brand","embeddable":true,"href":"https:\/\/kroisosnumismatic.com\/tr\/wp-json\/wp\/v2\/product_brand?post=13681"},{"taxonomy":"product_cat","embeddable":true,"href":"https:\/\/kroisosnumismatic.com\/tr\/wp-json\/wp\/v2\/product_cat?post=13681"},{"taxonomy":"product_tag","embeddable":true,"href":"https:\/\/kroisosnumismatic.com\/tr\/wp-json\/wp\/v2\/product_tag?post=13681"}],"curies":[{"name":"wp","href":"https:\/\/api.w.org\/{rel}","templated":true}]}}