{"id":13685,"date":"2025-04-25T10:34:40","date_gmt":"2025-04-25T10:34:40","guid":{"rendered":"https:\/\/kroisosnumismatic.com\/?post_type=product&#038;p=13685"},"modified":"2026-01-02T18:33:49","modified_gmt":"2026-01-02T18:33:49","slug":"br-bakir-bronz-temizleme-solusyonu","status":"publish","type":"product","link":"https:\/\/kroisosnumismatic.com\/tr\/shop\/br-bakir-bronz-temizleme-solusyonu\/","title":{"rendered":"BR Bak\u0131r Bronz Temizleme Sol\u00fcsyonu"},"content":{"rendered":"<p>\u00dcr\u00fcn i\u00e7eri\u011finde\u00a0<strong>BR<\/strong>\u00a0<strong>Bak\u0131r, Bronz Temizlik Sol\u00fcsyonu<\/strong> (1 LT) bulunmaktad\u0131r. \u0130\u00e7eri\u011fi ve i\u015flevleri incelemek i\u00e7in <strong>BR<\/strong>\u00a0<strong>Bak\u0131r, Bronz Temizlik Sol\u00fcsyonu<\/strong> <strong>\u00a0<\/strong>veri tablosunu inceleyiniz.<\/p>\n<p>BR sol\u00fcsyonu, belirtilen kapsamda, ala\u015f\u0131ml\u0131 madeni paralar, sikke ve metallerin, temizli\u011finde g\u00fcvenle kullan\u0131labilir. Katmanlar\u0131n \u00e7\u00f6z\u00fclmesinde olduk\u00e7a etkilidir. Y\u00fczeyde k\u0131r\u0131lm\u0131\u015f, d\u00f6k\u00fclm\u00fc\u015f patin noktalar\u0131 varsa dikkatle kullan\u0131lmal\u0131 ve s\u0131k takip edilmelidir. Uygulama 0,25 \u2013 3 saat aral\u0131\u011f\u0131nda s\u0131k periyodik kontrollerle yap\u0131labilir.<\/p>\n<p>&nbsp;<\/p>\n","protected":false},"excerpt":{"rendered":"<p>\u00dcr\u00fcn i\u00e7eri\u011finde\u00a0BR\u00a0Bak\u0131r, Bronz Temizlik Sol\u00fcsyonu (1 LT) bulunmaktad\u0131r. \u0130\u00e7eri\u011fi ve i\u015flevleri incelemek i\u00e7in BR\u00a0Bak\u0131r, Bronz Temizlik Sol\u00fcsyonu \u00a0veri tablosunu inceleyiniz.<\/p>\n","protected":false},"featured_media":13686,"comment_status":"open","ping_status":"closed","template":"","meta":[],"product_brand":[],"product_cat":[105],"product_tag":[],"class_list":{"0":"post-13685","1":"product","2":"type-product","3":"status-publish","4":"has-post-thumbnail","6":"product_cat-kimyasal-temizlik-urunleri","8":"first","9":"instock","10":"taxable","11":"shipping-taxable","12":"purchasable","13":"product-type-simple"},"jetpack_sharing_enabled":true,"_links":{"self":[{"href":"https:\/\/kroisosnumismatic.com\/tr\/wp-json\/wp\/v2\/product\/13685","targetHints":{"allow":["GET"]}}],"collection":[{"href":"https:\/\/kroisosnumismatic.com\/tr\/wp-json\/wp\/v2\/product"}],"about":[{"href":"https:\/\/kroisosnumismatic.com\/tr\/wp-json\/wp\/v2\/types\/product"}],"replies":[{"embeddable":true,"href":"https:\/\/kroisosnumismatic.com\/tr\/wp-json\/wp\/v2\/comments?post=13685"}],"version-history":[{"count":1,"href":"https:\/\/kroisosnumismatic.com\/tr\/wp-json\/wp\/v2\/product\/13685\/revisions"}],"predecessor-version":[{"id":13688,"href":"https:\/\/kroisosnumismatic.com\/tr\/wp-json\/wp\/v2\/product\/13685\/revisions\/13688"}],"wp:featuredmedia":[{"embeddable":true,"href":"https:\/\/kroisosnumismatic.com\/tr\/wp-json\/wp\/v2\/media\/13686"}],"wp:attachment":[{"href":"https:\/\/kroisosnumismatic.com\/tr\/wp-json\/wp\/v2\/media?parent=13685"}],"wp:term":[{"taxonomy":"product_brand","embeddable":true,"href":"https:\/\/kroisosnumismatic.com\/tr\/wp-json\/wp\/v2\/product_brand?post=13685"},{"taxonomy":"product_cat","embeddable":true,"href":"https:\/\/kroisosnumismatic.com\/tr\/wp-json\/wp\/v2\/product_cat?post=13685"},{"taxonomy":"product_tag","embeddable":true,"href":"https:\/\/kroisosnumismatic.com\/tr\/wp-json\/wp\/v2\/product_tag?post=13685"}],"curies":[{"name":"wp","href":"https:\/\/api.w.org\/{rel}","templated":true}]}}