{"id":13693,"date":"2025-04-25T10:59:44","date_gmt":"2025-04-25T10:59:44","guid":{"rendered":"https:\/\/kroisosnumismatic.com\/?post_type=product&#038;p=13693"},"modified":"2026-01-02T18:31:49","modified_gmt":"2026-01-02T18:31:49","slug":"n3-gumus-patina-solusyonu","status":"publish","type":"product","link":"https:\/\/kroisosnumismatic.com\/tr\/shop\/n3-gumus-patina-solusyonu\/","title":{"rendered":"N3 G\u00fcm\u00fc\u015f Patina Sol\u00fcsyonu"},"content":{"rendered":"<div class=\"product-tabs-wrapper\">\n<div class=\"container\">\n<div class=\"row\">\n<div class=\"col-12 poduct-tabs-inner\">\n<div class=\"woocommerce-tabs wc-tabs-wrapper tabs-layout-tabs\" data-state=\"first\" data-layout=\"tabs\">\n<div class=\"wd-accordion-item\">\n<div id=\"tab-description\" class=\"entry-content woocommerce-Tabs-panel woocommerce-Tabs-panel--description wd-active panel wc-tab\" role=\"tabpanel\" aria-labelledby=\"tab-title-description\" data-accordion-index=\"description\">\n<div class=\"wc-tab-inner\">\n<p>N3 sol\u00fcsyonu, g\u00fcm\u00fc\u015f para, sikke ya da objelerde tamamen temizlenmi\u015f veya patina bozukluklar\u0131 olan y\u00fczeylerinin eski ve do\u011fal haline getirilmesi i\u00e7in \u00fcretilmi\u015ftir. Uygulamayla y\u00fczeyde do\u011fal bir G\u00fcm\u00fc\u015f Oksit (Ag\u2082O) katman\u0131 olu\u015fturur,\u00a0 g\u00f6rsel kusurlar\u0131 giderir, renk ve doku b\u00fct\u00fcnl\u00fc\u011f\u00fc sa\u011flar. \u00c7ok k\u0131sa s\u00fcrede sonu\u00e7 al\u0131n\u0131r, istenen patina tonuna g\u00f6re uygulama tekrarlanabilir.<\/p>\n<\/div>\n<\/div>\n<\/div>\n<div class=\"wd-accordion-item\"><\/div>\n<div class=\"wd-accordion-item\"><\/div>\n<\/div>\n<\/div>\n<\/div>\n<\/div>\n<\/div>\n<div class=\"container related-and-upsells\">\n<div class=\"related-products\"><\/div>\n<\/div>\n","protected":false},"excerpt":{"rendered":"<p>N3 sol\u00fcsyonu, g\u00fcm\u00fc\u015f para, sikke ya da objelerde tamamen temizlenmi\u015f veya patina bozukluklar\u0131 olan y\u00fczeylerinin eski ve do\u011fal haline getirilmesi<\/p>\n","protected":false},"featured_media":13694,"comment_status":"open","ping_status":"closed","template":"","meta":[],"product_brand":[],"product_cat":[107],"product_tag":[],"class_list":{"0":"post-13693","1":"product","2":"type-product","3":"status-publish","4":"has-post-thumbnail","6":"product_cat-patina-ve-renk-duzenleyiciler","8":"first","9":"instock","10":"taxable","11":"shipping-taxable","12":"purchasable","13":"product-type-simple"},"jetpack_sharing_enabled":true,"_links":{"self":[{"href":"https:\/\/kroisosnumismatic.com\/tr\/wp-json\/wp\/v2\/product\/13693","targetHints":{"allow":["GET"]}}],"collection":[{"href":"https:\/\/kroisosnumismatic.com\/tr\/wp-json\/wp\/v2\/product"}],"about":[{"href":"https:\/\/kroisosnumismatic.com\/tr\/wp-json\/wp\/v2\/types\/product"}],"replies":[{"embeddable":true,"href":"https:\/\/kroisosnumismatic.com\/tr\/wp-json\/wp\/v2\/comments?post=13693"}],"version-history":[{"count":2,"href":"https:\/\/kroisosnumismatic.com\/tr\/wp-json\/wp\/v2\/product\/13693\/revisions"}],"predecessor-version":[{"id":14212,"href":"https:\/\/kroisosnumismatic.com\/tr\/wp-json\/wp\/v2\/product\/13693\/revisions\/14212"}],"wp:featuredmedia":[{"embeddable":true,"href":"https:\/\/kroisosnumismatic.com\/tr\/wp-json\/wp\/v2\/media\/13694"}],"wp:attachment":[{"href":"https:\/\/kroisosnumismatic.com\/tr\/wp-json\/wp\/v2\/media?parent=13693"}],"wp:term":[{"taxonomy":"product_brand","embeddable":true,"href":"https:\/\/kroisosnumismatic.com\/tr\/wp-json\/wp\/v2\/product_brand?post=13693"},{"taxonomy":"product_cat","embeddable":true,"href":"https:\/\/kroisosnumismatic.com\/tr\/wp-json\/wp\/v2\/product_cat?post=13693"},{"taxonomy":"product_tag","embeddable":true,"href":"https:\/\/kroisosnumismatic.com\/tr\/wp-json\/wp\/v2\/product_tag?post=13693"}],"curies":[{"name":"wp","href":"https:\/\/api.w.org\/{rel}","templated":true}]}}