{"id":13768,"date":"2025-05-15T19:51:21","date_gmt":"2025-05-15T19:51:21","guid":{"rendered":"https:\/\/kroisosnumismatic.com\/?post_type=product&#038;p=13768"},"modified":"2026-02-28T11:08:32","modified_gmt":"2026-02-28T11:08:32","slug":"13768","status":"publish","type":"product","link":"https:\/\/kroisosnumismatic.com\/tr\/shop\/13768\/","title":{"rendered":"Amscope SM-4NTP Mikroskop \u00c7ift Kollu"},"content":{"rendered":"<p style=\"font-weight: 400;\"><u>AmScope SM-4NTP Full Mikroskop \u00c7ift Kollu<\/u><\/p>\n<p style=\"font-weight: 400;\">SM-4NTP, biyolojik ve end\u00fcstriyel uygulamalar i\u00e7in tasarlanm\u0131\u015f, a\u011f\u0131r hizmet tipi, olduk\u00e7a esnek bir mikroskoptur. Bu model, kullan\u0131m kolayl\u0131\u011f\u0131 ve g\u00fcvenilirli\u011fi sayesinde \u00f6zellikle kalite kontrol, onar\u0131m ve grav\u00fcr end\u00fcstrilerinde pop\u00fclerdir. Gerekti\u011finde tutarl\u0131 b\u00fcy\u00fctme sa\u011flamak i\u00e7in bir yak\u0131nla\u015ft\u0131rma kilidine sahiptir ve entegre diyoptrik ayarlay\u0131c\u0131lar yerine odaklanabilir g\u00f6z mercekleri kullan\u0131r. Geni\u015f zoom aral\u0131\u011f\u0131 ve \u00e7ift kollu boom stand\u0131 ile bu model, herhangi bir at\u00f6lye veya laboratuvarda vazge\u00e7ilmez bir enstr\u00fcman haline gelecektir. Trinok\u00fcler foto-port simultane odakl\u0131d\u0131r, bu nedenle her iki ok\u00fcler ile ayn\u0131 anda kullan\u0131labilir.<\/p>\n<p style=\"font-weight: 400;\"><u>Ana \u00d6zellikler<\/u><\/p>\n<ul style=\"font-weight: 400;\">\n<li>Y\u00fcksek kaliteli stereoskopik objektif lensler kullan\u0131larak 7X-45X zoom b\u00fcy\u00fctme sa\u011flar.<\/li>\n<li>Mikroskop 4&#8243; (100mm) \u00e7al\u0131\u015fma mesafesi sa\u011flar.<\/li>\n<li>A\u011f\u0131r hizmet tipi, \u00e7ok eksenli bir boom-stand\u0131 \u00fczerinde \u00e7ok y\u00f6nl\u00fc bir stereo mikroskop olup; gerekti\u011finde kolayca yerine oturmas\u0131n\u0131, gerekti\u011finde uzakla\u015fmas\u0131n\u0131 sa\u011flar.<\/li>\n<li>Tutarl\u0131 bir b\u00fcy\u00fctme sa\u011flamak i\u00e7in zoom lensleri kilitlenebilir.<\/li>\n<li>Stereo optik, net alan derinli\u011fi ve geni\u015f bir g\u00f6r\u00fc\u015f ile dik g\u00f6r\u00fcnt\u00fcler sa\u011flar.<\/li>\n<li>Bir adet kamera i\u00e7in \u00f6zel bir montaj yeri mevcuttur ve her iki g\u00f6z merce\u011fiyle ayn\u0131 anda kullan\u0131labilir.<\/li>\n<li>Bu mikroskop laboratuvarlar, tamir at\u00f6lyeleri ve grav\u00fcrc\u00fcler i\u00e7in idealdir.<\/li>\n<\/ul>\n<p style=\"font-weight: 400;\"><u>Optik<\/u><\/p>\n<p style=\"font-weight: 400;\">Stereo optik, m\u00fckemmel odak derinli\u011fi ve geni\u015f bir \u00e7al\u0131\u015fma mesafesi ile net, keskin g\u00f6r\u00fcnt\u00fcler sa\u011flar. 10X geni\u015f alanl\u0131 g\u00f6z mercekleri, g\u00f6zl\u00fck veya g\u00f6zl\u00fckleri yerle\u015ftirmek i\u00e7in y\u00fcksek g\u00f6z noktas\u0131 optikleriyle 7X ile 45X aras\u0131nda geni\u015f bir b\u00fcy\u00fctme aral\u0131\u011f\u0131 sa\u011flar.<\/p>\n<p style=\"font-weight: 400;\"><u>Ok\u00fcler Ayar<\/u><\/p>\n<p style=\"font-weight: 400;\">Ok\u00fcler t\u00fcpler diyoptrik ayarlay\u0131c\u0131larla donat\u0131lmam\u0131\u015ft\u0131r, bu nedenle odak daha tutarl\u0131d\u0131r. G\u00f6r\u00fc\u015f d\u00fczensizliklerini telafi etmek i\u00e7in odaklanabilir g\u00f6z mercekleri dahildir ve \u00e7e\u015fitli iste\u011fe ba\u011fl\u0131 b\u00fcy\u00fctmeler de mevcuttur. D\u00f6ner g\u00f6zbebekleri aras\u0131 ayarlay\u0131c\u0131lar, her kullan\u0131c\u0131 i\u00e7in g\u00f6z merce\u011fini hizalama i\u015flemini basitle\u015ftirir.<\/p>\n<p style=\"font-weight: 400;\"><u>Simul-fokal Trinok\u00fcler Port<\/u><\/p>\n<p style=\"font-weight: 400;\">Siz stereoskopik g\u00f6r\u00fc\u015fle \u00e7al\u0131\u015fmaya devam ederken bir kameran\u0131n mikroskoptan canl\u0131 g\u00f6r\u00fcnt\u00fcler aktarabilir. Bu, sol objektif lensi sol ok\u00fcler ve foto-port ile payla\u015farak ger\u00e7ekle\u015ftirilir. Bu mikroskop, CX serisi trinok\u00fcler ba\u011flant\u0131 noktam\u0131z\u0131 kullan\u0131r, b\u00f6ylece belirli kameralara uymas\u0131 i\u00e7in iste\u011fe ba\u011fl\u0131 C montajl\u0131 ba\u011flant\u0131 noktalar\u0131yla kolayca de\u011fi\u015ftirilebilir.<\/p>\n<p style=\"font-weight: 400;\"><u>\u00c7ift kollu Boom-Stand<\/u><\/p>\n<p style=\"font-weight: 400;\">\u00c7ok eksenli, \u00e7ift kollu stand, uygulamal\u0131 \u00e7al\u0131\u015fma i\u00e7in ideal olan sabit, esnek bir destek sistemi sa\u011flar. A\u00e7\u0131l\u0131r bir s\u00fctunun kullan\u0131lmas\u0131, ba\u015fl\u0131\u011f\u0131n hemen hemen her a\u00e7\u0131da konumland\u0131r\u0131lmas\u0131n\u0131 sa\u011flar. Bilyal\u0131 yatak, yan kollar\u0131n d\u00fczg\u00fcn hareket etmesini sa\u011flar, bu da gerekli de\u011filse mikroskobu kolayca yoldan \u00e7ekebilir. A\u011f\u0131r \u00e7elik taban, ata\u015fmanlarla dolu oldu\u011funda bile mikroskobun stabilitesini sa\u011flar.<\/p>\n","protected":false},"excerpt":{"rendered":"<p>AmScope SM-4NTP Full Mikroskop \u00c7ift Kollu SM-4NTP, biyolojik ve end\u00fcstriyel uygulamalar i\u00e7in tasarlanm\u0131\u015f, a\u011f\u0131r hizmet tipi, olduk\u00e7a esnek bir mikroskoptur.<\/p>\n","protected":false},"featured_media":13769,"comment_status":"open","ping_status":"closed","template":"","meta":[],"product_brand":[],"product_cat":[109,104,108],"product_tag":[],"class_list":{"0":"post-13768","1":"product","2":"type-product","3":"status-publish","4":"has-post-thumbnail","6":"product_cat-diger-urunler","7":"product_cat-mekanik-temizlik-urunleri","8":"product_cat-numizmatik-urunleri","10":"first","11":"instock","12":"taxable","13":"shipping-taxable","14":"purchasable","15":"product-type-simple"},"jetpack_sharing_enabled":true,"_links":{"self":[{"href":"https:\/\/kroisosnumismatic.com\/tr\/wp-json\/wp\/v2\/product\/13768","targetHints":{"allow":["GET"]}}],"collection":[{"href":"https:\/\/kroisosnumismatic.com\/tr\/wp-json\/wp\/v2\/product"}],"about":[{"href":"https:\/\/kroisosnumismatic.com\/tr\/wp-json\/wp\/v2\/types\/product"}],"replies":[{"embeddable":true,"href":"https:\/\/kroisosnumismatic.com\/tr\/wp-json\/wp\/v2\/comments?post=13768"}],"version-history":[{"count":3,"href":"https:\/\/kroisosnumismatic.com\/tr\/wp-json\/wp\/v2\/product\/13768\/revisions"}],"predecessor-version":[{"id":13772,"href":"https:\/\/kroisosnumismatic.com\/tr\/wp-json\/wp\/v2\/product\/13768\/revisions\/13772"}],"wp:featuredmedia":[{"embeddable":true,"href":"https:\/\/kroisosnumismatic.com\/tr\/wp-json\/wp\/v2\/media\/13769"}],"wp:attachment":[{"href":"https:\/\/kroisosnumismatic.com\/tr\/wp-json\/wp\/v2\/media?parent=13768"}],"wp:term":[{"taxonomy":"product_brand","embeddable":true,"href":"https:\/\/kroisosnumismatic.com\/tr\/wp-json\/wp\/v2\/product_brand?post=13768"},{"taxonomy":"product_cat","embeddable":true,"href":"https:\/\/kroisosnumismatic.com\/tr\/wp-json\/wp\/v2\/product_cat?post=13768"},{"taxonomy":"product_tag","embeddable":true,"href":"https:\/\/kroisosnumismatic.com\/tr\/wp-json\/wp\/v2\/product_tag?post=13768"}],"curies":[{"name":"wp","href":"https:\/\/api.w.org\/{rel}","templated":true}]}}