{"id":13781,"date":"2025-05-16T07:48:56","date_gmt":"2025-05-16T07:48:56","guid":{"rendered":"https:\/\/kroisosnumismatic.com\/?post_type=product&#038;p=13781"},"modified":"2026-02-28T11:01:42","modified_gmt":"2026-02-28T11:01:42","slug":"ultrasonik-yikama-makinesi","status":"publish","type":"product","link":"https:\/\/kroisosnumismatic.com\/tr\/shop\/ultrasonik-yikama-makinesi\/","title":{"rendered":"Ultrasonik Y\u0131kama Makinesi"},"content":{"rendered":"<p>Ultrasonik Temizleyici Banyo<\/p>\n<p>Y\u0131kama Cihaz\u0131 Sepetli 4,5L &#8211; Dijital Su Banyosu &#8211; Paslanmaz \u00c7elik &#8211; Garantili ve S\u0131f\u0131r \u00dcr\u00fcn &#8211; Pakete 4,5 Litre Sepet Dahildir,<br \/>\nRestorayon ve Konservasyon Laboratuvarlar\u0131, Kuyumculuk, Di\u015f Laboratuvarlar\u0131, Hastaneler, End\u00fcstriyel Fabrikalar v.b. Yerler Kullan\u0131lan Sekt\u00f6rler Aras\u0131ndad\u0131r ,<br \/>\nIs\u0131tma G\u00fcc\u00fc: 200 Watt &#8211; Ultrasonik G\u00fc\u00e7: 180 Watt &#8211; Termostat: 20-80\u00b0C &#8211; 30 Dk Zamanlay\u0131c\u0131 &#8211; Cihaz: 325x180x225mm Tank: 300x150x100mm<\/p>\n<p>Y\u00fcksek Frekans \u0130le Kirli , Tozlu, Tortu kapl\u0131, Ya\u011fl\u0131, par\u00e7alar temizlenebilir ,<\/p>\n<p>Gaz Giderme Ve Yar\u0131 Dalga G\u00fc\u00e7 \u00d6zelli\u011fi ile,<\/p>\n","protected":false},"excerpt":{"rendered":"<p>Ultrasonik Temizleyici Banyo Y\u0131kama Cihaz\u0131 Sepetli 4,5L &#8211; Dijital Su Banyosu &#8211; Paslanmaz \u00c7elik &#8211; Garantili ve S\u0131f\u0131r \u00dcr\u00fcn &#8211;<\/p>\n","protected":false},"featured_media":13782,"comment_status":"open","ping_status":"closed","template":"","meta":[],"product_brand":[],"product_cat":[109,105,20,104,108],"product_tag":[],"class_list":{"0":"post-13781","1":"product","2":"type-product","3":"status-publish","4":"has-post-thumbnail","6":"product_cat-diger-urunler","7":"product_cat-kimyasal-temizlik-urunleri","8":"product_cat-kroisos","9":"product_cat-mekanik-temizlik-urunleri","10":"product_cat-numizmatik-urunleri","12":"first","13":"instock","14":"taxable","15":"shipping-taxable","16":"purchasable","17":"product-type-simple"},"jetpack_sharing_enabled":true,"_links":{"self":[{"href":"https:\/\/kroisosnumismatic.com\/tr\/wp-json\/wp\/v2\/product\/13781","targetHints":{"allow":["GET"]}}],"collection":[{"href":"https:\/\/kroisosnumismatic.com\/tr\/wp-json\/wp\/v2\/product"}],"about":[{"href":"https:\/\/kroisosnumismatic.com\/tr\/wp-json\/wp\/v2\/types\/product"}],"replies":[{"embeddable":true,"href":"https:\/\/kroisosnumismatic.com\/tr\/wp-json\/wp\/v2\/comments?post=13781"}],"version-history":[{"count":2,"href":"https:\/\/kroisosnumismatic.com\/tr\/wp-json\/wp\/v2\/product\/13781\/revisions"}],"predecessor-version":[{"id":14249,"href":"https:\/\/kroisosnumismatic.com\/tr\/wp-json\/wp\/v2\/product\/13781\/revisions\/14249"}],"wp:featuredmedia":[{"embeddable":true,"href":"https:\/\/kroisosnumismatic.com\/tr\/wp-json\/wp\/v2\/media\/13782"}],"wp:attachment":[{"href":"https:\/\/kroisosnumismatic.com\/tr\/wp-json\/wp\/v2\/media?parent=13781"}],"wp:term":[{"taxonomy":"product_brand","embeddable":true,"href":"https:\/\/kroisosnumismatic.com\/tr\/wp-json\/wp\/v2\/product_brand?post=13781"},{"taxonomy":"product_cat","embeddable":true,"href":"https:\/\/kroisosnumismatic.com\/tr\/wp-json\/wp\/v2\/product_cat?post=13781"},{"taxonomy":"product_tag","embeddable":true,"href":"https:\/\/kroisosnumismatic.com\/tr\/wp-json\/wp\/v2\/product_tag?post=13781"}],"curies":[{"name":"wp","href":"https:\/\/api.w.org\/{rel}","templated":true}]}}