{"id":13923,"date":"2025-05-20T10:15:50","date_gmt":"2025-05-20T10:15:50","guid":{"rendered":"https:\/\/kroisosnumismatic.com\/?post_type=product&#038;p=13923"},"modified":"2026-01-02T18:25:45","modified_gmt":"2026-01-02T18:25:45","slug":"b72-paraloid-koruyucu-solusyon-1lt","status":"publish","type":"product","link":"https:\/\/kroisosnumismatic.com\/tr\/shop\/b72-paraloid-koruyucu-solusyon-1lt\/","title":{"rendered":"B72 Paraloid Koruyucu Sol\u00fcsyon 1Lt"},"content":{"rendered":"<p>Objelerin korunmas\u0131 amac\u0131yla kullan\u0131lan koruma sa\u011flayan akrilik re\u00e7ine sol\u00fcsyonudur. Koruma materyalleri aras\u0131nda \u00f6nde gelen re\u00e7ine sol\u00fcsyonumuz y\u00fczeyde film olu\u015fturarak oksidasyonu keser.<\/p>\n","protected":false},"excerpt":{"rendered":"<p>Objelerin korunmas\u0131 amac\u0131yla kullan\u0131lan koruma sa\u011flayan akrilik re\u00e7ine sol\u00fcsyonudur. Koruma materyalleri aras\u0131nda \u00f6nde gelen re\u00e7ine sol\u00fcsyonumuz y\u00fczeyde film olu\u015fturarak oksidasyonu<\/p>\n","protected":false},"featured_media":13698,"comment_status":"open","ping_status":"closed","template":"","meta":[],"product_brand":[],"product_cat":[106,20],"product_tag":[],"class_list":{"0":"post-13923","1":"product","2":"type-product","3":"status-publish","4":"has-post-thumbnail","6":"product_cat-koruyucu-urunler","7":"product_cat-kroisos","9":"first","10":"instock","11":"taxable","12":"shipping-taxable","13":"purchasable","14":"product-type-simple"},"jetpack_sharing_enabled":true,"_links":{"self":[{"href":"https:\/\/kroisosnumismatic.com\/tr\/wp-json\/wp\/v2\/product\/13923","targetHints":{"allow":["GET"]}}],"collection":[{"href":"https:\/\/kroisosnumismatic.com\/tr\/wp-json\/wp\/v2\/product"}],"about":[{"href":"https:\/\/kroisosnumismatic.com\/tr\/wp-json\/wp\/v2\/types\/product"}],"replies":[{"embeddable":true,"href":"https:\/\/kroisosnumismatic.com\/tr\/wp-json\/wp\/v2\/comments?post=13923"}],"version-history":[{"count":1,"href":"https:\/\/kroisosnumismatic.com\/tr\/wp-json\/wp\/v2\/product\/13923\/revisions"}],"predecessor-version":[{"id":13924,"href":"https:\/\/kroisosnumismatic.com\/tr\/wp-json\/wp\/v2\/product\/13923\/revisions\/13924"}],"wp:featuredmedia":[{"embeddable":true,"href":"https:\/\/kroisosnumismatic.com\/tr\/wp-json\/wp\/v2\/media\/13698"}],"wp:attachment":[{"href":"https:\/\/kroisosnumismatic.com\/tr\/wp-json\/wp\/v2\/media?parent=13923"}],"wp:term":[{"taxonomy":"product_brand","embeddable":true,"href":"https:\/\/kroisosnumismatic.com\/tr\/wp-json\/wp\/v2\/product_brand?post=13923"},{"taxonomy":"product_cat","embeddable":true,"href":"https:\/\/kroisosnumismatic.com\/tr\/wp-json\/wp\/v2\/product_cat?post=13923"},{"taxonomy":"product_tag","embeddable":true,"href":"https:\/\/kroisosnumismatic.com\/tr\/wp-json\/wp\/v2\/product_tag?post=13923"}],"curies":[{"name":"wp","href":"https:\/\/api.w.org\/{rel}","templated":true}]}}